{"id":1280,"date":"2000-09-04T00:00:00","date_gmt":"2000-09-04T00:00:00","guid":{"rendered":"https:\/\/miners.rocks\/product\/312\/"},"modified":"2020-05-19T16:57:06","modified_gmt":"2020-05-19T16:57:06","slug":"collier-opale-boulder-2","status":"publish","type":"product","link":"https:\/\/westgem.shop\/fr\/produit\/collier-opale-boulder-2\/","title":{"rendered":"BOULDER OPAL Collier"},"content":{"rendered":"<p>Tr\u00e8s beau BOULDER OPAL des CHAMPS D'OPALS australiens du Queensland.<\/p>\n<p>La pierre a \u00e9t\u00e9 taill\u00e9e et polie en OBERSTEIN IDAR et montre \" Greenfire\".<\/p>\n<p>L'OPAL est perc\u00e9 transversalement et mont\u00e9 sur un collier en argent pur \/ rhodi\u00e9 (Made in Germany !).<\/p>\n<p>Dimensions : La longueur du collier est de 42 cm, ce qui convient parfaitement \u00e0 un tour de cou normal. L'OPAL mesure 2,5 x 2,5 cm.<\/p>\n<p>Un bijou extr\u00eamement attrayant pour les porteuses extravagantes .<\/p>\n<p>Bien s\u00fbr, une pi\u00e8ce absolument unique !<\/p>","protected":false},"excerpt":{"rendered":"<p>Tr\u00e8s bel OPAL BOULDER provenant des CHAMPS D'OPALS australiens du Queensland. La pierre a \u00e9t\u00e9 taill\u00e9e et polie en OBERSTE IDAR et montre \"Greenfire\" L'OPAL est perc\u00e9 transversalement et mont\u00e9 sur un collier en argent pur \/ rhodi\u00e9 ( Made in Germany !) Dimensions : La longueur du collier est de 42 cm - juste ce qu'il faut pour un tour de cou normal. Le [...]<\/p>","protected":false},"featured_media":1281,"template":"","meta":{"_acf_changed":false},"region":[],"product_brand":[],"product_cat":[15],"product_tag":[],"class_list":{"0":"post-1280","1":"product","2":"type-product","3":"status-publish","4":"has-post-thumbnail","6":"product_cat-mineralien","8":"first","9":"outofstock","10":"sold-individually","11":"product-type-simple"},"acf":[],"_links":{"self":[{"href":"https:\/\/westgem.shop\/fr\/wp-json\/wp\/v2\/product\/1280","targetHints":{"allow":["GET"]}}],"collection":[{"href":"https:\/\/westgem.shop\/fr\/wp-json\/wp\/v2\/product"}],"about":[{"href":"https:\/\/westgem.shop\/fr\/wp-json\/wp\/v2\/types\/product"}],"wp:featuredmedia":[{"embeddable":true,"href":"https:\/\/westgem.shop\/fr\/wp-json\/wp\/v2\/media\/1281"}],"wp:attachment":[{"href":"https:\/\/westgem.shop\/fr\/wp-json\/wp\/v2\/media?parent=1280"}],"wp:term":[{"taxonomy":"region","embeddable":true,"href":"https:\/\/westgem.shop\/fr\/wp-json\/wp\/v2\/region?post=1280"},{"taxonomy":"product_brand","embeddable":true,"href":"https:\/\/westgem.shop\/fr\/wp-json\/wp\/v2\/product_brand?post=1280"},{"taxonomy":"product_cat","embeddable":true,"href":"https:\/\/westgem.shop\/fr\/wp-json\/wp\/v2\/product_cat?post=1280"},{"taxonomy":"product_tag","embeddable":true,"href":"https:\/\/westgem.shop\/fr\/wp-json\/wp\/v2\/product_tag?post=1280"}],"curies":[{"name":"wp","href":"https:\/\/api.w.org\/{rel}","templated":true}]}}