{"id":1283,"date":"2000-09-05T00:00:00","date_gmt":"2000-09-05T00:00:00","guid":{"rendered":"https:\/\/miners.rocks\/product\/313\/"},"modified":"2020-05-19T16:57:07","modified_gmt":"2020-05-19T16:57:07","slug":"chalcdedon-silex-poli","status":"publish","type":"product","link":"https:\/\/westgem.shop\/fr\/produit\/chalcdedon-silex-poli\/","title":{"rendered":"PIERRE DE CHALCDEDON - Polie"},"content":{"rendered":"<p>Magnifique - PIERRE CHALCEDONE polie de MADAGASCAR :<\/p>\n<p>PRODUIT TOP - PRIX TOP .<\/p>\n<p>La description d\u00e9taill\u00e9e des PIERRES FEU multicolores et polychromes se trouve sous l'art. RO - 017 PIERRES BRUTES naturelles.<\/p>\n<p>le poids de cette pi\u00e8ce est de 1,2 kilogramme<\/p>\n<p>Dimensions:14 x 11 x 9 cm<\/p>\n<p>L'image 4 est la face arri\u00e8re<\/p>","protected":false},"excerpt":{"rendered":"<p>Magnifique PIERRE CHALCEDON polie de MADAGASCAR : TOP DES MARCHANDISES - TOP DES PRIX . La description d\u00e9taill\u00e9e des PIERRES DE FEU polychromes multicolores se trouve sous l'Art. RO - 017 PIERRE \u00c0 FEU - PRODUITS bruts nature. Le poids de cette pi\u00e8ce est de 1,2 kilogramme. Dimensions : 14 x 11 x 9 cm.<\/p>","protected":false},"featured_media":1284,"template":"","meta":{"_acf_changed":false},"region":[],"product_brand":[],"product_cat":[15],"product_tag":[],"class_list":{"0":"post-1283","1":"product","2":"type-product","3":"status-publish","4":"has-post-thumbnail","6":"product_cat-mineralien","8":"first","9":"outofstock","10":"sold-individually","11":"product-type-simple"},"acf":[],"_links":{"self":[{"href":"https:\/\/westgem.shop\/fr\/wp-json\/wp\/v2\/product\/1283","targetHints":{"allow":["GET"]}}],"collection":[{"href":"https:\/\/westgem.shop\/fr\/wp-json\/wp\/v2\/product"}],"about":[{"href":"https:\/\/westgem.shop\/fr\/wp-json\/wp\/v2\/types\/product"}],"wp:featuredmedia":[{"embeddable":true,"href":"https:\/\/westgem.shop\/fr\/wp-json\/wp\/v2\/media\/1284"}],"wp:attachment":[{"href":"https:\/\/westgem.shop\/fr\/wp-json\/wp\/v2\/media?parent=1283"}],"wp:term":[{"taxonomy":"region","embeddable":true,"href":"https:\/\/westgem.shop\/fr\/wp-json\/wp\/v2\/region?post=1283"},{"taxonomy":"product_brand","embeddable":true,"href":"https:\/\/westgem.shop\/fr\/wp-json\/wp\/v2\/product_brand?post=1283"},{"taxonomy":"product_cat","embeddable":true,"href":"https:\/\/westgem.shop\/fr\/wp-json\/wp\/v2\/product_cat?post=1283"},{"taxonomy":"product_tag","embeddable":true,"href":"https:\/\/westgem.shop\/fr\/wp-json\/wp\/v2\/product_tag?post=1283"}],"curies":[{"name":"wp","href":"https:\/\/api.w.org\/{rel}","templated":true}]}}