{"id":1288,"date":"2000-09-06T00:00:00","date_gmt":"2000-09-06T00:00:00","guid":{"rendered":"https:\/\/miners.rocks\/product\/314\/"},"modified":"2020-05-19T16:57:07","modified_gmt":"2020-05-19T16:57:07","slug":"verst-bois-top-polish","status":"publish","type":"product","link":"https:\/\/westgem.shop\/fr\/produit\/verst-bois-top-polish\/","title":{"rendered":"Verst. BOIS - TOP POLISH"},"content":{"rendered":"<p>Excellente PLITURE - pi\u00e8ce DECO tr\u00e8s attractive d'un BOIS PERFOR\u00c9 de 100 millions d'ann\u00e9es du Mt. Bity \u00e0 Madagascar.<\/p>\n<p>Les LONGS EN PIERRE de cette qualit\u00e9, avec de telles couleurs, sont rares.<\/p>\n<p>En moyenne, les pi\u00e8ces de bois p\u00e9trifi\u00e9 propos\u00e9es sont plut\u00f4t discr\u00e8tes, de couleur grise - blanche ou noire.<\/p>\n<p>Les bois de belle couleur sont g\u00e9n\u00e9ralement issus d'ARIZONA et de NEVADA (difficiles \u00e0 trouver et souvent relativement chers).<\/p>\n<p>Cette pi\u00e8ce p\u00e8se 800 grammes, soit 0,8 kilogramme.<\/p>\n<p>Dimensions : 12 x 10 x 4 cm<\/p>","protected":false},"excerpt":{"rendered":"<p>Excellente PLITURE - pi\u00e8ce DEKO tr\u00e8s attractive d'un bois p\u00e9trifi\u00e9 de 100 millions d'ann\u00e9es du Mt. Bity \u00e0 Madagascar. Les bois p\u00e9trifi\u00e9s de cette qualit\u00e9, avec de si belles couleurs, sont rares. En moyenne, les pi\u00e8ces de bois p\u00e9trifi\u00e9 propos\u00e9es sont plut\u00f4t grises, blanches ou noires. Les bois de belle couleur sont g\u00e9n\u00e9ralement en [...].<\/p>","protected":false},"featured_media":1289,"template":"","meta":{"_acf_changed":false},"region":[],"product_brand":[],"product_cat":[15],"product_tag":[],"class_list":{"0":"post-1288","1":"product","2":"type-product","3":"status-publish","4":"has-post-thumbnail","6":"product_cat-mineralien","8":"first","9":"outofstock","10":"sold-individually","11":"product-type-simple"},"acf":[],"_links":{"self":[{"href":"https:\/\/westgem.shop\/fr\/wp-json\/wp\/v2\/product\/1288","targetHints":{"allow":["GET"]}}],"collection":[{"href":"https:\/\/westgem.shop\/fr\/wp-json\/wp\/v2\/product"}],"about":[{"href":"https:\/\/westgem.shop\/fr\/wp-json\/wp\/v2\/types\/product"}],"wp:featuredmedia":[{"embeddable":true,"href":"https:\/\/westgem.shop\/fr\/wp-json\/wp\/v2\/media\/1289"}],"wp:attachment":[{"href":"https:\/\/westgem.shop\/fr\/wp-json\/wp\/v2\/media?parent=1288"}],"wp:term":[{"taxonomy":"region","embeddable":true,"href":"https:\/\/westgem.shop\/fr\/wp-json\/wp\/v2\/region?post=1288"},{"taxonomy":"product_brand","embeddable":true,"href":"https:\/\/westgem.shop\/fr\/wp-json\/wp\/v2\/product_brand?post=1288"},{"taxonomy":"product_cat","embeddable":true,"href":"https:\/\/westgem.shop\/fr\/wp-json\/wp\/v2\/product_cat?post=1288"},{"taxonomy":"product_tag","embeddable":true,"href":"https:\/\/westgem.shop\/fr\/wp-json\/wp\/v2\/product_tag?post=1288"}],"curies":[{"name":"wp","href":"https:\/\/api.w.org\/{rel}","templated":true}]}}