{"id":1292,"date":"2000-09-07T00:00:00","date_gmt":"2000-09-07T00:00:00","guid":{"rendered":"https:\/\/miners.rocks\/product\/315\/"},"modified":"2020-05-19T16:57:09","modified_gmt":"2020-05-19T16:57:09","slug":"1a-tigereisen-australie","status":"publish","type":"product","link":"https:\/\/westgem.shop\/fr\/produit\/1a-tigereisen-australie\/","title":{"rendered":"1A Tigereisen - Australie"},"content":{"rendered":"<p>Le fer tigr\u00e9 n'est pas un min\u00e9ral unique, mais un m\u00e9lange de diff\u00e9rentes proportions de jaspe brun rouge\u00e2tre, de couches de magn\u00e9tite aux reflets m\u00e9talliques et d'\u0153il de tigre aux reflets dor\u00e9s.<\/p>\n<p>Les diff\u00e9rentes couches sont en partie courb\u00e9es par des d\u00e9formations sous pression et l'\u0153il de tigre lumineux en particulier est alors encore plus int\u00e9ressant.<\/p>\n<p>Cette pi\u00e8ce est taill\u00e9e et polie avec soin - la mati\u00e8re premi\u00e8re provient des gisements du nord de l'Australie.<\/p>\n<p>Poids 330 grammes Dimensions : 8 x 6 x 4 cm<\/p>","protected":false},"excerpt":{"rendered":"<p>Le fer tigr\u00e9 n'est pas un min\u00e9ral unique, mais un m\u00e9lange de diff\u00e9rentes proportions de jaspe brun rouge\u00e2tre, de couches de magn\u00e9tite aux reflets m\u00e9talliques et d'\u0153il de tigre aux reflets dor\u00e9s. Les diff\u00e9rentes couches sont en partie courb\u00e9es par des d\u00e9formations sous pression, ce qui rend l'\u0153il de tigre encore plus int\u00e9ressant. Cette pi\u00e8ce est taill\u00e9e et polie de premi\u00e8re qualit\u00e9 - la mati\u00e8re premi\u00e8re provient des gisements [...].<\/p>","protected":false},"featured_media":1293,"template":"","meta":{"_acf_changed":false},"region":[],"product_brand":[],"product_cat":[15],"product_tag":[],"class_list":{"0":"post-1292","1":"product","2":"type-product","3":"status-publish","4":"has-post-thumbnail","6":"product_cat-mineralien","8":"first","9":"outofstock","10":"sold-individually","11":"product-type-simple"},"acf":[],"_links":{"self":[{"href":"https:\/\/westgem.shop\/fr\/wp-json\/wp\/v2\/product\/1292","targetHints":{"allow":["GET"]}}],"collection":[{"href":"https:\/\/westgem.shop\/fr\/wp-json\/wp\/v2\/product"}],"about":[{"href":"https:\/\/westgem.shop\/fr\/wp-json\/wp\/v2\/types\/product"}],"wp:featuredmedia":[{"embeddable":true,"href":"https:\/\/westgem.shop\/fr\/wp-json\/wp\/v2\/media\/1293"}],"wp:attachment":[{"href":"https:\/\/westgem.shop\/fr\/wp-json\/wp\/v2\/media?parent=1292"}],"wp:term":[{"taxonomy":"region","embeddable":true,"href":"https:\/\/westgem.shop\/fr\/wp-json\/wp\/v2\/region?post=1292"},{"taxonomy":"product_brand","embeddable":true,"href":"https:\/\/westgem.shop\/fr\/wp-json\/wp\/v2\/product_brand?post=1292"},{"taxonomy":"product_cat","embeddable":true,"href":"https:\/\/westgem.shop\/fr\/wp-json\/wp\/v2\/product_cat?post=1292"},{"taxonomy":"product_tag","embeddable":true,"href":"https:\/\/westgem.shop\/fr\/wp-json\/wp\/v2\/product_tag?post=1292"}],"curies":[{"name":"wp","href":"https:\/\/api.w.org\/{rel}","templated":true}]}}