{"id":1296,"date":"2000-09-08T00:00:00","date_gmt":"2000-09-08T00:00:00","guid":{"rendered":"https:\/\/miners.rocks\/product\/316\/"},"modified":"2020-05-19T16:57:09","modified_gmt":"2020-05-19T16:57:09","slug":"1a-fer-de-tigre-ponce","status":"publish","type":"product","link":"https:\/\/westgem.shop\/fr\/produit\/1a-fer-de-tigre-ponce\/","title":{"rendered":"1A Fer de tigre - aiguis\u00e9"},"content":{"rendered":"<p>Fer fin de tigre - grande pierre d\u00e9corative - attrayant aussi comme presse-papiers sur une table de bureau ......<\/p>\n<p>La mati\u00e8re premi\u00e8re se trouve \u00e0 Ord Ranges, dans le nord de l'Australie.<\/p>\n<p>Description pour l'art. DS - 042<\/p>\n<p>Taill\u00e9 \u00e0 la main et poli 1 A.<\/p>\n<p>Poids : 290 g Dimensions : 8 x 5 x 3,5 cm<\/p>","protected":false},"excerpt":{"rendered":"<p>Fer fin de tigre - grande pierre d\u00e9corative - attractive aussi comme presse-papiers sur une table de bureau ...... Le lieu de d\u00e9couverte de la mati\u00e8re premi\u00e8re est Ord Ranges en Australie du Nord . Description \u00e0 l'art. DS - 042 Taill\u00e9 \u00e0 la main et poli 1 A. Poids : 290 g Dimensions : 8 x 5 x 3,5 cm<\/p>","protected":false},"featured_media":1297,"template":"","meta":{"_acf_changed":false},"region":[],"product_brand":[],"product_cat":[15],"product_tag":[],"class_list":{"0":"post-1296","1":"product","2":"type-product","3":"status-publish","4":"has-post-thumbnail","6":"product_cat-mineralien","8":"first","9":"outofstock","10":"sold-individually","11":"product-type-simple"},"acf":[],"_links":{"self":[{"href":"https:\/\/westgem.shop\/fr\/wp-json\/wp\/v2\/product\/1296","targetHints":{"allow":["GET"]}}],"collection":[{"href":"https:\/\/westgem.shop\/fr\/wp-json\/wp\/v2\/product"}],"about":[{"href":"https:\/\/westgem.shop\/fr\/wp-json\/wp\/v2\/types\/product"}],"wp:featuredmedia":[{"embeddable":true,"href":"https:\/\/westgem.shop\/fr\/wp-json\/wp\/v2\/media\/1297"}],"wp:attachment":[{"href":"https:\/\/westgem.shop\/fr\/wp-json\/wp\/v2\/media?parent=1296"}],"wp:term":[{"taxonomy":"region","embeddable":true,"href":"https:\/\/westgem.shop\/fr\/wp-json\/wp\/v2\/region?post=1296"},{"taxonomy":"product_brand","embeddable":true,"href":"https:\/\/westgem.shop\/fr\/wp-json\/wp\/v2\/product_brand?post=1296"},{"taxonomy":"product_cat","embeddable":true,"href":"https:\/\/westgem.shop\/fr\/wp-json\/wp\/v2\/product_cat?post=1296"},{"taxonomy":"product_tag","embeddable":true,"href":"https:\/\/westgem.shop\/fr\/wp-json\/wp\/v2\/product_tag?post=1296"}],"curies":[{"name":"wp","href":"https:\/\/api.w.org\/{rel}","templated":true}]}}