{"id":1300,"date":"2011-08-09T00:00:00","date_gmt":"2011-08-09T00:00:00","guid":{"rendered":"https:\/\/miners.rocks\/product\/317\/"},"modified":"2024-02-03T07:54:09","modified_gmt":"2024-02-03T07:54:09","slug":"opale-australienne-queensland","status":"publish","type":"product","link":"https:\/\/westgem.shop\/fr\/produit\/opale-australienne-queensland\/","title":{"rendered":"OPAL australien - QUEENSLAND"},"content":{"rendered":"<p><strong>EDELOPAL australien avec \" GREEN FIRE \" .<\/strong><\/p>\n<p><strong>BOULDER OPALE <\/strong>sont des opales matricielles, c'est-\u00e0-dire avec une roche m\u00e8re.<\/p>\n<p>Cette pi\u00e8ce noble a \u00e9t\u00e9 polie \u00e0 Idar-Oberstein avec un diamant tr\u00e8s fin.<\/p>\n<p>Tr\u00e8s d\u00e9coratif pour une vitrine ou pour attirer l'attention dans un bureau.<\/p>\n<p>Lieu de d\u00e9couverte : Quilpie Opal Fields - Queensland - Australie<\/p>\n<p>poids : 0,75 kilogramme<\/p>\n<p>Dimensions :<strong>13 x 10 x 5 cm<\/strong><\/p>","protected":false},"excerpt":{"rendered":"<p>EDELOPAL australien avec \" GREEN FIRE \" . Les OPALES BOULDER sont des opales matricielles, c'est-\u00e0-dire avec une roche m\u00e8re. Cette pi\u00e8ce noble a \u00e9t\u00e9 polie \u00e0 Idar-Oberstein avec un diamant tr\u00e8s fin. Tr\u00e8s d\u00e9coratif pour une vitrine ou pour attirer l'attention dans un bureau. Lieu de d\u00e9couverte : Quilpie Opal Fields - Queensland - Australie Poids : 0,75 kilogramme Dimensions:13 x 10 x 5 cm<\/p>","protected":false},"featured_media":1301,"template":"","meta":{"_acf_changed":false},"region":[56],"product_brand":[],"product_cat":[16],"product_tag":[],"class_list":{"0":"post-1300","1":"product","2":"type-product","3":"status-publish","4":"has-post-thumbnail","6":"region-australien","7":"product_cat-rohsteine","9":"first","10":"outofstock","11":"sold-individually","12":"product-type-simple"},"acf":[],"_links":{"self":[{"href":"https:\/\/westgem.shop\/fr\/wp-json\/wp\/v2\/product\/1300","targetHints":{"allow":["GET"]}}],"collection":[{"href":"https:\/\/westgem.shop\/fr\/wp-json\/wp\/v2\/product"}],"about":[{"href":"https:\/\/westgem.shop\/fr\/wp-json\/wp\/v2\/types\/product"}],"wp:featuredmedia":[{"embeddable":true,"href":"https:\/\/westgem.shop\/fr\/wp-json\/wp\/v2\/media\/1301"}],"wp:attachment":[{"href":"https:\/\/westgem.shop\/fr\/wp-json\/wp\/v2\/media?parent=1300"}],"wp:term":[{"taxonomy":"region","embeddable":true,"href":"https:\/\/westgem.shop\/fr\/wp-json\/wp\/v2\/region?post=1300"},{"taxonomy":"product_brand","embeddable":true,"href":"https:\/\/westgem.shop\/fr\/wp-json\/wp\/v2\/product_brand?post=1300"},{"taxonomy":"product_cat","embeddable":true,"href":"https:\/\/westgem.shop\/fr\/wp-json\/wp\/v2\/product_cat?post=1300"},{"taxonomy":"product_tag","embeddable":true,"href":"https:\/\/westgem.shop\/fr\/wp-json\/wp\/v2\/product_tag?post=1300"}],"curies":[{"name":"wp","href":"https:\/\/api.w.org\/{rel}","templated":true}]}}