{"id":1303,"date":"2000-09-10T00:00:00","date_gmt":"2000-09-10T00:00:00","guid":{"rendered":"https:\/\/miners.rocks\/product\/318\/"},"modified":"2020-05-19T16:57:10","modified_gmt":"2020-05-19T16:57:10","slug":"ds501-agate-de-mousse","status":"publish","type":"product","link":"https:\/\/westgem.shop\/fr\/produit\/ds501-agate-de-mousse\/","title":{"rendered":"DS501 - AGATE DE MOUSSE"},"content":{"rendered":"<p>\"MOOSACHAT\" n'est en fait pas du tout une ACHAT (pas de bande), mais une CHALCEDON incolore et translucide.<\/p>\n<p>Les inclusions ressemblant \u00e0 des mousses sont des HORNBLENDE ou CHLORITE vertes. Ces \"MOOSACHATES\" se forment principalement en tant que remplissage de fissures. L'oxydation du fer donne parfois des teintes brunes et rouges.<\/p>\n<p>localisation de la trouvaille : Plateau du Dekkan - Inde<\/p>\n<p>Poids : 28 g Dimensions : 9 x 4,5 x 0,5 cm<\/p>\n<p>Plaque polie sur toutes les faces .<\/p>\n<p>Toutes les plaques MOOSACHAT ont \u00e9t\u00e9 photographi\u00e9es en contre-jour naturel.<\/p>","protected":false},"excerpt":{"rendered":"<p>\"MOOSACHAT\" n'est en fait pas du tout une ACHAT (pas de bande), mais une CHALCEDON incolore et translucide. Les inclusions ressemblant \u00e0 des mousses sont des HORNBLENDE ou CHLORITE vertes. Ces \"MOOSACHATES\" se forment principalement comme remplissage de fissures. L'oxydation du fer donne parfois des teintes brunes et rouges. Lieu de d\u00e9couverte : Plateau du Dekkan - Inde Poids : 28 g Dimensions : 9 x 4,5 [...]<\/p>","protected":false},"featured_media":1304,"template":"","meta":{"_acf_changed":false},"region":[],"product_brand":[],"product_cat":[15],"product_tag":[],"class_list":{"0":"post-1303","1":"product","2":"type-product","3":"status-publish","4":"has-post-thumbnail","6":"product_cat-mineralien","8":"first","9":"outofstock","10":"sold-individually","11":"product-type-simple"},"acf":[],"_links":{"self":[{"href":"https:\/\/westgem.shop\/fr\/wp-json\/wp\/v2\/product\/1303","targetHints":{"allow":["GET"]}}],"collection":[{"href":"https:\/\/westgem.shop\/fr\/wp-json\/wp\/v2\/product"}],"about":[{"href":"https:\/\/westgem.shop\/fr\/wp-json\/wp\/v2\/types\/product"}],"wp:featuredmedia":[{"embeddable":true,"href":"https:\/\/westgem.shop\/fr\/wp-json\/wp\/v2\/media\/1304"}],"wp:attachment":[{"href":"https:\/\/westgem.shop\/fr\/wp-json\/wp\/v2\/media?parent=1303"}],"wp:term":[{"taxonomy":"region","embeddable":true,"href":"https:\/\/westgem.shop\/fr\/wp-json\/wp\/v2\/region?post=1303"},{"taxonomy":"product_brand","embeddable":true,"href":"https:\/\/westgem.shop\/fr\/wp-json\/wp\/v2\/product_brand?post=1303"},{"taxonomy":"product_cat","embeddable":true,"href":"https:\/\/westgem.shop\/fr\/wp-json\/wp\/v2\/product_cat?post=1303"},{"taxonomy":"product_tag","embeddable":true,"href":"https:\/\/westgem.shop\/fr\/wp-json\/wp\/v2\/product_tag?post=1303"}],"curies":[{"name":"wp","href":"https:\/\/api.w.org\/{rel}","templated":true}]}}