{"id":1341,"date":"2000-09-24T00:00:00","date_gmt":"2000-09-24T00:00:00","guid":{"rendered":"https:\/\/miners.rocks\/product\/332\/"},"modified":"2020-05-19T16:57:16","modified_gmt":"2020-05-19T16:57:16","slug":"breccien-jaspis-aa","status":"publish","type":"product","link":"https:\/\/westgem.shop\/fr\/produit\/breccien-jaspis-aa\/","title":{"rendered":"BRECCIEN Jaspe AA"},"content":{"rendered":"<p>Jaspe BRECCIEN ( d\u00e9bris) de Chihuahua au Mexique, vraiment de premi\u00e8re qualit\u00e9.<\/p>\n<p>Malheureusement, il n'y a plus de mat\u00e9riau abrasif de cette excellente mati\u00e8re premi\u00e8re sur le march\u00e9.<\/p>\n<p>Couleurs et structures superbes - Taill\u00e9 \u00e0 la main et parfaitement poli .<\/p>\n<p> Il ne reste malheureusement plus que 6 pi\u00e8ces disponibles pour le jour de l'embauche, le 28 mars !<\/p>\n<p>Poids : 180 g Dimensions : 6 x 6 x 3 cm<\/p>\n<p>Les photos montrent une fois l'avant et une fois l'arri\u00e8re.<\/p>","protected":false},"excerpt":{"rendered":"<p>Un jaspe BRECCIEN (d\u00e9bris) de premi\u00e8re qualit\u00e9 en provenance de Chihuahua au Mexique. Malheureusement, il n'y a plus de mat\u00e9riau abrasif de cette excellente mati\u00e8re premi\u00e8re sur le march\u00e9. Couleurs et structures superbes - taill\u00e9 \u00e0 la main et parfaitement poli. Il ne reste malheureusement plus que 6 pi\u00e8ces pour le jour de la mise en vente le 28.3 ! Poids : 180 g Dimensions : 6 x 6 x 3 cm Les images [...]<\/p>","protected":false},"featured_media":1342,"template":"","meta":{"_acf_changed":false},"region":[],"product_brand":[],"product_cat":[15],"product_tag":[],"class_list":{"0":"post-1341","1":"product","2":"type-product","3":"status-publish","4":"has-post-thumbnail","6":"product_cat-mineralien","8":"first","9":"outofstock","10":"sold-individually","11":"product-type-simple"},"acf":[],"_links":{"self":[{"href":"https:\/\/westgem.shop\/fr\/wp-json\/wp\/v2\/product\/1341","targetHints":{"allow":["GET"]}}],"collection":[{"href":"https:\/\/westgem.shop\/fr\/wp-json\/wp\/v2\/product"}],"about":[{"href":"https:\/\/westgem.shop\/fr\/wp-json\/wp\/v2\/types\/product"}],"wp:featuredmedia":[{"embeddable":true,"href":"https:\/\/westgem.shop\/fr\/wp-json\/wp\/v2\/media\/1342"}],"wp:attachment":[{"href":"https:\/\/westgem.shop\/fr\/wp-json\/wp\/v2\/media?parent=1341"}],"wp:term":[{"taxonomy":"region","embeddable":true,"href":"https:\/\/westgem.shop\/fr\/wp-json\/wp\/v2\/region?post=1341"},{"taxonomy":"product_brand","embeddable":true,"href":"https:\/\/westgem.shop\/fr\/wp-json\/wp\/v2\/product_brand?post=1341"},{"taxonomy":"product_cat","embeddable":true,"href":"https:\/\/westgem.shop\/fr\/wp-json\/wp\/v2\/product_cat?post=1341"},{"taxonomy":"product_tag","embeddable":true,"href":"https:\/\/westgem.shop\/fr\/wp-json\/wp\/v2\/product_tag?post=1341"}],"curies":[{"name":"wp","href":"https:\/\/api.w.org\/{rel}","templated":true}]}}