{"id":13478,"date":"2021-10-14T11:29:08","date_gmt":"2021-10-14T11:29:08","guid":{"rendered":"https:\/\/westgem.shop\/?post_type=product&#038;p=13478"},"modified":"2022-01-01T16:21:40","modified_gmt":"2022-01-01T16:21:40","slug":"panneau-de-coque-poli-dun-cote","status":"publish","type":"product","link":"https:\/\/westgem.shop\/fr\/produit\/panneau-de-coque-poli-dun-cote\/","title":{"rendered":"Ecran de coque - Bleiberg\/Kreuth"},"content":{"rendered":"<p><strong>Tr\u00e8s beau cache-coquille provenant d'une ancienne mine<\/strong> .<\/p>\n<p>L'\u00e9cran de coque est un agr\u00e9gat avec des proportions variables de<\/p>\n<p><strong>Blende de zinc = sphal\u00e9rite, wurzite, calcite et lustre de plomb = gal\u00e8ne<\/strong><\/p>\n<p><strong>La belle structure m\u00e9tallique brillante n'est visible que sur les surfaces polies.<\/strong> - le c\u00f4t\u00e9 nature est visible sur les derni\u00e8res photos.<\/p>\n<p>Les \u00e9crans de coque sont mondiaux<strong> seulement dans tr\u00e8s peu de stations<\/strong> de l'ann\u00e9e derni\u00e8re.<\/p>\n<p>Cette pi\u00e8ce a \u00e9t\u00e9 fabriqu\u00e9e il y a de nombreuses d\u00e9cennies dans l'ancien bassin minier de<\/p>\n<p>Bleiberg\/Kreuth en Carinthie - Autriche trouv\u00e9.<\/p>\n<p>poids : 975 g<\/p>\n<p>Dim :<strong> 15 x 7 x 6 cm<\/strong><\/p>","protected":false},"excerpt":{"rendered":"<p>Tr\u00e8s belle facette de coquille provenant d'une ancienne mine. La pectine est un agr\u00e9gat avec des proportions variables de pectine de zinc = sphal\u00e9rite, wurtzite, calcite et gal\u00e8ne. La belle structure m\u00e9tallique brillante n'est visible que sur les surfaces polies - la face naturelle est visible sur les derni\u00e8res photos. Les diaphragmes de coquille ne sont visibles que dans tr\u00e8s peu de sites dans le monde [...].<\/p>","protected":false},"featured_media":13482,"template":"","meta":{"_acf_changed":false},"region":[59],"product_brand":[],"product_cat":[18],"product_tag":[],"class_list":{"0":"post-13478","1":"product","2":"type-product","3":"status-publish","4":"has-post-thumbnail","6":"region-oesterreich","7":"product_cat-geschliffene-einzelstucke","9":"first","10":"outofstock","11":"sold-individually","12":"taxable","13":"shipping-taxable","14":"purchasable","15":"product-type-simple"},"acf":[],"_links":{"self":[{"href":"https:\/\/westgem.shop\/fr\/wp-json\/wp\/v2\/product\/13478","targetHints":{"allow":["GET"]}}],"collection":[{"href":"https:\/\/westgem.shop\/fr\/wp-json\/wp\/v2\/product"}],"about":[{"href":"https:\/\/westgem.shop\/fr\/wp-json\/wp\/v2\/types\/product"}],"wp:featuredmedia":[{"embeddable":true,"href":"https:\/\/westgem.shop\/fr\/wp-json\/wp\/v2\/media\/13482"}],"wp:attachment":[{"href":"https:\/\/westgem.shop\/fr\/wp-json\/wp\/v2\/media?parent=13478"}],"wp:term":[{"taxonomy":"region","embeddable":true,"href":"https:\/\/westgem.shop\/fr\/wp-json\/wp\/v2\/region?post=13478"},{"taxonomy":"product_brand","embeddable":true,"href":"https:\/\/westgem.shop\/fr\/wp-json\/wp\/v2\/product_brand?post=13478"},{"taxonomy":"product_cat","embeddable":true,"href":"https:\/\/westgem.shop\/fr\/wp-json\/wp\/v2\/product_cat?post=13478"},{"taxonomy":"product_tag","embeddable":true,"href":"https:\/\/westgem.shop\/fr\/wp-json\/wp\/v2\/product_tag?post=13478"}],"curies":[{"name":"wp","href":"https:\/\/api.w.org\/{rel}","templated":true}]}}