{"id":13492,"date":"2021-12-25T12:37:21","date_gmt":"2021-12-25T12:37:21","guid":{"rendered":"https:\/\/westgem.shop\/?post_type=product&#038;p=13492"},"modified":"2022-01-19T08:15:26","modified_gmt":"2022-01-19T08:15:26","slug":"erzbergite-polie-dun-cote","status":"publish","type":"product","link":"https:\/\/westgem.shop\/fr\/produit\/erzbergite-polie-dun-cote\/","title":{"rendered":"Erzbergite - polie d'un c\u00f4t\u00e9"},"content":{"rendered":"<p><strong>ERZBERGIT<\/strong><\/p>\n<p><strong>Frittage d'aragonite et de calcite en couches altern\u00e9es<\/strong> de mat\u00e9riaux plus fonc\u00e9s et plus clairs - jusqu'au blanc marbr\u00e9 .<\/p>\n<p>Autrefois d\u00e9j\u00e0, on fabriquait des objets d'art, des montres et des objets d\u00e9coratifs \u00e0 partir de belles pi\u00e8ces.<\/p>\n<p><strong>Ancienne pi\u00e8ce justificative - coup\u00e9e et polie sur une face.<\/strong><\/p>\n<p><strong>Steirischer Erzberg - Eisenerz - Styrie - Autriche<\/strong><\/p>\n<p>Poids : 522 g<\/p>\n<p>Dim : 11,5 x 9,5 x 6 cm<\/p>\n<p>La derni\u00e8re image est le c\u00f4t\u00e9 naturel.<\/p>","protected":false},"excerpt":{"rendered":"<p>ERZBERGIT Formation fritt\u00e9e d'aragonite et de calcite en couches altern\u00e9es de mat\u00e9riaux plus fonc\u00e9s et plus clairs - jusqu'au blanc marbr\u00e9 . De belles pi\u00e8ces ont d\u00e9j\u00e0 \u00e9t\u00e9 utilis\u00e9es dans le pass\u00e9 pour fabriquer des objets d'art, des montres et des objets d\u00e9coratifs. Ancienne pi\u00e8ce justificative - coup\u00e9e et polie d'un c\u00f4t\u00e9. Steirischer Erzberg - Eisenerz - Steiermark - \u00d6sterreich Poids : 522 g Dim. : 11,5 x 9,5 x 6 cm Le [...]<\/p>","protected":false},"featured_media":13493,"template":"","meta":{"_acf_changed":false},"region":[59],"product_brand":[],"product_cat":[18],"product_tag":[],"class_list":{"0":"post-13492","1":"product","2":"type-product","3":"status-publish","4":"has-post-thumbnail","6":"region-oesterreich","7":"product_cat-geschliffene-einzelstucke","9":"first","10":"instock","11":"sold-individually","12":"taxable","13":"shipping-taxable","14":"purchasable","15":"product-type-simple"},"acf":[],"_links":{"self":[{"href":"https:\/\/westgem.shop\/fr\/wp-json\/wp\/v2\/product\/13492","targetHints":{"allow":["GET"]}}],"collection":[{"href":"https:\/\/westgem.shop\/fr\/wp-json\/wp\/v2\/product"}],"about":[{"href":"https:\/\/westgem.shop\/fr\/wp-json\/wp\/v2\/types\/product"}],"wp:featuredmedia":[{"embeddable":true,"href":"https:\/\/westgem.shop\/fr\/wp-json\/wp\/v2\/media\/13493"}],"wp:attachment":[{"href":"https:\/\/westgem.shop\/fr\/wp-json\/wp\/v2\/media?parent=13492"}],"wp:term":[{"taxonomy":"region","embeddable":true,"href":"https:\/\/westgem.shop\/fr\/wp-json\/wp\/v2\/region?post=13492"},{"taxonomy":"product_brand","embeddable":true,"href":"https:\/\/westgem.shop\/fr\/wp-json\/wp\/v2\/product_brand?post=13492"},{"taxonomy":"product_cat","embeddable":true,"href":"https:\/\/westgem.shop\/fr\/wp-json\/wp\/v2\/product_cat?post=13492"},{"taxonomy":"product_tag","embeddable":true,"href":"https:\/\/westgem.shop\/fr\/wp-json\/wp\/v2\/product_tag?post=13492"}],"curies":[{"name":"wp","href":"https:\/\/api.w.org\/{rel}","templated":true}]}}