{"id":1350,"date":"2000-09-27T00:00:00","date_gmt":"2000-09-27T00:00:00","guid":{"rendered":"https:\/\/miners.rocks\/product\/335\/"},"modified":"2020-05-19T16:57:18","modified_gmt":"2020-05-19T16:57:18","slug":"breccien-jaspis-aa-mexico","status":"publish","type":"product","link":"https:\/\/westgem.shop\/fr\/produit\/breccien-jaspis-aa-mexico\/","title":{"rendered":"BRECCIEN Jaspis AA - Mexique"},"content":{"rendered":"<p>Taill\u00e9 \u00e0 la main avec un polissage de premi\u00e8re qualit\u00e9 - jaspe BRECCIEN MEXICAIN - provenant d'un gisement malheureusement \u00e9puis\u00e9 de Chihuahua au Mexique.<\/p>\n<p>Nous n'avons pas trouv\u00e9 de jaspe BRECCIEN aussi superbe ces derni\u00e8res ann\u00e9es.<\/p>\n<p>Ces magnifiques coupes en forme de c\u0153ur, en forme de bulbe, sont \u00e9galement attrayantes comme presse-papier sur un bureau de \"manager\" et pas seulement comme accroche-regard dans une vitrine.<\/p>\n<p>Poids : 199 g Dimensions : env. 6 x 6 x3 cm<\/p>\n<p>Vous pouvez voir les 5 DERNI\u00c8RES pi\u00e8ces restantes en cliquant sur BRECCIEN Jaspe dans la barre des cat\u00e9gories \u00e0 gauche.<\/p>","protected":false},"excerpt":{"rendered":"<p>Taill\u00e9 \u00e0 la main avec un polissage de premi\u00e8re qualit\u00e9 - jaspe BRECCIEN MEXICAIN - provenant d'un gisement malheureusement \u00e9puis\u00e9 de Chihuahua au Mexique. Nous n'avons pas trouv\u00e9 de jaspe BRECCIEN aussi beau ces derni\u00e8res ann\u00e9es. Ces magnifiques coupes en forme de c\u0153ur, en forme de ventre, sont \u00e9galement attrayantes comme presse-papier sur un bureau de \"manager\" et pas seulement comme accroche-regard [...].<\/p>","protected":false},"featured_media":1351,"template":"","meta":{"_acf_changed":false},"region":[],"product_brand":[],"product_cat":[15],"product_tag":[],"class_list":{"0":"post-1350","1":"product","2":"type-product","3":"status-publish","4":"has-post-thumbnail","6":"product_cat-mineralien","8":"first","9":"outofstock","10":"sold-individually","11":"product-type-simple"},"acf":[],"_links":{"self":[{"href":"https:\/\/westgem.shop\/fr\/wp-json\/wp\/v2\/product\/1350","targetHints":{"allow":["GET"]}}],"collection":[{"href":"https:\/\/westgem.shop\/fr\/wp-json\/wp\/v2\/product"}],"about":[{"href":"https:\/\/westgem.shop\/fr\/wp-json\/wp\/v2\/types\/product"}],"wp:featuredmedia":[{"embeddable":true,"href":"https:\/\/westgem.shop\/fr\/wp-json\/wp\/v2\/media\/1351"}],"wp:attachment":[{"href":"https:\/\/westgem.shop\/fr\/wp-json\/wp\/v2\/media?parent=1350"}],"wp:term":[{"taxonomy":"region","embeddable":true,"href":"https:\/\/westgem.shop\/fr\/wp-json\/wp\/v2\/region?post=1350"},{"taxonomy":"product_brand","embeddable":true,"href":"https:\/\/westgem.shop\/fr\/wp-json\/wp\/v2\/product_brand?post=1350"},{"taxonomy":"product_cat","embeddable":true,"href":"https:\/\/westgem.shop\/fr\/wp-json\/wp\/v2\/product_cat?post=1350"},{"taxonomy":"product_tag","embeddable":true,"href":"https:\/\/westgem.shop\/fr\/wp-json\/wp\/v2\/product_tag?post=1350"}],"curies":[{"name":"wp","href":"https:\/\/api.w.org\/{rel}","templated":true}]}}