{"id":1359,"date":"2000-09-30T00:00:00","date_gmt":"2000-09-30T00:00:00","guid":{"rendered":"https:\/\/miners.rocks\/product\/338\/"},"modified":"2020-05-19T16:57:19","modified_gmt":"2020-05-19T16:57:19","slug":"fo-101-poisson-fossilise-vieux-de-55-millions-dannees","status":"publish","type":"product","link":"https:\/\/westgem.shop\/fr\/produit\/fo-101-poisson-fossilise-vieux-de-55-millions-dannees\/","title":{"rendered":"FO 101 - Poisson p\u00e9trifi\u00e9 - 55 millions d'ann\u00e9es"},"content":{"rendered":"<p>KNIGHTIA - Genre de poissons osseux v\u00e9ritables.<\/p>\n<p>Trouv\u00e9 pour la premi\u00e8re fois en 1840 - nom d'apr\u00e8s le g\u00e9ologue Wilbur Clinton KNIGHT .<\/p>\n<p>\u00c2ge de la Terre : EOZ\u00e4N , qui a commenc\u00e9 il y a 55,8 millions d'ann\u00e9es avant notre \u00e9poque.<\/p>\n<p>Le lieu de d\u00e9couverte est la GREEN RIVER FORMATION \u00e0 WYOMING - USA<\/p>\n<p>Superbe ORIGINAL FOSSIL, souvent utilis\u00e9 comme d\u00e9coration murale, comme un tableau.<\/p>\n<p>55 millions d'ann\u00e9es d'histoire de la Terre dans votre salon - g\u00e9nial !<\/p>\n<p>Les prix de ces fossiles d\u00e9pendent non pas de la taille, mais de la qualit\u00e9 de conservation du fossile,<\/p>\n<p>Il s'agit d'un exemplaire de premi\u00e8re qualit\u00e9 .<\/p>\n<p>Poids : 0,58 kg.   Dimensions : 18 x 13 x 2 cm Poisson : longueur 9,5 cm<\/p>\n<p>PRIX PROMOTIONNEL !<\/p>","protected":false},"excerpt":{"rendered":"<p>KNIGHTIA - Genre de poissons osseux v\u00e9ritables. D\u00e9couvert pour la premi\u00e8re fois en 1840 - nom d'apr\u00e8s le g\u00e9ologue Wilbur Clinton KNIGHT . Age de la terre : EOZ\u00e4N , qui a commenc\u00e9 il y a 55,8 millions d'ann\u00e9es avant notre \u00e9poque. Le lieu de la d\u00e9couverte est la GREEN RIVER FORMATION \u00e0 WYOMING - USA Superbe FOSSILE ORIGINAL , souvent accroch\u00e9 comme d\u00e9coration murale , comme un tableau . 55 millions d'ann\u00e9es [...]<\/p>","protected":false},"featured_media":1360,"template":"","meta":{"_acf_changed":false},"region":[],"product_brand":[],"product_cat":[15],"product_tag":[],"class_list":{"0":"post-1359","1":"product","2":"type-product","3":"status-publish","4":"has-post-thumbnail","6":"product_cat-mineralien","8":"first","9":"outofstock","10":"sold-individually","11":"product-type-simple"},"acf":[],"_links":{"self":[{"href":"https:\/\/westgem.shop\/fr\/wp-json\/wp\/v2\/product\/1359","targetHints":{"allow":["GET"]}}],"collection":[{"href":"https:\/\/westgem.shop\/fr\/wp-json\/wp\/v2\/product"}],"about":[{"href":"https:\/\/westgem.shop\/fr\/wp-json\/wp\/v2\/types\/product"}],"wp:featuredmedia":[{"embeddable":true,"href":"https:\/\/westgem.shop\/fr\/wp-json\/wp\/v2\/media\/1360"}],"wp:attachment":[{"href":"https:\/\/westgem.shop\/fr\/wp-json\/wp\/v2\/media?parent=1359"}],"wp:term":[{"taxonomy":"region","embeddable":true,"href":"https:\/\/westgem.shop\/fr\/wp-json\/wp\/v2\/region?post=1359"},{"taxonomy":"product_brand","embeddable":true,"href":"https:\/\/westgem.shop\/fr\/wp-json\/wp\/v2\/product_brand?post=1359"},{"taxonomy":"product_cat","embeddable":true,"href":"https:\/\/westgem.shop\/fr\/wp-json\/wp\/v2\/product_cat?post=1359"},{"taxonomy":"product_tag","embeddable":true,"href":"https:\/\/westgem.shop\/fr\/wp-json\/wp\/v2\/product_tag?post=1359"}],"curies":[{"name":"wp","href":"https:\/\/api.w.org\/{rel}","templated":true}]}}