{"id":1371,"date":"2000-10-04T00:00:00","date_gmt":"2000-10-04T00:00:00","guid":{"rendered":"https:\/\/miners.rocks\/product\/342\/"},"modified":"2020-05-19T16:57:20","modified_gmt":"2020-05-19T16:57:20","slug":"pyrite-xx-haut-tauern-salzbourg","status":"publish","type":"product","link":"https:\/\/westgem.shop\/fr\/produit\/pyrite-xx-haut-tauern-salzbourg\/","title":{"rendered":"PYRIT xx - Hohe Tauern\/Salzbourg"},"content":{"rendered":"<p>env. 20 cristaux PYRIT tr\u00e8s brillants - formes cubiques - en GNEIS BIOTIT.<\/p>\n<p>Pi\u00e8ce provenant d'une ancienne collection des ann\u00e9es 1960.<\/p>\n<p>Le lieu de d\u00e9couverte \u00e9tait le Leckbachrinne dans les Hohe Tauern \u00e0 Salzbourg.<\/p>\n<p>Poids : 0,59 Kg.    Dimensions : 13 x 8,5 x 5 cm xx \u00e0 1 cm<\/p>","protected":false},"excerpt":{"rendered":"<p>env. 20 cristaux PYRIT tr\u00e8s brillants - formes cubiques - en GNEIS BIOTIT. Pi\u00e8ce provenant d'une ancienne collection des ann\u00e9es 1960. Le lieu de d\u00e9couverte \u00e9tait le Leckbachrinne dans les Hohe Tauern \u00e0 Salzbourg. Poids : 0,59 kg. Dimensions : 13 x 8,5 x 5 cm xx \u00e0 1 cm<\/p>","protected":false},"featured_media":1372,"template":"","meta":{"_acf_changed":false},"region":[],"product_brand":[],"product_cat":[15],"product_tag":[],"class_list":{"0":"post-1371","1":"product","2":"type-product","3":"status-publish","4":"has-post-thumbnail","6":"product_cat-mineralien","8":"first","9":"outofstock","10":"sold-individually","11":"product-type-simple"},"acf":[],"_links":{"self":[{"href":"https:\/\/westgem.shop\/fr\/wp-json\/wp\/v2\/product\/1371","targetHints":{"allow":["GET"]}}],"collection":[{"href":"https:\/\/westgem.shop\/fr\/wp-json\/wp\/v2\/product"}],"about":[{"href":"https:\/\/westgem.shop\/fr\/wp-json\/wp\/v2\/types\/product"}],"wp:featuredmedia":[{"embeddable":true,"href":"https:\/\/westgem.shop\/fr\/wp-json\/wp\/v2\/media\/1372"}],"wp:attachment":[{"href":"https:\/\/westgem.shop\/fr\/wp-json\/wp\/v2\/media?parent=1371"}],"wp:term":[{"taxonomy":"region","embeddable":true,"href":"https:\/\/westgem.shop\/fr\/wp-json\/wp\/v2\/region?post=1371"},{"taxonomy":"product_brand","embeddable":true,"href":"https:\/\/westgem.shop\/fr\/wp-json\/wp\/v2\/product_brand?post=1371"},{"taxonomy":"product_cat","embeddable":true,"href":"https:\/\/westgem.shop\/fr\/wp-json\/wp\/v2\/product_cat?post=1371"},{"taxonomy":"product_tag","embeddable":true,"href":"https:\/\/westgem.shop\/fr\/wp-json\/wp\/v2\/product_tag?post=1371"}],"curies":[{"name":"wp","href":"https:\/\/api.w.org\/{rel}","templated":true}]}}