{"id":1375,"date":"2000-10-05T00:00:00","date_gmt":"2000-10-05T00:00:00","guid":{"rendered":"https:\/\/miners.rocks\/product\/343\/"},"modified":"2020-05-19T16:57:20","modified_gmt":"2020-05-19T16:57:20","slug":"calcit-x-montagne-de-plomb","status":"publish","type":"product","link":"https:\/\/westgem.shop\/fr\/produit\/calcit-x-montagne-de-plomb\/","title":{"rendered":"CALCIT x - Montagne de plomb"},"content":{"rendered":"<p>Raret\u00e9 - une CALCITE \u00e0 double extr\u00e9mit\u00e9 librement cristallis\u00e9e sur une roche m\u00e8re ( PAS coll\u00e9e ! )  <\/p>\n<p>Le lieu de d\u00e9couverte est l'ancienne mine de plomb et de zinc de Bleiberg\/Kreuth - localit\u00e9 type de WULFENIT .<\/p>\n<p>Poids : 111 g Dimensions : 9 x 5 x 2,5 cm Cristal 2 cm de long<\/p>","protected":false},"excerpt":{"rendered":"<p>Raret\u00e9 - une CALCITE cristallis\u00e9e librement sur une roche m\u00e8re ( PAS coll\u00e9e ! ) Le lieu de d\u00e9couverte est l'ancienne mine de plomb et de zinc de Bleiberg\/Kreuth - localit\u00e9 type de WULFENIT . Poids : 111 g Dimensions : 9 x 5 x 2,5 cm Cristal 2 cm de long<\/p>","protected":false},"featured_media":1376,"template":"","meta":{"_acf_changed":false},"region":[],"product_brand":[],"product_cat":[15],"product_tag":[],"class_list":{"0":"post-1375","1":"product","2":"type-product","3":"status-publish","4":"has-post-thumbnail","6":"product_cat-mineralien","8":"first","9":"outofstock","10":"sold-individually","11":"product-type-simple"},"acf":[],"_links":{"self":[{"href":"https:\/\/westgem.shop\/fr\/wp-json\/wp\/v2\/product\/1375","targetHints":{"allow":["GET"]}}],"collection":[{"href":"https:\/\/westgem.shop\/fr\/wp-json\/wp\/v2\/product"}],"about":[{"href":"https:\/\/westgem.shop\/fr\/wp-json\/wp\/v2\/types\/product"}],"wp:featuredmedia":[{"embeddable":true,"href":"https:\/\/westgem.shop\/fr\/wp-json\/wp\/v2\/media\/1376"}],"wp:attachment":[{"href":"https:\/\/westgem.shop\/fr\/wp-json\/wp\/v2\/media?parent=1375"}],"wp:term":[{"taxonomy":"region","embeddable":true,"href":"https:\/\/westgem.shop\/fr\/wp-json\/wp\/v2\/region?post=1375"},{"taxonomy":"product_brand","embeddable":true,"href":"https:\/\/westgem.shop\/fr\/wp-json\/wp\/v2\/product_brand?post=1375"},{"taxonomy":"product_cat","embeddable":true,"href":"https:\/\/westgem.shop\/fr\/wp-json\/wp\/v2\/product_cat?post=1375"},{"taxonomy":"product_tag","embeddable":true,"href":"https:\/\/westgem.shop\/fr\/wp-json\/wp\/v2\/product_tag?post=1375"}],"curies":[{"name":"wp","href":"https:\/\/api.w.org\/{rel}","templated":true}]}}