{"id":148,"date":"2020-05-10T09:09:52","date_gmt":"2020-05-10T09:09:52","guid":{"rendered":"https:\/\/miners.rocks\/?post_type=product&#038;p=148"},"modified":"2022-01-01T16:21:40","modified_gmt":"2022-01-01T16:21:40","slug":"eclogite-avec-cyanite-bleue-xx","status":"publish","type":"product","link":"https:\/\/westgem.shop\/fr\/produit\/eclogite-avec-cyanite-bleue-xx\/","title":{"rendered":"Saualpe Carinthie = localit\u00e9 type - \u00e9clogite"},"content":{"rendered":"<p><strong>De la TYPLOCALIT\u00c9.<\/strong><\/p>\n<p>Beau sp\u00e9cimen d'une roche color\u00e9e relativement rare, que l'on ne trouve que dans tr\u00e8s peu d'endroits en surface dans le monde.<\/p>\n<p>Saualpe Carinthie, For\u00eat bavaroise et Norv\u00e8ge sont les sites les plus connus.<\/p>\n<p><strong>L'EKLOGIT est une roche profonde compos\u00e9e d'omphacite verte (clinopyrox\u00e8ne), de pyroprog\u00e8nes rouges et de cristaux de kyanite bleus inclus.<\/strong><\/p>\n<p>18 x 17 x 5 cm 450 g<\/p>\n<p>&nbsp;<\/p>\n<p>Lieu de d\u00e9couverte : Kupplerbrunn - Saualpe - Carinthie - Autriche<\/p>","protected":false},"excerpt":{"rendered":"<p>De la TYPLOCALIT\u00c9. Beau sp\u00e9cimen d'une roche color\u00e9e relativement rare, que l'on ne trouve qu'en tr\u00e8s peu d'endroits \u00e0 la surface du globe. Saualpe, Carinthie, For\u00eat bavaroise et Norv\u00e8ge sont les sites les plus connus. L'EKLOGIT est une roche profonde compos\u00e9e d'omphacite verte (clinopyrox\u00e8ne), de pyroprog\u00e8nes rouges et de cristaux de cyanite bleus inclus. 18 x 17 x 5 [...]<\/p>","protected":false},"featured_media":10595,"template":"","meta":{"_acf_changed":false},"region":[59],"product_brand":[],"product_cat":[16],"product_tag":[],"class_list":{"0":"post-148","1":"product","2":"type-product","3":"status-publish","4":"has-post-thumbnail","6":"region-oesterreich","7":"product_cat-rohsteine","9":"first","10":"outofstock","11":"sold-individually","12":"taxable","13":"shipping-taxable","14":"purchasable","15":"product-type-simple"},"acf":[],"_links":{"self":[{"href":"https:\/\/westgem.shop\/fr\/wp-json\/wp\/v2\/product\/148","targetHints":{"allow":["GET"]}}],"collection":[{"href":"https:\/\/westgem.shop\/fr\/wp-json\/wp\/v2\/product"}],"about":[{"href":"https:\/\/westgem.shop\/fr\/wp-json\/wp\/v2\/types\/product"}],"wp:featuredmedia":[{"embeddable":true,"href":"https:\/\/westgem.shop\/fr\/wp-json\/wp\/v2\/media\/10595"}],"wp:attachment":[{"href":"https:\/\/westgem.shop\/fr\/wp-json\/wp\/v2\/media?parent=148"}],"wp:term":[{"taxonomy":"region","embeddable":true,"href":"https:\/\/westgem.shop\/fr\/wp-json\/wp\/v2\/region?post=148"},{"taxonomy":"product_brand","embeddable":true,"href":"https:\/\/westgem.shop\/fr\/wp-json\/wp\/v2\/product_brand?post=148"},{"taxonomy":"product_cat","embeddable":true,"href":"https:\/\/westgem.shop\/fr\/wp-json\/wp\/v2\/product_cat?post=148"},{"taxonomy":"product_tag","embeddable":true,"href":"https:\/\/westgem.shop\/fr\/wp-json\/wp\/v2\/product_tag?post=148"}],"curies":[{"name":"wp","href":"https:\/\/api.w.org\/{rel}","templated":true}]}}