{"id":16099,"date":"2021-08-25T15:34:27","date_gmt":"2021-08-25T15:34:27","guid":{"rendered":"https:\/\/westgem.shop\/?post_type=product&#038;p=16099"},"modified":"2021-09-06T15:42:09","modified_gmt":"2021-09-06T15:42:09","slug":"bleu-de-fer-erzberg","status":"publish","type":"product","link":"https:\/\/westgem.shop\/fr\/produit\/bleu-de-fer-erzberg\/","title":{"rendered":"Fleur de fer bleue - Erzberg"},"content":{"rendered":"<p><strong>Supermarch\u00e9 digne d'un mus\u00e9e - TOP RARIT\u00c4T<\/strong><\/p>\n<p>\u00c0 l'Erzberg, le minerai de fer primaire a \u00e9t\u00e9 d\u00e9tach\u00e9 par les eaux de surface dans des cavit\u00e9s, ce qui a donn\u00e9 naissance \u00e0 une nouvelle formation, l'aragonite.<\/p>\n<p>La majorit\u00e9 des fleurs de fer sont naturellement blanches ou brun\u00e2tres.<\/p>\n<p><strong>Les fleurs de fer BLEUES ou BLEU-VERTES sont TR\u00c8S RARES et TR\u00c8S CONSERV\u00c9ES.<\/strong><\/p>\n<p>La couleur bleue sp\u00e9ciale provient du cuivre.<\/p>\n<p>En r\u00e8gle g\u00e9n\u00e9rale, ces aragonites sont sessiles ou stalactites.<\/p>\n<p>Cette \u00e9tape est encore plus sp\u00e9ciale -<strong> Fine aiguille bleue unique Aragonite <\/strong><\/p>\n<p><strong>- D\u00e9couvertes de l'ann\u00e9e 1970 - Steirischer Erzberg - Eisenerz - Styrie - Autriche<\/strong><\/p>\n<p><strong>poids : 2,2 kilogrammes<\/strong><\/p>\n<p>Dim : 21 x 15 x 7 cm<\/p>\n<p>&nbsp;<\/p>\n<p>De telles pi\u00e8ces exceptionnelles ne sont pratiquement plus disponibles nulle part !<\/p>\n<p>Prix sur demande.  -- <strong>R\u00c9SERV\u00c9 - RESERVED !<\/strong><\/p>\n<p>&nbsp;<\/p>","protected":false},"excerpt":{"rendered":"<p>Supermarch\u00e9 digne d'un mus\u00e9e - TOP RARIT\u00c9 Sur l'Erzberg, le minerai de fer primaire a \u00e9t\u00e9 d\u00e9tach\u00e9 par les eaux de surface dans des cavit\u00e9s, ce qui a entra\u00een\u00e9 la formation d'une nouvelle aragonite. La majorit\u00e9 des fleurs de fer sont naturellement blanches ou brun\u00e2tres. Les fleurs de fer BLEUES ou BLEU-VERTES sont TR\u00c8S RARES et TR\u00c8S CONSERV\u00c9ES. La couleur bleue sp\u00e9ciale provient du cuivre. En g\u00e9n\u00e9ral, ces [...]<\/p>","protected":false},"featured_media":16096,"template":"","meta":{"_acf_changed":false},"region":[59],"product_brand":[],"product_cat":[19],"product_tag":[],"class_list":{"0":"post-16099","1":"product","2":"type-product","3":"status-publish","4":"has-post-thumbnail","6":"region-oesterreich","7":"product_cat-kristallstufen","9":"first","10":"outofstock","11":"sold-individually","12":"taxable","13":"shipping-taxable","14":"product-type-simple"},"acf":[],"_links":{"self":[{"href":"https:\/\/westgem.shop\/fr\/wp-json\/wp\/v2\/product\/16099","targetHints":{"allow":["GET"]}}],"collection":[{"href":"https:\/\/westgem.shop\/fr\/wp-json\/wp\/v2\/product"}],"about":[{"href":"https:\/\/westgem.shop\/fr\/wp-json\/wp\/v2\/types\/product"}],"wp:featuredmedia":[{"embeddable":true,"href":"https:\/\/westgem.shop\/fr\/wp-json\/wp\/v2\/media\/16096"}],"wp:attachment":[{"href":"https:\/\/westgem.shop\/fr\/wp-json\/wp\/v2\/media?parent=16099"}],"wp:term":[{"taxonomy":"region","embeddable":true,"href":"https:\/\/westgem.shop\/fr\/wp-json\/wp\/v2\/region?post=16099"},{"taxonomy":"product_brand","embeddable":true,"href":"https:\/\/westgem.shop\/fr\/wp-json\/wp\/v2\/product_brand?post=16099"},{"taxonomy":"product_cat","embeddable":true,"href":"https:\/\/westgem.shop\/fr\/wp-json\/wp\/v2\/product_cat?post=16099"},{"taxonomy":"product_tag","embeddable":true,"href":"https:\/\/westgem.shop\/fr\/wp-json\/wp\/v2\/product_tag?post=16099"}],"curies":[{"name":"wp","href":"https:\/\/api.w.org\/{rel}","templated":true}]}}