{"id":16102,"date":"2021-12-30T10:54:14","date_gmt":"2021-12-30T10:54:14","guid":{"rendered":"https:\/\/westgem.shop\/?post_type=product&#038;p=16102"},"modified":"2022-06-05T06:07:35","modified_gmt":"2022-06-05T06:07:35","slug":"jade-noir-wyoming","status":"publish","type":"product","link":"https:\/\/westgem.shop\/fr\/produit\/jade-noir-wyoming\/","title":{"rendered":"Jade noir du Wyoming"},"content":{"rendered":"<p>Slab = disque poli sur une face.<\/p>\n<p><strong>VRAI JADE - Amphibole noire n\u00e9phrite<\/strong><\/p>\n<p>La surface polie a un \u00e9clat miroir si intense - le capturer avec notre appareil photo - n'a malheureusement pas \u00e9t\u00e9 une r\u00e9ussite totale.<\/p>\n<p><strong>Donc en noir naturel brillant.<\/strong><\/p>\n<p><strong>La n\u00e9phrite fait partie des min\u00e9raux de jade v\u00e9ritable.<\/strong> comme la jad\u00e9ite et Maw Sit Sit -<\/p>\n<p>tenace, compact, feutre dense - donc difficile \u00e0 couper mais super \u00e0 polir.<\/p>\n<p>La pi\u00e8ce brute provient des <strong>Jade Fields dans le Wyoming central - USA<\/strong><\/p>\n<p>poids : 370 g<\/p>\n<p>Dim : 11 x 10 x 2 cm<\/p>\n<p><strong>Le \"jade noir\", taill\u00e9 en bijoux, est tr\u00e8s appr\u00e9ci\u00e9 en Asie et se vend au prix du carat.<\/strong><\/p>\n<p>La derni\u00e8re image montre la face arri\u00e8re - sci\u00e9e mais non polie.<\/p>","protected":false},"excerpt":{"rendered":"<p>Slab = disque poli sur une face. VRAI JADE - N\u00e9phrite noire d'amphibole La surface polie a un \u00e9clat miroir si intense - le capturer avec notre appareil photo n'est malheureusement que partiellement r\u00e9ussi. Donc en nature noir brillant. La n\u00e9phrite fait partie des min\u00e9raux de jade v\u00e9ritable comme la jad\u00e9ite et le Maw Sit Sit - tenace, compact, dense - donc [...].<\/p>","protected":false},"featured_media":16104,"template":"","meta":{"_acf_changed":false},"region":[61],"product_brand":[],"product_cat":[18],"product_tag":[],"class_list":{"0":"post-16102","1":"product","2":"type-product","3":"status-publish","4":"has-post-thumbnail","6":"region-nordamerika","7":"product_cat-geschliffene-einzelstucke","9":"first","10":"instock","11":"sold-individually","12":"taxable","13":"shipping-taxable","14":"purchasable","15":"product-type-simple"},"acf":[],"_links":{"self":[{"href":"https:\/\/westgem.shop\/fr\/wp-json\/wp\/v2\/product\/16102","targetHints":{"allow":["GET"]}}],"collection":[{"href":"https:\/\/westgem.shop\/fr\/wp-json\/wp\/v2\/product"}],"about":[{"href":"https:\/\/westgem.shop\/fr\/wp-json\/wp\/v2\/types\/product"}],"wp:featuredmedia":[{"embeddable":true,"href":"https:\/\/westgem.shop\/fr\/wp-json\/wp\/v2\/media\/16104"}],"wp:attachment":[{"href":"https:\/\/westgem.shop\/fr\/wp-json\/wp\/v2\/media?parent=16102"}],"wp:term":[{"taxonomy":"region","embeddable":true,"href":"https:\/\/westgem.shop\/fr\/wp-json\/wp\/v2\/region?post=16102"},{"taxonomy":"product_brand","embeddable":true,"href":"https:\/\/westgem.shop\/fr\/wp-json\/wp\/v2\/product_brand?post=16102"},{"taxonomy":"product_cat","embeddable":true,"href":"https:\/\/westgem.shop\/fr\/wp-json\/wp\/v2\/product_cat?post=16102"},{"taxonomy":"product_tag","embeddable":true,"href":"https:\/\/westgem.shop\/fr\/wp-json\/wp\/v2\/product_tag?post=16102"}],"curies":[{"name":"wp","href":"https:\/\/api.w.org\/{rel}","templated":true}]}}