{"id":16132,"date":"2021-12-02T14:46:13","date_gmt":"2021-12-02T14:46:13","guid":{"rendered":"https:\/\/westgem.shop\/?post_type=product&#038;p=16132"},"modified":"2022-03-16T07:25:20","modified_gmt":"2022-03-16T07:25:20","slug":"rarete-bleu-de-fer","status":"publish","type":"product","link":"https:\/\/westgem.shop\/fr\/produit\/rarete-bleu-de-fer\/","title":{"rendered":"Fleur de fer bleue - Erzberg"},"content":{"rendered":"<p><strong>Tr\u00e8s belle fleur de fer bleue de l'Erzberg styrien<\/strong><\/p>\n<p>Les fleurs de fer sont des formations fritt\u00e9es d'aragonite dans les cavit\u00e9s des gisements de minerai.<\/p>\n<p>Dans la grande majorit\u00e9 des cas, les fleurs de fer sont blanches ou brun\u00e2tres.<\/p>\n<p><strong>Extr\u00eamement rares et tr\u00e8s recherch\u00e9es, les fleurs de fer bleues <\/strong>- La couleur est de cuivre.<\/p>\n<p>Cette pi\u00e8ce \u00e0 la formation typique en grappe a \u00e9t\u00e9 trouv\u00e9e en 1970.<\/p>\n<p>Lieu de d\u00e9couverte :<strong> Erzberg - Eisenerz - Styrie - Autriche<\/strong><\/p>\n<p>poids : 280 g<\/p>\n<p>Dim : 8 x 7 x 3 cm<\/p>\n<p>Au verso, il y a encore<strong> sid\u00e9rite brune xx\u00a0<\/strong><\/p>","protected":false},"excerpt":{"rendered":"<p>Tr\u00e8s belle fleur de fer bleue de l'Erzberg styrien Les fleurs de fer sont des concr\u00e9tions d'aragonite dans les cavit\u00e9s des gisements de minerai. Dans la plupart des cas, les fleurs de fer sont blanches ou brun\u00e2tres. Les fleurs de fer bleues sont extr\u00eamement rares et tr\u00e8s recherch\u00e9es - leur couleur est le cuivre. Cette pi\u00e8ce \u00e0 la forme typique de grappe a \u00e9t\u00e9 trouv\u00e9e en 1970. Lieu de d\u00e9couverte : Erzberg - Eisenerz - Styrie - [...].<\/p>","protected":false},"featured_media":19048,"template":"","meta":{"_acf_changed":false},"region":[59],"product_brand":[],"product_cat":[19],"product_tag":[],"class_list":{"0":"post-16132","1":"product","2":"type-product","3":"status-publish","4":"has-post-thumbnail","6":"region-oesterreich","7":"product_cat-kristallstufen","9":"first","10":"outofstock","11":"sold-individually","12":"taxable","13":"shipping-taxable","14":"purchasable","15":"product-type-simple"},"acf":[],"_links":{"self":[{"href":"https:\/\/westgem.shop\/fr\/wp-json\/wp\/v2\/product\/16132","targetHints":{"allow":["GET"]}}],"collection":[{"href":"https:\/\/westgem.shop\/fr\/wp-json\/wp\/v2\/product"}],"about":[{"href":"https:\/\/westgem.shop\/fr\/wp-json\/wp\/v2\/types\/product"}],"wp:featuredmedia":[{"embeddable":true,"href":"https:\/\/westgem.shop\/fr\/wp-json\/wp\/v2\/media\/19048"}],"wp:attachment":[{"href":"https:\/\/westgem.shop\/fr\/wp-json\/wp\/v2\/media?parent=16132"}],"wp:term":[{"taxonomy":"region","embeddable":true,"href":"https:\/\/westgem.shop\/fr\/wp-json\/wp\/v2\/region?post=16132"},{"taxonomy":"product_brand","embeddable":true,"href":"https:\/\/westgem.shop\/fr\/wp-json\/wp\/v2\/product_brand?post=16132"},{"taxonomy":"product_cat","embeddable":true,"href":"https:\/\/westgem.shop\/fr\/wp-json\/wp\/v2\/product_cat?post=16132"},{"taxonomy":"product_tag","embeddable":true,"href":"https:\/\/westgem.shop\/fr\/wp-json\/wp\/v2\/product_tag?post=16132"}],"curies":[{"name":"wp","href":"https:\/\/api.w.org\/{rel}","templated":true}]}}