{"id":16200,"date":"2001-11-07T00:00:00","date_gmt":"2001-11-07T00:00:00","guid":{"rendered":"https:\/\/westgem.shop\/product\/1a-level-pyrite-xx-and-bergkristall-xx\/"},"modified":"2001-11-07T00:00:00","modified_gmt":"2001-11-07T00:00:00","slug":"1a-stage-pyrite-xx-et-cristal-de-roche-xx","status":"publish","type":"product","link":"https:\/\/westgem.shop\/fr\/produit\/1a-stage-pyrite-xx-et-cristal-de-roche-xx\/","title":{"rendered":"1A Level - PYRITE xx et BERGKRISTALL xx"},"content":{"rendered":"<p>Sp\u00e9cimen exceptionnel avec des cristaux de PYRITE dominants et tr\u00e8s voluptueux dans un sp\u00e9cimen de CRISTAL DE MONTAGNE avec des pointes claires et nettes.<\/p>\n<p>Large,visuellement remarquable et rare.<\/p>\n<p>Cette pi\u00e8ce de premi\u00e8re classe provient d'anciennes trouvailles dans les HAUTES ANDES .<\/p>\n<p>De telles \u00e9tapes se trouvent aujourd'hui aussi bonnes que jamais !<\/p>\n<p>R\u00c9GION ANCASH - Basto Bueno - P\u00c9ROU<\/p>\n<p>Poids : 1.7 kilogramme Dimensions : 21 x 15 x 9 cm<\/p>\n<p>La derni\u00e8re image est l'arri\u00e8re de l'\u00e9tape .<\/p>","protected":false},"excerpt":{"rendered":"<p>Excellent sp\u00e9cimen avec des cristaux de PYRITE dominants et tr\u00e8s voluptueux dans un sp\u00e9cimen de CRISTAL DE MONTAGNE avec des pointes claires et brillantes. Grand, visuellement impressionnant et rare. Cette pi\u00e8ce de premi\u00e8re classe provient d'anciennes trouvailles dans les HAUTES ANDES . On ne trouve plus de telles marches aujourd'hui ! R\u00c9GION ANCASH - Basto Bueno - P\u00c9ROU Poids : 1.7 kilogrammes Dimensions : 21 [...]<\/p>","protected":false},"featured_media":0,"template":"","meta":{"_acf_changed":false},"region":[],"product_brand":[],"product_cat":[15],"product_tag":[],"class_list":{"0":"post-16200","1":"product","2":"type-product","3":"status-publish","5":"product_cat-mineralien","7":"first","8":"outofstock","9":"sold-individually","10":"product-type-simple"},"acf":[],"_links":{"self":[{"href":"https:\/\/westgem.shop\/fr\/wp-json\/wp\/v2\/product\/16200","targetHints":{"allow":["GET"]}}],"collection":[{"href":"https:\/\/westgem.shop\/fr\/wp-json\/wp\/v2\/product"}],"about":[{"href":"https:\/\/westgem.shop\/fr\/wp-json\/wp\/v2\/types\/product"}],"wp:attachment":[{"href":"https:\/\/westgem.shop\/fr\/wp-json\/wp\/v2\/media?parent=16200"}],"wp:term":[{"taxonomy":"region","embeddable":true,"href":"https:\/\/westgem.shop\/fr\/wp-json\/wp\/v2\/region?post=16200"},{"taxonomy":"product_brand","embeddable":true,"href":"https:\/\/westgem.shop\/fr\/wp-json\/wp\/v2\/product_brand?post=16200"},{"taxonomy":"product_cat","embeddable":true,"href":"https:\/\/westgem.shop\/fr\/wp-json\/wp\/v2\/product_cat?post=16200"},{"taxonomy":"product_tag","embeddable":true,"href":"https:\/\/westgem.shop\/fr\/wp-json\/wp\/v2\/product_tag?post=16200"}],"curies":[{"name":"wp","href":"https:\/\/api.w.org\/{rel}","templated":true}]}}