{"id":16398,"date":"2022-07-18T07:22:42","date_gmt":"2022-07-18T07:22:42","guid":{"rendered":"https:\/\/westgem.shop\/?post_type=product&#038;p=16398"},"modified":"2022-10-05T06:25:32","modified_gmt":"2022-10-05T06:25:32","slug":"grande-etape-wufenit-xx-bleiberg","status":"publish","type":"product","link":"https:\/\/westgem.shop\/fr\/produit\/grande-etape-wufenit-xx-bleiberg\/","title":{"rendered":"TOP - XL WULFENIT xx - Montagne de plomb\/localit\u00e9 type"},"content":{"rendered":"<p><strong>de la TYPLOCALIT\u00c9 pour WULFENIT<\/strong><\/p>\n<p><strong>TOP RARIT\u00c4T !<\/strong><\/p>\n<p><strong>Niveau XL - \u00e0 un PRIX SPECIAL UNIQUE !<\/strong><\/p>\n<p>&nbsp;<\/p>\n<p><strong>WULFENIT xx - avec cristaux tabulaires jaune miel typiques de Bleiberg et <\/strong><\/p>\n<p><strong>de plomb noir\/<\/strong><strong>GALENIT -\u00a0<\/strong><\/p>\n<p><strong> sur calcaire de pierre m\u00e9t\u00e9o<\/strong><\/p>\n<p>&nbsp;<\/p>\n<p><strong>WULFENIT -<\/strong><strong> Pb(MoO4) - \u00e9galement connu sous le nom de minerai de plomb jaune<\/strong>t<\/p>\n<p><strong>En bref :<\/strong><\/p>\n<p><strong>Bleiberg\/Kreuth - l'exploitation mini\u00e8re depuis le 14e si\u00e8cle. La premi\u00e8re exploitation de minerais de plomb attest\u00e9e par des documents date de 1333.<\/strong><\/p>\n<p>Extraction des minerais dans des galeries et des puits avec une <strong>Longueur totale de 1 300 kilom\u00e8tres.<\/strong><\/p>\n<p>En 1785, Franz Xaver Freiher von Wulfen a d\u00e9crit pour la premi\u00e8re fois ce minerai de plomb jaune sous le nom de \"K\u00e4rntner Bleyspath\" - Plus tard, le min\u00e9ral a \u00e9t\u00e9 nomm\u00e9 d'apr\u00e8s Wulfen.<\/p>\n<p><strong>L'exploitation mini\u00e8re a cess\u00e9 en 1986 - de nouvelles d\u00e9couvertes sont donc impossibles.<\/strong><\/p>\n<p>&nbsp;<\/p>\n<p><strong>Cette merveille a \u00e9t\u00e9 retrouv\u00e9e dans les ann\u00e9es 1970.<\/strong><\/p>\n<p><strong>Grube Stefanie - 13\u00e8me course - Konradi - Bleiberg\/Kreuth - Carinthie - Autriche<\/strong><\/p>\n<p>&nbsp;<\/p>\n<p><strong>poids : 3,72 kilogrammes<\/strong><\/p>\n<p>Dim : <strong>170 x 150 x 110<\/strong><\/p>\n<p>&nbsp;<\/p>\n<p><strong>PRIX SP\u00c9CIAL ! !!!\u00a0<\/strong><\/p>","protected":false},"excerpt":{"rendered":"<p>de la TYPLOKALIT\u00c9 pour WULFENIT TOP RARIT\u00c4T ! Niveau XL - \u00e0 un PRIX SPECIAL UNIQUE !   WULFENIT xx - avec des cristaux tabulaires jaune miel typiques de Bleiberg et de la gal\u00e8ne noire - sur calcaire de Wetterstein WULFENIT - Pb(MoO4) - \u00e9galement connu sous le nom de minerai de plomb jaune En bref : Bleiberg\/Kreuth - exploitation mini\u00e8re depuis le 14e si\u00e8cle. Le premier document [...]<\/p>","protected":false},"featured_media":16302,"template":"","meta":{"_acf_changed":false},"region":[59],"product_brand":[],"product_cat":[19],"product_tag":[],"class_list":{"0":"post-16398","1":"product","2":"type-product","3":"status-publish","4":"has-post-thumbnail","6":"region-oesterreich","7":"product_cat-kristallstufen","9":"first","10":"outofstock","11":"sold-individually","12":"taxable","13":"shipping-taxable","14":"purchasable","15":"product-type-simple"},"acf":[],"_links":{"self":[{"href":"https:\/\/westgem.shop\/fr\/wp-json\/wp\/v2\/product\/16398","targetHints":{"allow":["GET"]}}],"collection":[{"href":"https:\/\/westgem.shop\/fr\/wp-json\/wp\/v2\/product"}],"about":[{"href":"https:\/\/westgem.shop\/fr\/wp-json\/wp\/v2\/types\/product"}],"wp:featuredmedia":[{"embeddable":true,"href":"https:\/\/westgem.shop\/fr\/wp-json\/wp\/v2\/media\/16302"}],"wp:attachment":[{"href":"https:\/\/westgem.shop\/fr\/wp-json\/wp\/v2\/media?parent=16398"}],"wp:term":[{"taxonomy":"region","embeddable":true,"href":"https:\/\/westgem.shop\/fr\/wp-json\/wp\/v2\/region?post=16398"},{"taxonomy":"product_brand","embeddable":true,"href":"https:\/\/westgem.shop\/fr\/wp-json\/wp\/v2\/product_brand?post=16398"},{"taxonomy":"product_cat","embeddable":true,"href":"https:\/\/westgem.shop\/fr\/wp-json\/wp\/v2\/product_cat?post=16398"},{"taxonomy":"product_tag","embeddable":true,"href":"https:\/\/westgem.shop\/fr\/wp-json\/wp\/v2\/product_tag?post=16398"}],"curies":[{"name":"wp","href":"https:\/\/api.w.org\/{rel}","templated":true}]}}