{"id":16422,"date":"2021-10-22T14:28:12","date_gmt":"2021-10-22T14:28:12","guid":{"rendered":"https:\/\/westgem.shop\/?post_type=product&#038;p=16422"},"modified":"2021-12-17T08:20:12","modified_gmt":"2021-12-17T08:20:12","slug":"top-special-rarete-bleu-fer","status":"publish","type":"product","link":"https:\/\/westgem.shop\/fr\/produit\/top-special-rarete-bleu-fer\/","title":{"rendered":"Raret\u00e9 ERZBERG - Fleur de fer bleue xx"},"content":{"rendered":"<p>&nbsp;<\/p>\n<p><strong>Les derni\u00e8res d\u00e9couvertes de l'Erzberg styrien datent de 1970.<\/strong><\/p>\n<p>Les marches min\u00e9rales \u00e9taient issues de l'ancienne exploitation des galeries - depuis, on n'exploite plus que des mines \u00e0 ciel ouvert.<\/p>\n<p>L'Erzberg styrien est la plus grande exploitation de minerai de fer d'Europe centrale et le plus grand gisement de SIDERIT = pierre de fer brune au monde.<\/p>\n<p>Chaque ann\u00e9e, 12 millions de tonnes de roche donnent alors environ 3 millions de tonnes de minerai fin.<\/p>\n<p><strong>FLEUR DE FER est un nom sp\u00e9cial pour le min\u00e9ral ARAGONITE,<\/strong> form\u00e9s par les eaux de surface dans les cavit\u00e9s des gisements de minerais.<\/p>\n<p>Les fleurs de fer sont g\u00e9n\u00e9ralement blanches \u00e0 brun\u00e2tres - et forment des formes sessiles ou stalagtitiques.<\/p>\n<p><strong>Les FLEURS DE FER BLEUES \u00e9taient EXTR\u00caMEMENT RARES et sont donc tr\u00e8s recherch\u00e9es.<\/strong><\/p>\n<p><strong>Ce niveau est une ARAGONITE AIGUILLE BLEUE - la couleur sp\u00e9ciale provient des ions de cuivre et \u00e9tait tr\u00e8s RARE sous cette forme.<\/strong><\/p>\n<p>Lieu de d\u00e9couverte : <strong>Erzberg - Ville d'Eisenerz - Styrie - Autriche<\/strong><\/p>\n<p>poids : <strong>1,54 kilogramme<\/strong><\/p>\n<p>Dim : <strong>21 x 14 x 8 cm<\/strong><\/p>\n<p>La derni\u00e8re image montre la vue de c\u00f4t\u00e9 et de dessous<\/p>\n<p>&nbsp;<\/p>\n<p>&nbsp;<\/p>","protected":false},"excerpt":{"rendered":"<p>&nbsp; Les derni\u00e8res d\u00e9couvertes de l'Erzberg styrien datent de 1970. Les niveaux min\u00e9raux \u00e9taient issus de l'ancienne exploitation en galerie - depuis, on ne pratique plus que l'exploitation \u00e0 ciel ouvert. L'Erzberg styrien est la plus grande exploitation de minerai de fer d'Europe centrale et le plus grand gisement de SIDERITE = pierre de fer brune au monde. Chaque ann\u00e9e, 12 millions de tonnes de roche donnent alors environ 3 [...]<\/p>","protected":false},"featured_media":16410,"template":"","meta":{"_acf_changed":false},"region":[59],"product_brand":[],"product_cat":[19],"product_tag":[],"class_list":{"0":"post-16422","1":"product","2":"type-product","3":"status-publish","4":"has-post-thumbnail","6":"region-oesterreich","7":"product_cat-kristallstufen","9":"first","10":"outofstock","11":"sold-individually","12":"taxable","13":"shipping-taxable","14":"purchasable","15":"product-type-simple"},"acf":[],"_links":{"self":[{"href":"https:\/\/westgem.shop\/fr\/wp-json\/wp\/v2\/product\/16422","targetHints":{"allow":["GET"]}}],"collection":[{"href":"https:\/\/westgem.shop\/fr\/wp-json\/wp\/v2\/product"}],"about":[{"href":"https:\/\/westgem.shop\/fr\/wp-json\/wp\/v2\/types\/product"}],"wp:featuredmedia":[{"embeddable":true,"href":"https:\/\/westgem.shop\/fr\/wp-json\/wp\/v2\/media\/16410"}],"wp:attachment":[{"href":"https:\/\/westgem.shop\/fr\/wp-json\/wp\/v2\/media?parent=16422"}],"wp:term":[{"taxonomy":"region","embeddable":true,"href":"https:\/\/westgem.shop\/fr\/wp-json\/wp\/v2\/region?post=16422"},{"taxonomy":"product_brand","embeddable":true,"href":"https:\/\/westgem.shop\/fr\/wp-json\/wp\/v2\/product_brand?post=16422"},{"taxonomy":"product_cat","embeddable":true,"href":"https:\/\/westgem.shop\/fr\/wp-json\/wp\/v2\/product_cat?post=16422"},{"taxonomy":"product_tag","embeddable":true,"href":"https:\/\/westgem.shop\/fr\/wp-json\/wp\/v2\/product_tag?post=16422"}],"curies":[{"name":"wp","href":"https:\/\/api.w.org\/{rel}","templated":true}]}}