{"id":16444,"date":"2021-09-02T12:01:57","date_gmt":"2021-09-02T12:01:57","guid":{"rendered":"https:\/\/westgem.shop\/?post_type=product&#038;p=16444"},"modified":"2021-09-24T10:14:13","modified_gmt":"2021-09-24T10:14:13","slug":"oeuf-de-dragon-septerye","status":"publish","type":"product","link":"https:\/\/westgem.shop\/fr\/produit\/oeuf-de-dragon-septerye\/","title":{"rendered":"Septerye \"Dragon Egg\" (\u0153uf de dragon)"},"content":{"rendered":"<p><strong>Septarie de type \u0153uf de dragon<\/strong><\/p>\n<p><strong>CALCIT, CHALCEDON et ARAGONITE<\/strong><\/p>\n<p>Des nodules de roche boueuse se r\u00e9tractent au fond de la mer. Dans les fissures s'installent<\/p>\n<p>les micro-organismes et forment avec les min\u00e9raux une couche de calcite qui forme un ciment avec la boue, la calc\u00e9doine et l'aragonite.<\/p>\n<p>De belles couleurs et des motifs fantastiques = un objet d\u00e9coratif tr\u00e8s attractif...<\/p>\n<p>localisation de la trouvaille : Mahajunga - Madagascar<\/p>\n<p>poids :<strong> 1,3 kilogramme<\/strong><\/p>\n<p>Dim : 16,5 x 11 x 6 cm<\/p>\n<p>Base sci\u00e9e, polie - la derni\u00e8re photo montre l'arri\u00e8re.<\/p>","protected":false},"excerpt":{"rendered":"<p>Septaria type dragon Oeuf CALCITE, CHALCEDONE et ARAGONITE Les nodules de roches boueuses se r\u00e9tractent au fond de la mer. Des micro-organismes s'installent dans les fissures et forment avec des min\u00e9raux une couche de calcite qui cr\u00e9e une liaison de type ciment avec la roche de boue, la calc\u00e9doine et l'aragonite De belles couleurs et des motifs fantastiques = un objet d\u00e9coratif tr\u00e8s attrayant... Lieu de d\u00e9couverte : Mahajunga - Madagascar Poids : 1,3 [...]<\/p>","protected":false},"featured_media":16431,"template":"","meta":{"_acf_changed":false},"region":[62],"product_brand":[],"product_cat":[19],"product_tag":[],"class_list":{"0":"post-16444","1":"product","2":"type-product","3":"status-publish","4":"has-post-thumbnail","6":"region-afrika","7":"product_cat-kristallstufen","9":"first","10":"instock","11":"sold-individually","12":"taxable","13":"shipping-taxable","14":"purchasable","15":"product-type-simple"},"acf":[],"_links":{"self":[{"href":"https:\/\/westgem.shop\/fr\/wp-json\/wp\/v2\/product\/16444","targetHints":{"allow":["GET"]}}],"collection":[{"href":"https:\/\/westgem.shop\/fr\/wp-json\/wp\/v2\/product"}],"about":[{"href":"https:\/\/westgem.shop\/fr\/wp-json\/wp\/v2\/types\/product"}],"wp:featuredmedia":[{"embeddable":true,"href":"https:\/\/westgem.shop\/fr\/wp-json\/wp\/v2\/media\/16431"}],"wp:attachment":[{"href":"https:\/\/westgem.shop\/fr\/wp-json\/wp\/v2\/media?parent=16444"}],"wp:term":[{"taxonomy":"region","embeddable":true,"href":"https:\/\/westgem.shop\/fr\/wp-json\/wp\/v2\/region?post=16444"},{"taxonomy":"product_brand","embeddable":true,"href":"https:\/\/westgem.shop\/fr\/wp-json\/wp\/v2\/product_brand?post=16444"},{"taxonomy":"product_cat","embeddable":true,"href":"https:\/\/westgem.shop\/fr\/wp-json\/wp\/v2\/product_cat?post=16444"},{"taxonomy":"product_tag","embeddable":true,"href":"https:\/\/westgem.shop\/fr\/wp-json\/wp\/v2\/product_tag?post=16444"}],"curies":[{"name":"wp","href":"https:\/\/api.w.org\/{rel}","templated":true}]}}