{"id":16445,"date":"2021-12-29T10:50:46","date_gmt":"2021-12-29T10:50:46","guid":{"rendered":"https:\/\/westgem.shop\/?post_type=product&#038;p=16445"},"modified":"2022-04-01T10:19:07","modified_gmt":"2022-04-01T10:19:07","slug":"beryl-bleu-var-aigue-marine-en-quartz","status":"publish","type":"product","link":"https:\/\/westgem.shop\/fr\/produit\/beryl-bleu-var-aigue-marine-en-quartz\/","title":{"rendered":"B\u00e9ryl bleu dans une pegmatite"},"content":{"rendered":"<p>Tr\u00e8s belle pi\u00e8ce de d\u00e9coration - un accroche-regard optique pour le salon et le bureau.<\/p>\n<p><strong>Niveau min\u00e9ral classique des ann\u00e9es 1990.<\/strong><\/p>\n<p><strong>Parelhas - Rio Grande do Norte - Br\u00e9sil du Nord-Est<\/strong><\/p>\n<p>Le cristal bleu b\u00e9ryl mesure 10 cm de long et se trouve dans un cristal blanc,<\/p>\n<p>translucide sur les bords, l\u00e9g\u00e8rement fum\u00e9, grand QUARTZ cristallin.<\/p>\n<p>Info : SEULS les b\u00e9ryls bleus clairs et transparents de bonne couleur sont des vari\u00e9t\u00e9s de pierres pr\u00e9cieuses AQUAMARINES.<\/p>\n<p>De ce site autrefois connu, on ne voit pratiquement plus de nouveau mat\u00e9riau sur le march\u00e9 depuis 25 ans.<\/p>\n<p><strong>Poids : 3 kilogrammes<\/strong><\/p>\n<p>Dim : <strong>20 x 18 x 14 cm<\/strong><\/p>\n<p><strong>SUPER PRIX ! !!<\/strong><\/p>\n<p>La cassure dans la partie sup\u00e9rieure du cristal de b\u00e9ryl s'est tr\u00e8s probablement produite lors de l'extraction de la matrice de quartz de la roche environnante. Les b\u00e9ryls sont tr\u00e8s durs, d'une duret\u00e9 de 7 \u00e0 8 Mohs, et donc sensibles aux chocs. Malgr\u00e9 cela, le niveau est ORIGINAL et tr\u00e8s attractif.<\/p>","protected":false},"excerpt":{"rendered":"<p>Tr\u00e8s belle pi\u00e8ce de d\u00e9coration - un accroche-regard optique pour le salon et le bureau. Un niveau min\u00e9ral classique des ann\u00e9es 1990. Parelhas - Rio Grande do Norte - Nord-Est du Br\u00e9sil Le cristal de b\u00e9ryl bleu mesure 10 cm de long et se trouve dans un grand QUARTZ cristallin blanc, aux bords translucides et l\u00e9g\u00e8rement fum\u00e9s. Info : SEULEMENT les b\u00e9ryls bleus transparents avec une bonne [...].<\/p>","protected":false},"featured_media":16458,"template":"","meta":{"_acf_changed":false},"region":[60],"product_brand":[],"product_cat":[19],"product_tag":[],"class_list":{"0":"post-16445","1":"product","2":"type-product","3":"status-publish","4":"has-post-thumbnail","6":"region-suedamerika","7":"product_cat-kristallstufen","9":"first","10":"instock","11":"sold-individually","12":"taxable","13":"shipping-taxable","14":"purchasable","15":"product-type-simple"},"acf":[],"_links":{"self":[{"href":"https:\/\/westgem.shop\/fr\/wp-json\/wp\/v2\/product\/16445","targetHints":{"allow":["GET"]}}],"collection":[{"href":"https:\/\/westgem.shop\/fr\/wp-json\/wp\/v2\/product"}],"about":[{"href":"https:\/\/westgem.shop\/fr\/wp-json\/wp\/v2\/types\/product"}],"wp:featuredmedia":[{"embeddable":true,"href":"https:\/\/westgem.shop\/fr\/wp-json\/wp\/v2\/media\/16458"}],"wp:attachment":[{"href":"https:\/\/westgem.shop\/fr\/wp-json\/wp\/v2\/media?parent=16445"}],"wp:term":[{"taxonomy":"region","embeddable":true,"href":"https:\/\/westgem.shop\/fr\/wp-json\/wp\/v2\/region?post=16445"},{"taxonomy":"product_brand","embeddable":true,"href":"https:\/\/westgem.shop\/fr\/wp-json\/wp\/v2\/product_brand?post=16445"},{"taxonomy":"product_cat","embeddable":true,"href":"https:\/\/westgem.shop\/fr\/wp-json\/wp\/v2\/product_cat?post=16445"},{"taxonomy":"product_tag","embeddable":true,"href":"https:\/\/westgem.shop\/fr\/wp-json\/wp\/v2\/product_tag?post=16445"}],"curies":[{"name":"wp","href":"https:\/\/api.w.org\/{rel}","templated":true}]}}