{"id":16677,"date":"2022-06-17T07:15:38","date_gmt":"2022-06-17T07:15:38","guid":{"rendered":"https:\/\/westgem.shop\/?post_type=product&#038;p=16677"},"modified":"2024-02-03T07:35:18","modified_gmt":"2024-02-03T07:35:18","slug":"specimen-de-presentation-de-premiere-classe-mookait","status":"publish","type":"product","link":"https:\/\/westgem.shop\/fr\/produit\/specimen-de-presentation-de-premiere-classe-mookait\/","title":{"rendered":"Mookait - belle pierre brute d'Australie occidentale"},"content":{"rendered":"<p><strong>Plus de 1 MILLIARDE d'ann\u00e9es<\/strong><\/p>\n<p><strong>Unique site au monde en Australie occidentale<\/strong><\/p>\n<p>MOOKAIT - le nom vient du site - Mooka Creek. Chez les Aborig\u00e8nes, cela signifie \"eau courante\", ce qui fait r\u00e9f\u00e9rence aux nombreuses sources d'eau douce.<\/p>\n<p>Mookait est <strong>HORNSTEIN, OPALITH et CHALCEDON<\/strong> et\/ou une combinaison des deux.<\/p>\n<p>Les superbes couleurs proviennent des radiolaires et des diff\u00e9rentes proportions de silice dans la calc\u00e9doine multicolore.<\/p>\n<p>Lieu de d\u00e9couverte : Kennedy Ranges - Gascoyne Junction - 600 miles au nord de Perth - Australie occidentale<\/p>\n<p>poids :\u00a0 <strong>3,6 kilogrammes<\/strong><\/p>\n<p>Dim : hauteur 19 cm largeur 18 cm profondeur 9 cm<\/p>\n<p><strong>Tr\u00e8s d\u00e9coratif - Superbe accroche-regard pour un salon moderne ou un bureau etc....<\/strong><\/p>\n<p><strong>C'est \u00e9galement un cadeau exquis pour les personnes importantes qui ont d\u00e9j\u00e0 tout.<\/strong><\/p>\n<p>Nous livrons bien s\u00fbr CETTE pi\u00e8ce avec des informations d\u00e9taill\u00e9es sur la pierre et le lieu de d\u00e9couverte.<\/p>","protected":false},"excerpt":{"rendered":"<p>Plus de 1 MILLIARDE d'ann\u00e9es Seul site au monde dans l'ouest de l'Australie MOOKAIT - le nom vient du site - Mooka Creek. Chez les Aborig\u00e8nes, cela signifie \"eau courante\", ce qui fait r\u00e9f\u00e9rence aux nombreuses sources d'eau douce. La mooka\u00efte est de l'HORNSTEIN, de l'OPALITE et de la CHALCEDONE et\/ou une combinaison des trois. Les superbes couleurs proviennent des radiolaires et des diff\u00e9rents taux de silice [...].<\/p>","protected":false},"featured_media":16656,"template":"","meta":{"_acf_changed":false},"region":[56],"product_brand":[],"product_cat":[16],"product_tag":[],"class_list":{"0":"post-16677","1":"product","2":"type-product","3":"status-publish","4":"has-post-thumbnail","6":"region-australien","7":"product_cat-rohsteine","9":"first","10":"instock","11":"sold-individually","12":"taxable","13":"shipping-taxable","14":"purchasable","15":"product-type-simple"},"acf":[],"_links":{"self":[{"href":"https:\/\/westgem.shop\/fr\/wp-json\/wp\/v2\/product\/16677","targetHints":{"allow":["GET"]}}],"collection":[{"href":"https:\/\/westgem.shop\/fr\/wp-json\/wp\/v2\/product"}],"about":[{"href":"https:\/\/westgem.shop\/fr\/wp-json\/wp\/v2\/types\/product"}],"wp:featuredmedia":[{"embeddable":true,"href":"https:\/\/westgem.shop\/fr\/wp-json\/wp\/v2\/media\/16656"}],"wp:attachment":[{"href":"https:\/\/westgem.shop\/fr\/wp-json\/wp\/v2\/media?parent=16677"}],"wp:term":[{"taxonomy":"region","embeddable":true,"href":"https:\/\/westgem.shop\/fr\/wp-json\/wp\/v2\/region?post=16677"},{"taxonomy":"product_brand","embeddable":true,"href":"https:\/\/westgem.shop\/fr\/wp-json\/wp\/v2\/product_brand?post=16677"},{"taxonomy":"product_cat","embeddable":true,"href":"https:\/\/westgem.shop\/fr\/wp-json\/wp\/v2\/product_cat?post=16677"},{"taxonomy":"product_tag","embeddable":true,"href":"https:\/\/westgem.shop\/fr\/wp-json\/wp\/v2\/product_tag?post=16677"}],"curies":[{"name":"wp","href":"https:\/\/api.w.org\/{rel}","templated":true}]}}