{"id":16706,"date":"2022-07-16T14:45:59","date_gmt":"2022-07-16T14:45:59","guid":{"rendered":"https:\/\/westgem.shop\/?post_type=product&#038;p=16706"},"modified":"2022-09-14T09:48:12","modified_gmt":"2022-09-14T09:48:12","slug":"cristal-de-roche-xx-special","status":"publish","type":"product","link":"https:\/\/westgem.shop\/fr\/produit\/cristal-de-roche-xx-special\/","title":{"rendered":"JACARE QUARZ xx"},"content":{"rendered":"<p>Ce sont tout \u00e0 fait<strong> sp\u00e9cial<\/strong> Niveaux de cristal.<\/p>\n<p><strong>Jacare Quartz - clair, haute brillance,<\/strong><strong>\u00a0translucide.<\/strong><\/p>\n<p><strong>Des cristaux plus petits poussent sur des surfaces rhombo\u00e9driques, tw dans des structures parall\u00e8les.<\/strong><\/p>\n<p>En raison de leur aspect particulier, qui rappelle la carapace des l\u00e9zards, ces vari\u00e9t\u00e9s sont \u00e9galement appel\u00e9es \"poissons\".<\/p>\n<p><strong>\"Crocodile Quartz\"<\/strong> est appel\u00e9<\/p>\n<p><strong>Belle structure, cristaux l\u00e9g\u00e8rement fum\u00e9s - Rare \u00e0 voir.<\/strong><\/p>\n<p>localisation de la trouvaille : San Geraldo do Baixo - Br\u00e9sil<\/p>\n<p>poids : <strong>1,8 kilogramme<\/strong><\/p>\n<p>Dim :<strong> 19 x 11 x 8 cm<\/strong><\/p>\n<p>Ancienne d\u00e9couverte de 1995<\/p>\n<p>La derni\u00e8re photo montre la face inf\u00e9rieure avec une base naturellement droite.<\/p>\n<p><strong>PRIX SP\u00c9CIAL ! !!<\/strong><\/p>","protected":false},"excerpt":{"rendered":"<p>Ce sont des niveaux de cristal tr\u00e8s particuliers. Quartz Jacare - clair, tr\u00e8s brillant, translucide. Des cristaux plus petits poussent sur des surfaces rhombo\u00e9driques, tw dans des structures parall\u00e8les. En raison de leur aspect particulier, qui rappelle la carapace des l\u00e9zards, ces vari\u00e9t\u00e9s sont \u00e9galement appel\u00e9es \"quartz crocodile\". Belle structure, cristaux l\u00e9g\u00e8rement fum\u00e9s - Rare \u00e0 voir. Lieu de d\u00e9couverte : San Geraldo do Baixo - Br\u00e9sil Poids : [...].<\/p>","protected":false},"featured_media":16685,"template":"","meta":{"_acf_changed":false},"region":[60],"product_brand":[],"product_cat":[19],"product_tag":[],"class_list":{"0":"post-16706","1":"product","2":"type-product","3":"status-publish","4":"has-post-thumbnail","6":"region-suedamerika","7":"product_cat-kristallstufen","9":"first","10":"instock","11":"sold-individually","12":"taxable","13":"shipping-taxable","14":"purchasable","15":"product-type-simple"},"acf":[],"_links":{"self":[{"href":"https:\/\/westgem.shop\/fr\/wp-json\/wp\/v2\/product\/16706","targetHints":{"allow":["GET"]}}],"collection":[{"href":"https:\/\/westgem.shop\/fr\/wp-json\/wp\/v2\/product"}],"about":[{"href":"https:\/\/westgem.shop\/fr\/wp-json\/wp\/v2\/types\/product"}],"wp:featuredmedia":[{"embeddable":true,"href":"https:\/\/westgem.shop\/fr\/wp-json\/wp\/v2\/media\/16685"}],"wp:attachment":[{"href":"https:\/\/westgem.shop\/fr\/wp-json\/wp\/v2\/media?parent=16706"}],"wp:term":[{"taxonomy":"region","embeddable":true,"href":"https:\/\/westgem.shop\/fr\/wp-json\/wp\/v2\/region?post=16706"},{"taxonomy":"product_brand","embeddable":true,"href":"https:\/\/westgem.shop\/fr\/wp-json\/wp\/v2\/product_brand?post=16706"},{"taxonomy":"product_cat","embeddable":true,"href":"https:\/\/westgem.shop\/fr\/wp-json\/wp\/v2\/product_cat?post=16706"},{"taxonomy":"product_tag","embeddable":true,"href":"https:\/\/westgem.shop\/fr\/wp-json\/wp\/v2\/product_tag?post=16706"}],"curies":[{"name":"wp","href":"https:\/\/api.w.org\/{rel}","templated":true}]}}