{"id":16725,"date":"2021-06-05T11:47:03","date_gmt":"2021-06-05T11:47:03","guid":{"rendered":"https:\/\/westgem.shop\/?post_type=product&#038;p=16725"},"modified":"2022-03-16T07:25:21","modified_gmt":"2022-03-16T07:25:21","slug":"ankerit-xx-dolomite-xx-saualpe-kaernten","status":"publish","type":"product","link":"https:\/\/westgem.shop\/fr\/produit\/ankerit-xx-dolomite-xx-saualpe-kaernten\/","title":{"rendered":"Ankerit xx\/Dolomite xx - Saualpe Carinthie"},"content":{"rendered":"<p>Pi\u00e8ce difficile \u00e0 d\u00e9crire, car toute comparaison est impossible \u00e0 trouver.<\/p>\n<p>Nous avons trouv\u00e9 ce niveau en 2002 dans la carri\u00e8re d'amphibolite de Terpetzen, SO Saualpe.<\/p>\n<p>La d\u00e9termination n'a pas \u00e9t\u00e9 et n'est toujours pas facile. Les cristaux en forme de feuille et la couleur indiquent un min\u00e9ral ferreux.<\/p>\n<p>CaFe(CO3)2<\/p>\n<p><strong>Ankereit<\/strong> ou <strong>dolomite ferrugineuse<\/strong> La d\u00e9signation exacte d\u00e9pend de la teneur en fer. Cristaux mixtes de la s\u00e9rie des carbonates. Les cristaux reposent sur une roche de fer brun tr\u00e8s lourde. Des pi\u00e8ces similaires ont \u00e9t\u00e9 trouv\u00e9es \u00e0 H\u00fcttenberg, qui se trouve \u00e9galement sur la Saualpe, mais plus au nord, et les gisements de fer de cette carri\u00e8re sont probablement li\u00e9s aux gisements de minerai de H\u00fcttenberg, o\u00f9 l'on extrayait d\u00e9j\u00e0 le fameux fer nordique il y a plus de 2 000 ans.<\/p>\n<p>Les cristaux sont tr\u00e8s brillants et pr\u00e9sentent un \u00e9clat nacr\u00e9 et satin\u00e9. La couleur est brun-jaune l\u00e9g\u00e8rement orang\u00e9.<\/p>\n<p>Un niveau unique.<\/p>\n<p>poids : <strong>2,4 kilogrammes<\/strong><\/p>\n<p>Dim :<strong> 23 x 14 x 7 cm<\/strong><\/p>\n<p>La derni\u00e8re image est la face inf\u00e9rieure.<\/p>\n<p>Les 3 premi\u00e8res photos sont en int\u00e9rieur - reste de la lumi\u00e8re du soleil.<\/p>","protected":false},"excerpt":{"rendered":"<p>Pi\u00e8ce difficile \u00e0 d\u00e9crire, car aucune comparaison n'est vraiment possible. Nous avons trouv\u00e9 ce niveau en 2002 dans la carri\u00e8re d'amphibolite de Terpetzen, SO Saualpe. La d\u00e9termination n'a pas \u00e9t\u00e9 et n'est toujours pas facile. Les cristaux feuillet\u00e9s et la couleur indiquent qu'il s'agit d'un min\u00e9ral ferreux. CaFe(CO3)2 Ankereit ou dolomite ferrugineuse la d\u00e9signation exacte d\u00e9pend [...].<\/p>","protected":false},"featured_media":16901,"template":"","meta":{"_acf_changed":false},"region":[59],"product_brand":[],"product_cat":[19],"product_tag":[],"class_list":{"0":"post-16725","1":"product","2":"type-product","3":"status-publish","4":"has-post-thumbnail","6":"region-oesterreich","7":"product_cat-kristallstufen","9":"first","10":"outofstock","11":"sold-individually","12":"taxable","13":"shipping-taxable","14":"purchasable","15":"product-type-simple"},"acf":[],"_links":{"self":[{"href":"https:\/\/westgem.shop\/fr\/wp-json\/wp\/v2\/product\/16725","targetHints":{"allow":["GET"]}}],"collection":[{"href":"https:\/\/westgem.shop\/fr\/wp-json\/wp\/v2\/product"}],"about":[{"href":"https:\/\/westgem.shop\/fr\/wp-json\/wp\/v2\/types\/product"}],"wp:featuredmedia":[{"embeddable":true,"href":"https:\/\/westgem.shop\/fr\/wp-json\/wp\/v2\/media\/16901"}],"wp:attachment":[{"href":"https:\/\/westgem.shop\/fr\/wp-json\/wp\/v2\/media?parent=16725"}],"wp:term":[{"taxonomy":"region","embeddable":true,"href":"https:\/\/westgem.shop\/fr\/wp-json\/wp\/v2\/region?post=16725"},{"taxonomy":"product_brand","embeddable":true,"href":"https:\/\/westgem.shop\/fr\/wp-json\/wp\/v2\/product_brand?post=16725"},{"taxonomy":"product_cat","embeddable":true,"href":"https:\/\/westgem.shop\/fr\/wp-json\/wp\/v2\/product_cat?post=16725"},{"taxonomy":"product_tag","embeddable":true,"href":"https:\/\/westgem.shop\/fr\/wp-json\/wp\/v2\/product_tag?post=16725"}],"curies":[{"name":"wp","href":"https:\/\/api.w.org\/{rel}","templated":true}]}}