{"id":16890,"date":"2000-06-01T00:00:00","date_gmt":"2000-06-01T00:00:00","guid":{"rendered":"https:\/\/westgem.shop\/product\/fossil-wood-madagascar\/"},"modified":"2000-06-01T00:00:00","modified_gmt":"2000-06-01T00:00:00","slug":"bois-fossile-madagascar","status":"publish","type":"product","link":"https:\/\/westgem.shop\/fr\/produit\/bois-fossile-madagascar\/","title":{"rendered":"FOSSIL WOOD - Madagascar"},"content":{"rendered":"<p>Tr\u00e8s belle pi\u00e8ce de BOIS POLITIQUE - environ 100 millions d'ann\u00e9es, polie d'un c\u00f4t\u00e9 pour mieux reconna\u00eetre la structure interne de l'ancien arbre.<\/p>\n<p>Superbe objet d\u00e9coratif, \u00e9galement id\u00e9al pour un bureau en tant que porte-papier.<\/p>\n<p>Le site o\u00f9 les logs ont \u00e9t\u00e9 trouv\u00e9s est le Mt. Bity \u00e0 Madagascar .<\/p>\n<p>Poids : 680 g Dimensions : 9 x 9 x 7 cm<\/p>","protected":false},"excerpt":{"rendered":"<p>Tr\u00e8s belle pi\u00e8ce de BOIS POLITIQUE - environ 100 millions d'ann\u00e9es, polie d'un c\u00f4t\u00e9 pour mieux reconna\u00eetre la structure interne de l'ancien arbre. Superbe pi\u00e8ce d\u00e9corative, \u00e9galement id\u00e9ale pour un bureau en tant que feuille de papier. Le site o\u00f9 les logs ont \u00e9t\u00e9 trouv\u00e9s est Mt. Bity \u00e0 Madagascar. Weight : 680 g Dimensions [...]<\/p>","protected":false},"featured_media":0,"template":"","meta":{"_acf_changed":false},"region":[],"product_brand":[],"product_cat":[15],"product_tag":[],"class_list":{"0":"post-16890","1":"product","2":"type-product","3":"status-publish","5":"product_cat-mineralien","7":"first","8":"outofstock","9":"sold-individually","10":"product-type-simple"},"acf":[],"_links":{"self":[{"href":"https:\/\/westgem.shop\/fr\/wp-json\/wp\/v2\/product\/16890","targetHints":{"allow":["GET"]}}],"collection":[{"href":"https:\/\/westgem.shop\/fr\/wp-json\/wp\/v2\/product"}],"about":[{"href":"https:\/\/westgem.shop\/fr\/wp-json\/wp\/v2\/types\/product"}],"wp:attachment":[{"href":"https:\/\/westgem.shop\/fr\/wp-json\/wp\/v2\/media?parent=16890"}],"wp:term":[{"taxonomy":"region","embeddable":true,"href":"https:\/\/westgem.shop\/fr\/wp-json\/wp\/v2\/region?post=16890"},{"taxonomy":"product_brand","embeddable":true,"href":"https:\/\/westgem.shop\/fr\/wp-json\/wp\/v2\/product_brand?post=16890"},{"taxonomy":"product_cat","embeddable":true,"href":"https:\/\/westgem.shop\/fr\/wp-json\/wp\/v2\/product_cat?post=16890"},{"taxonomy":"product_tag","embeddable":true,"href":"https:\/\/westgem.shop\/fr\/wp-json\/wp\/v2\/product_tag?post=16890"}],"curies":[{"name":"wp","href":"https:\/\/api.w.org\/{rel}","templated":true}]}}