{"id":18551,"date":"2021-07-07T09:49:11","date_gmt":"2021-07-07T09:49:11","guid":{"rendered":"https:\/\/westgem.shop\/?post_type=product&#038;p=18551"},"modified":"2024-02-03T07:50:21","modified_gmt":"2024-02-03T07:50:21","slug":"aigue-marine-x-en-quartz-cristallin","status":"publish","type":"product","link":"https:\/\/westgem.shop\/fr\/produit\/aigue-marine-x-en-quartz-cristallin\/","title":{"rendered":"AQUAMARIN x en quartz cristallin"},"content":{"rendered":"<p>Belle longueur de 10,5 cm, <strong>cristal bleu aquamarine<\/strong> - en quartz cristallin clair.<\/p>\n<p>Ancienne d\u00e9couverte des ann\u00e9es 1990 dans le Rio Grande do Norte au nord-est du Br\u00e9sil<\/p>\n<p>poids : <strong>2,3 kilogrammes<\/strong><\/p>\n<p>Dim : 1<strong>6 x 12 x 11 cm<\/strong><\/p>\n<p>Prix sp\u00e9cial ! !<\/p>\n<p>La derni\u00e8re image montre la surface d'appui droite<\/p>","protected":false},"excerpt":{"rendered":"<p>Beau cristal bleu d'aigue-marine de 10,5 cm de long - dans du quartz cristallin clair. Ancienne d\u00e9couverte des ann\u00e9es 1990 \u00e0 Rio Grande do Norte dans le nord-est du Br\u00e9sil Poids : 2,3 kilogrammes Dim : 16 x 12 x 11 cm Prix sp\u00e9cial ! La derni\u00e8re photo montre la base droite<\/p>","protected":false},"featured_media":18542,"template":"","meta":{"_acf_changed":false},"region":[60],"product_brand":[],"product_cat":[22,19],"product_tag":[],"class_list":{"0":"post-18551","1":"product","2":"type-product","3":"status-publish","4":"has-post-thumbnail","6":"region-suedamerika","7":"product_cat-allgemein","8":"product_cat-kristallstufen","10":"first","11":"outofstock","12":"taxable","13":"shipping-taxable","14":"purchasable","15":"product-type-simple"},"acf":[],"_links":{"self":[{"href":"https:\/\/westgem.shop\/fr\/wp-json\/wp\/v2\/product\/18551","targetHints":{"allow":["GET"]}}],"collection":[{"href":"https:\/\/westgem.shop\/fr\/wp-json\/wp\/v2\/product"}],"about":[{"href":"https:\/\/westgem.shop\/fr\/wp-json\/wp\/v2\/types\/product"}],"wp:featuredmedia":[{"embeddable":true,"href":"https:\/\/westgem.shop\/fr\/wp-json\/wp\/v2\/media\/18542"}],"wp:attachment":[{"href":"https:\/\/westgem.shop\/fr\/wp-json\/wp\/v2\/media?parent=18551"}],"wp:term":[{"taxonomy":"region","embeddable":true,"href":"https:\/\/westgem.shop\/fr\/wp-json\/wp\/v2\/region?post=18551"},{"taxonomy":"product_brand","embeddable":true,"href":"https:\/\/westgem.shop\/fr\/wp-json\/wp\/v2\/product_brand?post=18551"},{"taxonomy":"product_cat","embeddable":true,"href":"https:\/\/westgem.shop\/fr\/wp-json\/wp\/v2\/product_cat?post=18551"},{"taxonomy":"product_tag","embeddable":true,"href":"https:\/\/westgem.shop\/fr\/wp-json\/wp\/v2\/product_tag?post=18551"}],"curies":[{"name":"wp","href":"https:\/\/api.w.org\/{rel}","templated":true}]}}