{"id":18617,"date":"2022-07-08T08:07:24","date_gmt":"2022-07-08T08:07:24","guid":{"rendered":"https:\/\/westgem.shop\/?post_type=product&#038;p=18617"},"modified":"2024-02-03T07:34:04","modified_gmt":"2024-02-03T07:34:04","slug":"erzbergite-de-la-localite-type","status":"publish","type":"product","link":"https:\/\/westgem.shop\/fr\/produit\/erzbergite-de-la-localite-type\/","title":{"rendered":"ERZBERGIT - Erzberg\/Steiermark"},"content":{"rendered":"<p><strong>Erzbergite<\/strong> est un min\u00e9ral de sint\u00e9risation en alternances millim\u00e9triques d'ARAGONITE et de CALCITE.<\/p>\n<p>L'archim\u00e9rite se compose de min\u00e9raux blancs ou <strong>ARAGONITE de couleur fonc\u00e9e avec alternance de CALCITE brune ou incolore.<\/strong><\/p>\n<p><strong>Superbe aspect - poli d'un c\u00f4t\u00e9 - tr\u00e8s d\u00e9coratif.<\/strong><\/p>\n<p>Pi\u00e8ce ancienne - aucune nouvelle d\u00e9couverte connue ces derni\u00e8res ann\u00e9es.<\/p>\n<p>Lieu de d\u00e9couverte : <strong>Steirischer Erzberg - Eisenerz - Styrie - Autriche<\/strong><\/p>\n<p>poids : <strong>1,8 kilogramme<\/strong><\/p>\n<p>Dim :<strong> 17 x 12 x 5 cm<\/strong><\/p>\n<p>La photo du produit a \u00e9t\u00e9 prise \u00e0 l'int\u00e9rieur et les deux autres en plein soleil.<\/p>","protected":false},"excerpt":{"rendered":"<p>L'archim\u00e9rite est un min\u00e9ral de type sinif\u00e8re qui pr\u00e9sente des alternances millim\u00e9triques d'ARAGONITE et de CALCITE. L'archim\u00e9rite se compose d'ARAGONITE blanche ou de couleur fonc\u00e9e et de CALCITE brune ou incolore en alternance. Superbe aspect - polie d'un c\u00f4t\u00e9 - tr\u00e8s d\u00e9corative. Ancienne pi\u00e8ce - aucune nouvelle d\u00e9couverte connue ces derni\u00e8res ann\u00e9es. Lieu de d\u00e9couverte : Steirischer Erzberg - Eisenerz - Styrie - Autriche Poids : 1,8 [...]<\/p>","protected":false},"featured_media":18628,"template":"","meta":{"_acf_changed":false},"region":[59],"product_brand":[],"product_cat":[18,16],"product_tag":[],"class_list":{"0":"post-18617","1":"product","2":"type-product","3":"status-publish","4":"has-post-thumbnail","6":"region-oesterreich","7":"product_cat-geschliffene-einzelstucke","8":"product_cat-rohsteine","10":"first","11":"instock","12":"taxable","13":"shipping-taxable","14":"purchasable","15":"product-type-simple"},"acf":[],"_links":{"self":[{"href":"https:\/\/westgem.shop\/fr\/wp-json\/wp\/v2\/product\/18617","targetHints":{"allow":["GET"]}}],"collection":[{"href":"https:\/\/westgem.shop\/fr\/wp-json\/wp\/v2\/product"}],"about":[{"href":"https:\/\/westgem.shop\/fr\/wp-json\/wp\/v2\/types\/product"}],"wp:featuredmedia":[{"embeddable":true,"href":"https:\/\/westgem.shop\/fr\/wp-json\/wp\/v2\/media\/18628"}],"wp:attachment":[{"href":"https:\/\/westgem.shop\/fr\/wp-json\/wp\/v2\/media?parent=18617"}],"wp:term":[{"taxonomy":"region","embeddable":true,"href":"https:\/\/westgem.shop\/fr\/wp-json\/wp\/v2\/region?post=18617"},{"taxonomy":"product_brand","embeddable":true,"href":"https:\/\/westgem.shop\/fr\/wp-json\/wp\/v2\/product_brand?post=18617"},{"taxonomy":"product_cat","embeddable":true,"href":"https:\/\/westgem.shop\/fr\/wp-json\/wp\/v2\/product_cat?post=18617"},{"taxonomy":"product_tag","embeddable":true,"href":"https:\/\/westgem.shop\/fr\/wp-json\/wp\/v2\/product_tag?post=18617"}],"curies":[{"name":"wp","href":"https:\/\/api.w.org\/{rel}","templated":true}]}}