{"id":18645,"date":"2021-12-27T14:40:42","date_gmt":"2021-12-27T14:40:42","guid":{"rendered":"https:\/\/westgem.shop\/?post_type=product&#038;p=18645"},"modified":"2024-02-03T07:37:08","modified_gmt":"2024-02-03T07:37:08","slug":"aa-labradorite-madagascar","status":"publish","type":"product","link":"https:\/\/westgem.shop\/fr\/produit\/aa-labradorite-madagascar\/","title":{"rendered":"AA Labradorite - Madagascar"},"content":{"rendered":"<p><strong>La labradorite est un feldspath plagioclase.<\/strong><\/p>\n<p><strong>Superbe jeu de couleurs iris\u00e9es avec un \u00e9clat m\u00e9tallique.<\/strong><\/p>\n<p>Sur des lamelles jumelles submicroscopiques, la lumi\u00e8re se r\u00e9fracte, selon l'angle de vue, et il en r\u00e9sulte d'incroyables couleurs d'interf\u00e9rence.<\/p>\n<p>Le premier site et celui qui a donn\u00e9 son nom \u00e0 la<strong> P\u00e9ninsule du Labrador au Canada.<\/strong><\/p>\n<p>Surface frontale sci\u00e9e et polie. Surface d'appui droite.<\/p>\n<p>Magnifique objet de d\u00e9coration<\/p>\n<p>poids :\u00a0 <strong>1,9 kilogramme<\/strong><\/p>\n<p>Dim : 17 cm de haut x 9 x 8 cm<\/p>\n<p>Le lieu de d\u00e9couverte de la mati\u00e8re premi\u00e8re est Tul\u00e9ar - Madagascar<\/p>","protected":false},"excerpt":{"rendered":"<p>La labradorite est un feldspath plagioclase. Superbe jeu de couleurs iris\u00e9es avec un \u00e9clat m\u00e9tallique. Selon l'angle de vue, la lumi\u00e8re se r\u00e9fracte sur des lamelles jumelles submicroscopiques, ce qui donne des couleurs d'interf\u00e9rence incroyables. C'est la p\u00e9ninsule du Labrador au Canada qui a \u00e9t\u00e9 d\u00e9couverte pour la premi\u00e8re fois et qui lui a donn\u00e9 son nom. Surface frontale sci\u00e9e et polie. Surface de pose droite. Magnifique objet de d\u00e9coration Poids : 1,9 kilogrammes Dim : 17 cm de haut x 9 x 8 [...]<\/p>","protected":false},"featured_media":18633,"template":"","meta":{"_acf_changed":false},"region":[62],"product_brand":[],"product_cat":[18],"product_tag":[],"class_list":{"0":"post-18645","1":"product","2":"type-product","3":"status-publish","4":"has-post-thumbnail","6":"region-afrika","7":"product_cat-geschliffene-einzelstucke","9":"first","10":"instock","11":"taxable","12":"shipping-taxable","13":"purchasable","14":"product-type-simple"},"acf":[],"_links":{"self":[{"href":"https:\/\/westgem.shop\/fr\/wp-json\/wp\/v2\/product\/18645","targetHints":{"allow":["GET"]}}],"collection":[{"href":"https:\/\/westgem.shop\/fr\/wp-json\/wp\/v2\/product"}],"about":[{"href":"https:\/\/westgem.shop\/fr\/wp-json\/wp\/v2\/types\/product"}],"wp:featuredmedia":[{"embeddable":true,"href":"https:\/\/westgem.shop\/fr\/wp-json\/wp\/v2\/media\/18633"}],"wp:attachment":[{"href":"https:\/\/westgem.shop\/fr\/wp-json\/wp\/v2\/media?parent=18645"}],"wp:term":[{"taxonomy":"region","embeddable":true,"href":"https:\/\/westgem.shop\/fr\/wp-json\/wp\/v2\/region?post=18645"},{"taxonomy":"product_brand","embeddable":true,"href":"https:\/\/westgem.shop\/fr\/wp-json\/wp\/v2\/product_brand?post=18645"},{"taxonomy":"product_cat","embeddable":true,"href":"https:\/\/westgem.shop\/fr\/wp-json\/wp\/v2\/product_cat?post=18645"},{"taxonomy":"product_tag","embeddable":true,"href":"https:\/\/westgem.shop\/fr\/wp-json\/wp\/v2\/product_tag?post=18645"}],"curies":[{"name":"wp","href":"https:\/\/api.w.org\/{rel}","templated":true}]}}