{"id":18658,"date":"2021-12-03T08:15:12","date_gmt":"2021-12-03T08:15:12","guid":{"rendered":"https:\/\/westgem.shop\/?post_type=product&#038;p=18658"},"modified":"2024-02-03T07:37:35","modified_gmt":"2024-02-03T07:37:35","slug":"tourmaline-noire-sur-quartz","status":"publish","type":"product","link":"https:\/\/westgem.shop\/fr\/produit\/tourmaline-noire-sur-quartz\/","title":{"rendered":"Tourmaline noire xx - Doce Valley"},"content":{"rendered":"<p><strong>Tourmalines noires brillantes<\/strong> &#8211;<strong> en matrice QUARZ<\/strong><\/p>\n<p>&nbsp;<\/p>\n<p><strong>Grande marche d\u00e9corative<\/strong> avec de beaux contrastes de couleurs noir - blanc<\/p>\n<p>Lieu de d\u00e9couverte -<strong> 1996 - Doce Valley - Sudeste - Br\u00e9sil<\/strong><\/p>\n<p>&nbsp;<\/p>\n<p><strong>poids : 3,7 kilogrammes<\/strong><\/p>\n<p>Dim : 20 x 16 x 15 cm<\/p>\n<p>&nbsp;<\/p>\n<p><strong>PRIX SP\u00c9CIAL ! !!<\/strong><\/p>","protected":false},"excerpt":{"rendered":"<p>Tourmaline noire brillante - en matrice QUARTZ Grande marche d\u00e9corative avec de beaux contrastes de couleurs noir - blanc Lieu de d\u00e9couverte - 1996 - Doce Valley - Sudeste - Br\u00e9sil Poids : 3,7 kilogrammes Dim. : 20 x 16 x 15 cm PRIX SPECIAL ! !!<\/p>","protected":false},"featured_media":18652,"template":"","meta":{"_acf_changed":false},"region":[60],"product_brand":[],"product_cat":[19],"product_tag":[],"class_list":{"0":"post-18658","1":"product","2":"type-product","3":"status-publish","4":"has-post-thumbnail","6":"region-suedamerika","7":"product_cat-kristallstufen","9":"first","10":"instock","11":"taxable","12":"shipping-taxable","13":"purchasable","14":"product-type-simple"},"acf":[],"_links":{"self":[{"href":"https:\/\/westgem.shop\/fr\/wp-json\/wp\/v2\/product\/18658","targetHints":{"allow":["GET"]}}],"collection":[{"href":"https:\/\/westgem.shop\/fr\/wp-json\/wp\/v2\/product"}],"about":[{"href":"https:\/\/westgem.shop\/fr\/wp-json\/wp\/v2\/types\/product"}],"wp:featuredmedia":[{"embeddable":true,"href":"https:\/\/westgem.shop\/fr\/wp-json\/wp\/v2\/media\/18652"}],"wp:attachment":[{"href":"https:\/\/westgem.shop\/fr\/wp-json\/wp\/v2\/media?parent=18658"}],"wp:term":[{"taxonomy":"region","embeddable":true,"href":"https:\/\/westgem.shop\/fr\/wp-json\/wp\/v2\/region?post=18658"},{"taxonomy":"product_brand","embeddable":true,"href":"https:\/\/westgem.shop\/fr\/wp-json\/wp\/v2\/product_brand?post=18658"},{"taxonomy":"product_cat","embeddable":true,"href":"https:\/\/westgem.shop\/fr\/wp-json\/wp\/v2\/product_cat?post=18658"},{"taxonomy":"product_tag","embeddable":true,"href":"https:\/\/westgem.shop\/fr\/wp-json\/wp\/v2\/product_tag?post=18658"}],"curies":[{"name":"wp","href":"https:\/\/api.w.org\/{rel}","templated":true}]}}