{"id":18665,"date":"2021-09-14T09:35:54","date_gmt":"2021-09-14T09:35:54","guid":{"rendered":"https:\/\/westgem.shop\/?post_type=product&#038;p=18665"},"modified":"2022-01-02T13:49:34","modified_gmt":"2022-01-02T13:49:34","slug":"calcedoine-bleu-pigeon-et-siderite-xx-huettenberg","status":"publish","type":"product","link":"https:\/\/westgem.shop\/fr\/produit\/calcedoine-bleu-pigeon-et-siderite-xx-huettenberg\/","title":{"rendered":"Calc\u00e9doine bleu pigeon et sid\u00e9rite xx - H\u00fcttenberg"},"content":{"rendered":"<p>Ancienne pi\u00e8ce - difficile \u00e0 obtenir.<\/p>\n<p><strong>calc\u00e9doine bleu pigeon et sid\u00e9rite xx - spath ferreux<\/strong><\/p>\n<p>La sid\u00e9rite est un minerai de fer pr\u00e9cieux dont la teneur en fer peut atteindre 50%.<\/p>\n<p><strong>H\u00fcttenberg en Carinthie - Autriche<\/strong><\/p>\n<p><strong>L'exploitation mini\u00e8re du fer nordique tant convoit\u00e9 de 300 avant J\u00e9sus-Christ \u00e0 1978<\/strong><\/p>\n<p>poids : 306 g<\/p>\n<p>Dim : 12 x 8 x 6 cm<\/p>","protected":false},"excerpt":{"rendered":"<p>Pi\u00e8ce ancienne - difficile \u00e0 obtenir. Calc\u00e9doine bleu pigeon et sid\u00e9rite xx - spath ferreux La sid\u00e9rite est un minerai de fer pr\u00e9cieux contenant jusqu'\u00e0 50% de fer. H\u00fcttenberg en Carinthie - Autriche L'exploitation mini\u00e8re du fer nordique tant convoit\u00e9 de 300 avant J\u00e9sus-Christ \u00e0 1978 Poids : 306 g Dim. : 12 x 8 x 6 cm<\/p>","protected":false},"featured_media":18666,"template":"","meta":{"_acf_changed":false},"region":[59],"product_brand":[],"product_cat":[22],"product_tag":[],"class_list":{"0":"post-18665","1":"product","2":"type-product","3":"status-publish","4":"has-post-thumbnail","6":"region-oesterreich","7":"product_cat-allgemein","9":"first","10":"outofstock","11":"taxable","12":"shipping-taxable","13":"purchasable","14":"product-type-simple"},"acf":[],"_links":{"self":[{"href":"https:\/\/westgem.shop\/fr\/wp-json\/wp\/v2\/product\/18665","targetHints":{"allow":["GET"]}}],"collection":[{"href":"https:\/\/westgem.shop\/fr\/wp-json\/wp\/v2\/product"}],"about":[{"href":"https:\/\/westgem.shop\/fr\/wp-json\/wp\/v2\/types\/product"}],"wp:featuredmedia":[{"embeddable":true,"href":"https:\/\/westgem.shop\/fr\/wp-json\/wp\/v2\/media\/18666"}],"wp:attachment":[{"href":"https:\/\/westgem.shop\/fr\/wp-json\/wp\/v2\/media?parent=18665"}],"wp:term":[{"taxonomy":"region","embeddable":true,"href":"https:\/\/westgem.shop\/fr\/wp-json\/wp\/v2\/region?post=18665"},{"taxonomy":"product_brand","embeddable":true,"href":"https:\/\/westgem.shop\/fr\/wp-json\/wp\/v2\/product_brand?post=18665"},{"taxonomy":"product_cat","embeddable":true,"href":"https:\/\/westgem.shop\/fr\/wp-json\/wp\/v2\/product_cat?post=18665"},{"taxonomy":"product_tag","embeddable":true,"href":"https:\/\/westgem.shop\/fr\/wp-json\/wp\/v2\/product_tag?post=18665"}],"curies":[{"name":"wp","href":"https:\/\/api.w.org\/{rel}","templated":true}]}}