{"id":18713,"date":"2021-09-02T08:12:25","date_gmt":"2021-09-02T08:12:25","guid":{"rendered":"https:\/\/westgem.shop\/?post_type=product&#038;p=18713"},"modified":"2024-02-03T07:38:53","modified_gmt":"2024-02-03T07:38:53","slug":"heliotrope-calcedoine-pierre-brute","status":"publish","type":"product","link":"https:\/\/westgem.shop\/fr\/produit\/heliotrope-calcedoine-pierre-brute\/","title":{"rendered":"H\u00e9liotrope - Pierre brute de calc\u00e9doine"},"content":{"rendered":"<p><strong>L'h\u00e9liotrope est une calc\u00e9doine opaque.<\/strong><\/p>\n<p><strong>La couleur verte est due \u00e0 des d\u00e9p\u00f4ts de hornblend - les lignes et les mouchetures rouges proviennent de l'oxyde de fer.<\/strong><\/p>\n<p>Ar\u00eates de rupture tr\u00e8s tranchantes - ces calc\u00e9doines \u00e9taient utilis\u00e9es comme armes et outils \u00e0 l'\u00e9poque pr\u00e9historique, \u00e0 l'instar du silex.<\/p>\n<p>Les appellations volontiers utilis\u00e9es dans l'\u00e9sot\u00e9risme, telles que jaspe sanguin, jaspe de Hildegarde et autres, ne sont \u00e9videmment pas correctes, car l'h\u00e9liotrope n'est PAS du jaspe.<\/p>\n<p>Les pierres brutes ne sont plus que rarement visibles ces derni\u00e8res ann\u00e9es.<\/p>\n<p>Cette pierre brute est taill\u00e9e sur un c\u00f4t\u00e9 - PAS polie.<\/p>\n<p>Lieu de d\u00e9couverte : P\u00e9ninsule du Gujarat - Inde<\/p>\n<p>Poids : 462 g<\/p>\n<p>Dim : 14 x 9 x 5 cm<\/p>","protected":false},"excerpt":{"rendered":"<p>L'h\u00e9liotrope est une calc\u00e9doine opaque. La couleur verte est due \u00e0 des incrustations de hornblend - les lignes et les mouchetures rouges proviennent de l'oxyde de fer. Ar\u00eates de rupture tr\u00e8s tranchantes - ces calc\u00e9doines \u00e9taient utilis\u00e9es comme armes et outils \u00e0 l'\u00e9poque pr\u00e9historique, \u00e0 l'instar du silex. Les appellations volontiers utilis\u00e9es dans l'\u00e9sot\u00e9risme, telles que jaspe sanguin, jaspe de Hildegarde et autres, ne sont bien s\u00fbr pas correctes, [...].<\/p>","protected":false},"featured_media":18704,"template":"","meta":{"_acf_changed":false},"region":[57],"product_brand":[],"product_cat":[16],"product_tag":[],"class_list":{"0":"post-18713","1":"product","2":"type-product","3":"status-publish","4":"has-post-thumbnail","6":"region-asien","7":"product_cat-rohsteine","9":"first","10":"instock","11":"taxable","12":"shipping-taxable","13":"purchasable","14":"product-type-simple"},"acf":[],"_links":{"self":[{"href":"https:\/\/westgem.shop\/fr\/wp-json\/wp\/v2\/product\/18713","targetHints":{"allow":["GET"]}}],"collection":[{"href":"https:\/\/westgem.shop\/fr\/wp-json\/wp\/v2\/product"}],"about":[{"href":"https:\/\/westgem.shop\/fr\/wp-json\/wp\/v2\/types\/product"}],"wp:featuredmedia":[{"embeddable":true,"href":"https:\/\/westgem.shop\/fr\/wp-json\/wp\/v2\/media\/18704"}],"wp:attachment":[{"href":"https:\/\/westgem.shop\/fr\/wp-json\/wp\/v2\/media?parent=18713"}],"wp:term":[{"taxonomy":"region","embeddable":true,"href":"https:\/\/westgem.shop\/fr\/wp-json\/wp\/v2\/region?post=18713"},{"taxonomy":"product_brand","embeddable":true,"href":"https:\/\/westgem.shop\/fr\/wp-json\/wp\/v2\/product_brand?post=18713"},{"taxonomy":"product_cat","embeddable":true,"href":"https:\/\/westgem.shop\/fr\/wp-json\/wp\/v2\/product_cat?post=18713"},{"taxonomy":"product_tag","embeddable":true,"href":"https:\/\/westgem.shop\/fr\/wp-json\/wp\/v2\/product_tag?post=18713"}],"curies":[{"name":"wp","href":"https:\/\/api.w.org\/{rel}","templated":true}]}}