{"id":18715,"date":"2021-12-27T09:08:41","date_gmt":"2021-12-27T09:08:41","guid":{"rendered":"https:\/\/westgem.shop\/?post_type=product&#038;p=18715"},"modified":"2024-02-03T07:37:20","modified_gmt":"2024-02-03T07:37:20","slug":"tourmaline-rouge-namibie","status":"publish","type":"product","link":"https:\/\/westgem.shop\/fr\/produit\/tourmaline-rouge-namibie\/","title":{"rendered":"Tourmalines rouges - Namibie"},"content":{"rendered":"<p><strong>Cristaux de tourmaline rouge dans une matrice de feldspath - quartz<\/strong><\/p>\n<p>Les cristaux de rubellite sont prismatiques dans le sens de la longueur, grossiers.<\/p>\n<p>Un niveau min\u00e9ral attrayant avec de bons contrastes de couleurs :<\/p>\n<p><strong>Rouge - tourmaline, blanc - feldspath, blanc transparent - quartz, violet - mica de lithium = l\u00e9pidolite<\/strong><\/p>\n<p>&nbsp;<\/p>\n<p>Lieu de d\u00e9couverte : <strong>Cara\u00efbes - R\u00e9gion d'Erongo - Namibie - Afrique<\/strong><\/p>\n<p><strong>poids : 1,3 kilogramme<\/strong><\/p>\n<p>Dim : 16 x 12 x 5 cm<\/p>\n<p><strong>SUPER PRIX<\/strong><\/p>","protected":false},"excerpt":{"rendered":"<p>Cristaux de tourmaline rouge dans une matrice de feldspath - quartz Les cristaux de rubellite sont prismatiques dans le sens de la longueur, grossiers. Etage min\u00e9ral attractif avec de bons contrastes de couleurs : Rouge - tourmaline, blanc - feldspath, blanc transparent - quartz, violet - mica lithium = l\u00e9pidolite Lieu de d\u00e9couverte : Karibib - r\u00e9gion Erongo - Namibie - Afrique Poids : 1,3 kilogramme Dim. : 16 x 12 [...]<\/p>","protected":false},"featured_media":18722,"template":"","meta":{"_acf_changed":false},"region":[62],"product_brand":[],"product_cat":[19],"product_tag":[],"class_list":{"0":"post-18715","1":"product","2":"type-product","3":"status-publish","4":"has-post-thumbnail","6":"region-afrika","7":"product_cat-kristallstufen","9":"first","10":"instock","11":"taxable","12":"shipping-taxable","13":"purchasable","14":"product-type-simple"},"acf":[],"_links":{"self":[{"href":"https:\/\/westgem.shop\/fr\/wp-json\/wp\/v2\/product\/18715","targetHints":{"allow":["GET"]}}],"collection":[{"href":"https:\/\/westgem.shop\/fr\/wp-json\/wp\/v2\/product"}],"about":[{"href":"https:\/\/westgem.shop\/fr\/wp-json\/wp\/v2\/types\/product"}],"wp:featuredmedia":[{"embeddable":true,"href":"https:\/\/westgem.shop\/fr\/wp-json\/wp\/v2\/media\/18722"}],"wp:attachment":[{"href":"https:\/\/westgem.shop\/fr\/wp-json\/wp\/v2\/media?parent=18715"}],"wp:term":[{"taxonomy":"region","embeddable":true,"href":"https:\/\/westgem.shop\/fr\/wp-json\/wp\/v2\/region?post=18715"},{"taxonomy":"product_brand","embeddable":true,"href":"https:\/\/westgem.shop\/fr\/wp-json\/wp\/v2\/product_brand?post=18715"},{"taxonomy":"product_cat","embeddable":true,"href":"https:\/\/westgem.shop\/fr\/wp-json\/wp\/v2\/product_cat?post=18715"},{"taxonomy":"product_tag","embeddable":true,"href":"https:\/\/westgem.shop\/fr\/wp-json\/wp\/v2\/product_tag?post=18715"}],"curies":[{"name":"wp","href":"https:\/\/api.w.org\/{rel}","templated":true}]}}