{"id":18744,"date":"2021-08-16T10:07:09","date_gmt":"2021-08-16T10:07:09","guid":{"rendered":"https:\/\/westgem.shop\/?post_type=product&#038;p=18744"},"modified":"2024-02-03T07:44:18","modified_gmt":"2024-02-03T07:44:18","slug":"beryl-bleu-dans-la-roche-mere","status":"publish","type":"product","link":"https:\/\/westgem.shop\/fr\/produit\/beryl-bleu-dans-la-roche-mere\/","title":{"rendered":"B\u00e9ryl bleu dans une pegmatite"},"content":{"rendered":"<p>Petit niveau attractif avec un min\u00e9ral c\u00e9l\u00e8bre.<\/p>\n<p><strong>Le b\u00e9ryl bleu - dont la vari\u00e9t\u00e9 cristalline transparente est l'aigue-marine.<\/strong><\/p>\n<p>Le b\u00e9ryl est assis dans une matrice de feldspath et de quartz transparent avec de la tourmaline noire.<\/p>\n<p>localisation de la trouvaille : vers 1995, Rio Grande do Norte, nord-est du Br\u00e9sil.<\/p>\n<p>poids : 182 g<\/p>\n<p>Dim : 9 x 5 x 5 cm<\/p>\n<p>&nbsp;<\/p>","protected":false},"excerpt":{"rendered":"<p>Un petit niveau attrayant avec un min\u00e9ral c\u00e9l\u00e8bre. Le b\u00e9ryl bleu, dont la vari\u00e9t\u00e9 cristalline transparente est la pierre pr\u00e9cieuse aigue-marine. Le b\u00e9ryl se trouve dans une matrice de feldspath et de quartz transparent avec de la tourmaline noire. Lieu de d\u00e9couverte : vers 1995, Rio Grande do Norte au nord-est du Br\u00e9sil Poids : 182 g Dim. : 9 x 5 x 5 cm &nbsp;<\/p>","protected":false},"featured_media":18735,"template":"","meta":{"_acf_changed":false},"region":[60],"product_brand":[],"product_cat":[22,19],"product_tag":[],"class_list":{"0":"post-18744","1":"product","2":"type-product","3":"status-publish","4":"has-post-thumbnail","6":"region-suedamerika","7":"product_cat-allgemein","8":"product_cat-kristallstufen","10":"first","11":"outofstock","12":"taxable","13":"shipping-taxable","14":"purchasable","15":"product-type-simple"},"acf":[],"_links":{"self":[{"href":"https:\/\/westgem.shop\/fr\/wp-json\/wp\/v2\/product\/18744","targetHints":{"allow":["GET"]}}],"collection":[{"href":"https:\/\/westgem.shop\/fr\/wp-json\/wp\/v2\/product"}],"about":[{"href":"https:\/\/westgem.shop\/fr\/wp-json\/wp\/v2\/types\/product"}],"wp:featuredmedia":[{"embeddable":true,"href":"https:\/\/westgem.shop\/fr\/wp-json\/wp\/v2\/media\/18735"}],"wp:attachment":[{"href":"https:\/\/westgem.shop\/fr\/wp-json\/wp\/v2\/media?parent=18744"}],"wp:term":[{"taxonomy":"region","embeddable":true,"href":"https:\/\/westgem.shop\/fr\/wp-json\/wp\/v2\/region?post=18744"},{"taxonomy":"product_brand","embeddable":true,"href":"https:\/\/westgem.shop\/fr\/wp-json\/wp\/v2\/product_brand?post=18744"},{"taxonomy":"product_cat","embeddable":true,"href":"https:\/\/westgem.shop\/fr\/wp-json\/wp\/v2\/product_cat?post=18744"},{"taxonomy":"product_tag","embeddable":true,"href":"https:\/\/westgem.shop\/fr\/wp-json\/wp\/v2\/product_tag?post=18744"}],"curies":[{"name":"wp","href":"https:\/\/api.w.org\/{rel}","templated":true}]}}