{"id":18760,"date":"2021-12-31T12:21:40","date_gmt":"2021-12-31T12:21:40","guid":{"rendered":"https:\/\/westgem.shop\/?post_type=product&#038;p=18760"},"modified":"2024-02-03T07:36:39","modified_gmt":"2024-02-03T07:36:39","slug":"crazy-lace-achat-pierre-brute","status":"publish","type":"product","link":"https:\/\/westgem.shop\/fr\/produit\/crazy-lace-achat-pierre-brute\/","title":{"rendered":"Crazy Lace - Mexique"},"content":{"rendered":"<p><strong>Pierre brute taill\u00e9e sur 3 c\u00f4t\u00e9s \u00e0 la scie diamant\u00e9e - NON polie.<\/strong><\/p>\n<p>&nbsp;<\/p>\n<p><strong>Vari\u00e9t\u00e9 de calc\u00e9doine relativement rare provenant du nord du Mexique.<\/strong><\/p>\n<p>La Crazy Lace (dentelle folle) pr\u00e9sente de superbes motifs et lignes et est donc \u00e9galement tr\u00e8s recherch\u00e9e comme pierre pr\u00e9cieuse.<\/p>\n<p><strong>Les bandes de calc\u00e9doine et d'agate sont des pseudomorphoses de la calcite et donnent ces motifs incroyables.<\/strong><\/p>\n<p><strong>Diff\u00e9rentes couleurs de mangan\u00e8se et de fer dans le quartz.<\/strong><\/p>\n<p>&nbsp;<\/p>\n<p>Lieu de d\u00e9couverte :<strong> Sierra Santa Lucia - Mexique<\/strong><\/p>\n<p>&nbsp;<\/p>\n<p><strong>poids : 1,3 kilogramme<\/strong><\/p>\n<p>Dim : 14 x 10 x 4 cm<\/p>\n<p>&nbsp;<\/p>\n<p>Une pi\u00e8ce formidable, sp\u00e9cialement pour les tailleurs amateurs et les fabricants de bijoux.<\/p>","protected":false},"excerpt":{"rendered":"<p>Pierre brute taill\u00e9e sur 3 c\u00f4t\u00e9s \u00e0 la scie \u00e0 diamants - NON polie.   Vari\u00e9t\u00e9 de calc\u00e9doine relativement rare en provenance du nord du Mexique. La Crazy Lace (dentelle folle) pr\u00e9sente de superbes motifs et lignes, ce qui en fait une pierre tr\u00e8s recherch\u00e9e pour la bijouterie. Les rubans de calc\u00e9doine et d'agate sont des pseudomorphoses de la calcite et donnent ces motifs incroyables. Diff\u00e9rentes couleurs de mangan\u00e8se [...].<\/p>","protected":false},"featured_media":18745,"template":"","meta":{"_acf_changed":false},"region":[61],"product_brand":[],"product_cat":[18],"product_tag":[],"class_list":{"0":"post-18760","1":"product","2":"type-product","3":"status-publish","4":"has-post-thumbnail","6":"region-nordamerika","7":"product_cat-geschliffene-einzelstucke","9":"first","10":"instock","11":"taxable","12":"shipping-taxable","13":"purchasable","14":"product-type-simple"},"acf":[],"_links":{"self":[{"href":"https:\/\/westgem.shop\/fr\/wp-json\/wp\/v2\/product\/18760","targetHints":{"allow":["GET"]}}],"collection":[{"href":"https:\/\/westgem.shop\/fr\/wp-json\/wp\/v2\/product"}],"about":[{"href":"https:\/\/westgem.shop\/fr\/wp-json\/wp\/v2\/types\/product"}],"wp:featuredmedia":[{"embeddable":true,"href":"https:\/\/westgem.shop\/fr\/wp-json\/wp\/v2\/media\/18745"}],"wp:attachment":[{"href":"https:\/\/westgem.shop\/fr\/wp-json\/wp\/v2\/media?parent=18760"}],"wp:term":[{"taxonomy":"region","embeddable":true,"href":"https:\/\/westgem.shop\/fr\/wp-json\/wp\/v2\/region?post=18760"},{"taxonomy":"product_brand","embeddable":true,"href":"https:\/\/westgem.shop\/fr\/wp-json\/wp\/v2\/product_brand?post=18760"},{"taxonomy":"product_cat","embeddable":true,"href":"https:\/\/westgem.shop\/fr\/wp-json\/wp\/v2\/product_cat?post=18760"},{"taxonomy":"product_tag","embeddable":true,"href":"https:\/\/westgem.shop\/fr\/wp-json\/wp\/v2\/product_tag?post=18760"}],"curies":[{"name":"wp","href":"https:\/\/api.w.org\/{rel}","templated":true}]}}