{"id":18896,"date":"2021-10-18T07:15:24","date_gmt":"2021-10-18T07:15:24","guid":{"rendered":"https:\/\/westgem.shop\/?post_type=product&#038;p=18896"},"modified":"2024-02-03T07:38:04","modified_gmt":"2024-02-03T07:38:04","slug":"top-chrysocolle","status":"publish","type":"product","link":"https:\/\/westgem.shop\/fr\/produit\/top-chrysocolle\/","title":{"rendered":"AA Chrysocolle - Ica\/P\u00e9rou"},"content":{"rendered":"<p>Chrysocolle de premi\u00e8re qualit\u00e9 provenant d'un ancien stock.<\/p>\n<p><strong>La couleur absolument top rappelle plut\u00f4t le turquoise de l'Arizona.<\/strong><\/p>\n<p><strong>Mine Lilly - Nazca - Ica - P\u00e9rou<\/strong><\/p>\n<p>poids : 630 g<\/p>\n<p>Dim : 10 x 8 x 7 cm<\/p>\n<p><strong>On ne trouve pratiquement plus de pi\u00e8ces de ce type sur le march\u00e9.<\/strong><\/p>\n<p><strong>OFFRE PROMOTIONNELLE - PRIX R\u00c9DUIT !<\/strong><\/p>\n<p>&nbsp;<\/p>","protected":false},"excerpt":{"rendered":"<p>Chrysocolle de premi\u00e8re qualit\u00e9 provenant d'un ancien stock. Une couleur qui rappelle plut\u00f4t la turquoise d'Arizona. Lilly Mine - Nazca - Ica - Peru Poids : 630 g Dim. : 10 x 8 x 7 cm De telles pi\u00e8ces sont pratiquement introuvables sur le march\u00e9. OFFRE PROMOTIONNELLE - PRIX R\u00c9DUIT ! &nbsp;<\/p>","protected":false},"featured_media":18851,"template":"","meta":{"_acf_changed":false},"region":[60],"product_brand":[],"product_cat":[16],"product_tag":[],"class_list":{"0":"post-18896","1":"product","2":"type-product","3":"status-publish","4":"has-post-thumbnail","6":"region-suedamerika","7":"product_cat-rohsteine","9":"first","10":"instock","11":"taxable","12":"shipping-taxable","13":"purchasable","14":"product-type-simple"},"acf":[],"_links":{"self":[{"href":"https:\/\/westgem.shop\/fr\/wp-json\/wp\/v2\/product\/18896","targetHints":{"allow":["GET"]}}],"collection":[{"href":"https:\/\/westgem.shop\/fr\/wp-json\/wp\/v2\/product"}],"about":[{"href":"https:\/\/westgem.shop\/fr\/wp-json\/wp\/v2\/types\/product"}],"wp:featuredmedia":[{"embeddable":true,"href":"https:\/\/westgem.shop\/fr\/wp-json\/wp\/v2\/media\/18851"}],"wp:attachment":[{"href":"https:\/\/westgem.shop\/fr\/wp-json\/wp\/v2\/media?parent=18896"}],"wp:term":[{"taxonomy":"region","embeddable":true,"href":"https:\/\/westgem.shop\/fr\/wp-json\/wp\/v2\/region?post=18896"},{"taxonomy":"product_brand","embeddable":true,"href":"https:\/\/westgem.shop\/fr\/wp-json\/wp\/v2\/product_brand?post=18896"},{"taxonomy":"product_cat","embeddable":true,"href":"https:\/\/westgem.shop\/fr\/wp-json\/wp\/v2\/product_cat?post=18896"},{"taxonomy":"product_tag","embeddable":true,"href":"https:\/\/westgem.shop\/fr\/wp-json\/wp\/v2\/product_tag?post=18896"}],"curies":[{"name":"wp","href":"https:\/\/api.w.org\/{rel}","templated":true}]}}