{"id":18898,"date":"2021-09-22T07:53:26","date_gmt":"2021-09-22T07:53:26","guid":{"rendered":"https:\/\/westgem.shop\/?post_type=product&#038;p=18898"},"modified":"2022-01-02T13:47:59","modified_gmt":"2022-01-02T13:47:59","slug":"pierre-brute-de-piete-bleue-namibienne","status":"publish","type":"product","link":"https:\/\/westgem.shop\/fr\/produit\/pierre-brute-de-piete-bleue-namibienne\/","title":{"rendered":"Pietersite bleue - Namibie"},"content":{"rendered":"<p>La pietersite a \u00e9t\u00e9 d\u00e9couverte tr\u00e8s tard, en 1962, par le Sud-Africain Sidney Pieters en Namibie.<\/p>\n<p><strong>La p\u00e9t\u00e9site est de la calc\u00e9doine avec des inclusions de min\u00e9raux amphiboles.<\/strong><\/p>\n<p><strong>Pierre brute coup\u00e9e des deux c\u00f4t\u00e9s<\/strong> - PAS polie.<\/p>\n<p>Le lieu de d\u00e9couverte est <strong>Kunene - Namibie - Afrique du Sud-Ouest<\/strong><\/p>\n<p>poids :\u00a0<strong> 1 kilogramme<\/strong><\/p>\n<p><strong>Dim : 33 x 8 x 4 cm<\/strong><\/p>","protected":false},"excerpt":{"rendered":"<p>La pietersite a \u00e9t\u00e9 d\u00e9couverte tr\u00e8s tard, en 1962, par le Sud-Africain Sidney Pieters en Namibie. La pietersite est une calc\u00e9doine avec des inclusions de min\u00e9raux amphiboles. Pierre brute taill\u00e9e des deux c\u00f4t\u00e9s - PAS polie. Lieu de d\u00e9couverte : Kunene - Namibie - Afrique du Sud-Ouest Poids : 1 kilogramme Dim : 33 x 8 x 4 cm<\/p>","protected":false},"featured_media":18854,"template":"","meta":{"_acf_changed":false},"region":[],"product_brand":[],"product_cat":[22],"product_tag":[],"class_list":{"0":"post-18898","1":"product","2":"type-product","3":"status-publish","4":"has-post-thumbnail","6":"product_cat-allgemein","8":"first","9":"outofstock","10":"taxable","11":"shipping-taxable","12":"purchasable","13":"product-type-simple"},"acf":[],"_links":{"self":[{"href":"https:\/\/westgem.shop\/fr\/wp-json\/wp\/v2\/product\/18898","targetHints":{"allow":["GET"]}}],"collection":[{"href":"https:\/\/westgem.shop\/fr\/wp-json\/wp\/v2\/product"}],"about":[{"href":"https:\/\/westgem.shop\/fr\/wp-json\/wp\/v2\/types\/product"}],"wp:featuredmedia":[{"embeddable":true,"href":"https:\/\/westgem.shop\/fr\/wp-json\/wp\/v2\/media\/18854"}],"wp:attachment":[{"href":"https:\/\/westgem.shop\/fr\/wp-json\/wp\/v2\/media?parent=18898"}],"wp:term":[{"taxonomy":"region","embeddable":true,"href":"https:\/\/westgem.shop\/fr\/wp-json\/wp\/v2\/region?post=18898"},{"taxonomy":"product_brand","embeddable":true,"href":"https:\/\/westgem.shop\/fr\/wp-json\/wp\/v2\/product_brand?post=18898"},{"taxonomy":"product_cat","embeddable":true,"href":"https:\/\/westgem.shop\/fr\/wp-json\/wp\/v2\/product_cat?post=18898"},{"taxonomy":"product_tag","embeddable":true,"href":"https:\/\/westgem.shop\/fr\/wp-json\/wp\/v2\/product_tag?post=18898"}],"curies":[{"name":"wp","href":"https:\/\/api.w.org\/{rel}","templated":true}]}}