{"id":18899,"date":"2021-09-25T08:36:04","date_gmt":"2021-09-25T08:36:04","guid":{"rendered":"https:\/\/westgem.shop\/?post_type=product&#038;p=18899"},"modified":"2022-01-02T13:46:17","modified_gmt":"2022-01-02T13:46:17","slug":"pierre-brute-de-jaspe-rouge","status":"publish","type":"product","link":"https:\/\/westgem.shop\/fr\/produit\/pierre-brute-de-jaspe-rouge\/","title":{"rendered":"Jaspe rouge - Kuruman\/Afrique du Sud"},"content":{"rendered":"<p><strong>Le jaspe est une vari\u00e9t\u00e9 de quartz microcristallin.<\/strong> - g\u00e9n\u00e9ralement tach\u00e9, ray\u00e9 ou br\u00e9chique.<\/p>\n<p>Diff\u00e9rentes couleurs et motifs gr\u00e2ce \u00e0 diff\u00e9rents oxydes de fer.<\/p>\n<p>On en trouve dans le monde entier, mais les sp\u00e9cimens d'un beau rouge uni sont plut\u00f4t rares.<\/p>\n<p>Cette pierre brute est taill\u00e9e d'un c\u00f4t\u00e9 - PAS polie.<\/p>\n<p><strong>localisation de la trouvaille : Transvaal Supergroup - Kuruman - Northern Cape - Afrique du Sud<\/strong><\/p>\n<p>Poids<strong>1,6 kilogramme<\/strong><\/p>\n<p>Dim : 23 x 20 x 9 cm<\/p>","protected":false},"excerpt":{"rendered":"<p>Le jaspe est une vari\u00e9t\u00e9 de quartz microcristallin - g\u00e9n\u00e9ralement tachet\u00e9, stri\u00e9 ou br\u00e9chique. Diff\u00e9rentes couleurs et motifs dus aux diff\u00e9rents oxydes de fer. On le trouve dans le monde entier, mais il est plut\u00f4t rare de trouver des exemplaires d'un beau rouge uni. Cette pierre brute est taill\u00e9e d'un c\u00f4t\u00e9 - PAS polie. Lieu de d\u00e9couverte : Transvaal Supergroup - Kuruman - Northern Cape - Afrique du Sud Poids : 1,6 kilogramme Dim. : 23 x 20 x 9 [...].<\/p>","protected":false},"featured_media":18872,"template":"","meta":{"_acf_changed":false},"region":[],"product_brand":[],"product_cat":[22],"product_tag":[],"class_list":{"0":"post-18899","1":"product","2":"type-product","3":"status-publish","4":"has-post-thumbnail","6":"product_cat-allgemein","8":"first","9":"outofstock","10":"taxable","11":"shipping-taxable","12":"purchasable","13":"product-type-simple"},"acf":[],"_links":{"self":[{"href":"https:\/\/westgem.shop\/fr\/wp-json\/wp\/v2\/product\/18899","targetHints":{"allow":["GET"]}}],"collection":[{"href":"https:\/\/westgem.shop\/fr\/wp-json\/wp\/v2\/product"}],"about":[{"href":"https:\/\/westgem.shop\/fr\/wp-json\/wp\/v2\/types\/product"}],"wp:featuredmedia":[{"embeddable":true,"href":"https:\/\/westgem.shop\/fr\/wp-json\/wp\/v2\/media\/18872"}],"wp:attachment":[{"href":"https:\/\/westgem.shop\/fr\/wp-json\/wp\/v2\/media?parent=18899"}],"wp:term":[{"taxonomy":"region","embeddable":true,"href":"https:\/\/westgem.shop\/fr\/wp-json\/wp\/v2\/region?post=18899"},{"taxonomy":"product_brand","embeddable":true,"href":"https:\/\/westgem.shop\/fr\/wp-json\/wp\/v2\/product_brand?post=18899"},{"taxonomy":"product_cat","embeddable":true,"href":"https:\/\/westgem.shop\/fr\/wp-json\/wp\/v2\/product_cat?post=18899"},{"taxonomy":"product_tag","embeddable":true,"href":"https:\/\/westgem.shop\/fr\/wp-json\/wp\/v2\/product_tag?post=18899"}],"curies":[{"name":"wp","href":"https:\/\/api.w.org\/{rel}","templated":true}]}}