{"id":18930,"date":"2021-12-31T12:18:04","date_gmt":"2021-12-31T12:18:04","guid":{"rendered":"https:\/\/westgem.shop\/?post_type=product&#038;p=18930"},"modified":"2024-02-03T07:32:18","modified_gmt":"2024-02-03T07:32:18","slug":"dendrolite-russie","status":"publish","type":"product","link":"https:\/\/westgem.shop\/fr\/produit\/dendrolite-russie\/","title":{"rendered":"Sp\u00e9cial - Petrified Wood - URAL"},"content":{"rendered":"<p><strong>Top DEKO pour les showrooms, les magasins de meubles, les h\u00f4tels, etc.<\/strong><\/p>\n<p><strong>Puissant - Attractif - D\u00e9coratif - Vieux de plusieurs millions d'ann\u00e9es.<\/strong><\/p>\n<p>&nbsp;<\/p>\n<p><strong>\u00a0BOIS P\u00c9TRIFI\u00c9\u00a0<\/strong><\/p>\n<p><strong>Disque \u00e0 grume complet avec \u00e9corce - poli d'un c\u00f4t\u00e9<\/strong><\/p>\n<p>&nbsp;<\/p>\n<p>Mine \u00e0 ciel ouvert de Karkinski - avec 500 m\u00e8tres - l'exploitation de charbon la plus profonde du monde<\/p>\n<p>Le charbon date de l'\u00e8re terrestre TRIAS = 200 - 250 millions d'ann\u00e9es<\/p>\n<p>Les couches exploit\u00e9es contiennent du bois p\u00e9trifi\u00e9 - voire des troncs entiers -.<\/p>\n<p>l'\u00e2ge exact n'est pas d\u00e9fini, mais se situe entre le Permien et le Pal\u00e9og\u00e8ne<\/p>\n<p>&nbsp;<\/p>\n<p><strong>Disque \u00e0 grume 60 x 75 x 8 cm <\/strong><\/p>\n<p><strong>POLI d'un c\u00f4t\u00e9- le tr\u00e8s bon polissage se voit aux reflets du chariot de transport sur les photos.<\/strong><\/p>\n<p><strong>65 Kg de poids<\/strong><\/p>\n<p>&nbsp;<\/p>\n<p>Lieu de d\u00e9couverte :<strong> Tcheliabinsk - Sud de l'Oural - Russie<\/strong><\/p>\n<p>&nbsp;<\/p>\n<p><strong>PRIX SPECIAL - PORTOFREE INCL. Frais de transport ( par transporteur sur palette) dans l'UE<\/strong><\/p>\n<p>Frais de port pour les pays hors UE sur demande.<\/p>\n<p>La derni\u00e8re photo est le verso non poli.<\/p>\n<p>&nbsp;<\/p>","protected":false},"excerpt":{"rendered":"<p>Top DEKO pour les showrooms, les magasins de meubles, les h\u00f4tels, etc. Puissant - Attractif - D\u00e9coratif - Vieux de plusieurs millions d'ann\u00e9es.    BOIS GRAVIS\u00c9 Disque de tronc complet avec \u00e9corce - poli d'un c\u00f4t\u00e9 Mine \u00e0 ciel ouvert Karkinski - avec 500 m\u00e8tres - extraction de charbon la plus profonde du monde Le charbon provient de l'\u00e8re g\u00e9ologique TRIAS = 200 - 250 millions d'ann\u00e9es Les couches extraites contiennent [...].<\/p>","protected":false},"featured_media":18903,"template":"","meta":{"_acf_changed":false},"region":[57],"product_brand":[],"product_cat":[17],"product_tag":[],"class_list":{"0":"post-18930","1":"product","2":"type-product","3":"status-publish","4":"has-post-thumbnail","6":"region-asien","7":"product_cat-fosilien","9":"first","10":"instock","11":"sold-individually","12":"taxable","13":"shipping-taxable","14":"purchasable","15":"product-type-simple"},"acf":[],"_links":{"self":[{"href":"https:\/\/westgem.shop\/fr\/wp-json\/wp\/v2\/product\/18930","targetHints":{"allow":["GET"]}}],"collection":[{"href":"https:\/\/westgem.shop\/fr\/wp-json\/wp\/v2\/product"}],"about":[{"href":"https:\/\/westgem.shop\/fr\/wp-json\/wp\/v2\/types\/product"}],"wp:featuredmedia":[{"embeddable":true,"href":"https:\/\/westgem.shop\/fr\/wp-json\/wp\/v2\/media\/18903"}],"wp:attachment":[{"href":"https:\/\/westgem.shop\/fr\/wp-json\/wp\/v2\/media?parent=18930"}],"wp:term":[{"taxonomy":"region","embeddable":true,"href":"https:\/\/westgem.shop\/fr\/wp-json\/wp\/v2\/region?post=18930"},{"taxonomy":"product_brand","embeddable":true,"href":"https:\/\/westgem.shop\/fr\/wp-json\/wp\/v2\/product_brand?post=18930"},{"taxonomy":"product_cat","embeddable":true,"href":"https:\/\/westgem.shop\/fr\/wp-json\/wp\/v2\/product_cat?post=18930"},{"taxonomy":"product_tag","embeddable":true,"href":"https:\/\/westgem.shop\/fr\/wp-json\/wp\/v2\/product_tag?post=18930"}],"curies":[{"name":"wp","href":"https:\/\/api.w.org\/{rel}","templated":true}]}}