{"id":18931,"date":"2022-07-18T12:04:53","date_gmt":"2022-07-18T12:04:53","guid":{"rendered":"https:\/\/westgem.shop\/?post_type=product&#038;p=18931"},"modified":"2024-02-03T07:41:51","modified_gmt":"2024-02-03T07:41:51","slug":"fer-de-tigre-plaque-polie-2","status":"publish","type":"product","link":"https:\/\/westgem.shop\/fr\/produit\/fer-de-tigre-plaque-polie-2\/","title":{"rendered":"Voyages en tigre - Afrique du Sud"},"content":{"rendered":"<p><strong>FER TIGRE - rectifi\u00e9 et poli sur une face.<\/strong><\/p>\n<p>&nbsp;<\/p>\n<p><strong style=\"font-family: -apple-system, BlinkMacSystemFont, 'Segoe UI', Roboto, Oxygen-Sans, Ubuntu, Cantarell, 'Helvetica Neue', sans-serif;\">Il est difficile de trouver des morceaux aussi grands.<\/strong><\/p>\n<p><strong>D\u00e9coration de premi\u00e8re classe avec effet optique WOW.<\/strong><\/p>\n<p><strong>Fer de tigre = JASPIS brun, veines m\u00e9talliques noires brillantes de MAGN\u00c9TITE\/H\u00c9MATITE et AUGE DE TIGRE dor\u00e9e - les parties blanches sont du quartz pur.<\/strong><\/p>\n<p>Les diff\u00e9rentes couches sont d\u00e9form\u00e9es de mani\u00e8re incurv\u00e9e par des mouvements tectoniques.<\/p>\n<p>&nbsp;<\/p>\n<p>Le lieu de d\u00e9couverte de la mati\u00e8re premi\u00e8re est<strong> Prieska - Cap Nord - Afrique du Sud<\/strong><\/p>\n<p>&nbsp;<\/p>\n<p><strong>Les veines noires m\u00e9talliques brillantes sont de la magn\u00e9tite\/h\u00e9matite, qui s'est \u00e9chapp\u00e9e sous forme de fer pur de fissures sous-marines il y a environ 1,6 milliard d'ann\u00e9es.<\/strong> - les autres composants se sont form\u00e9s par la suite.<\/p>\n<p>&nbsp;<\/p>\n<p><strong>La plaque est d\u00e9coup\u00e9e dans une grande pi\u00e8ce compacte et polie sur une face.<\/strong><\/p>\n<p>&nbsp;<\/p>\n<p>poids : <strong>3,2 kilogrammes<\/strong><\/p>\n<p>Dim :<strong> 340 x 320 x 10\u00a0<\/strong><\/p>\n<p>&nbsp;<\/p>\n<p><strong>PRIX SP\u00c9CIAL ! !!<\/strong><\/p>\n<p>&nbsp;<\/p>\n<p>La derni\u00e8re image montre le verso non poli<\/p>\n<p><strong>Taill\u00e9 et poli \u00e0 Idar Oberstein - Allemagne<\/strong><\/p>","protected":false},"excerpt":{"rendered":"<p>FER TIGRE - taill\u00e9 et poli sur une face.   Il est difficile de trouver des pi\u00e8ces aussi grandes. D\u00e9coration de premi\u00e8re classe avec effet optique WOW. Fer Tigre = JASPIS brun, veines m\u00e9talliques noires brillantes de MAGN\u00c9TITE\/H\u00c9MATITE et TIGREAUGE dor\u00e9 brillant - les parties blanches sont du quartz pur. Les diff\u00e9rentes couches sont d\u00e9form\u00e9es par les mouvements tectoniques.   La mati\u00e8re premi\u00e8re a \u00e9t\u00e9 trouv\u00e9e \u00e0 Prieska [...].<\/p>","protected":false},"featured_media":18933,"template":"","meta":{"_acf_changed":false},"region":[62],"product_brand":[],"product_cat":[18],"product_tag":[],"class_list":{"0":"post-18931","1":"product","2":"type-product","3":"status-publish","4":"has-post-thumbnail","6":"region-afrika","7":"product_cat-geschliffene-einzelstucke","9":"first","10":"outofstock","11":"sold-individually","12":"taxable","13":"shipping-taxable","14":"purchasable","15":"product-type-simple"},"acf":[],"_links":{"self":[{"href":"https:\/\/westgem.shop\/fr\/wp-json\/wp\/v2\/product\/18931","targetHints":{"allow":["GET"]}}],"collection":[{"href":"https:\/\/westgem.shop\/fr\/wp-json\/wp\/v2\/product"}],"about":[{"href":"https:\/\/westgem.shop\/fr\/wp-json\/wp\/v2\/types\/product"}],"wp:featuredmedia":[{"embeddable":true,"href":"https:\/\/westgem.shop\/fr\/wp-json\/wp\/v2\/media\/18933"}],"wp:attachment":[{"href":"https:\/\/westgem.shop\/fr\/wp-json\/wp\/v2\/media?parent=18931"}],"wp:term":[{"taxonomy":"region","embeddable":true,"href":"https:\/\/westgem.shop\/fr\/wp-json\/wp\/v2\/region?post=18931"},{"taxonomy":"product_brand","embeddable":true,"href":"https:\/\/westgem.shop\/fr\/wp-json\/wp\/v2\/product_brand?post=18931"},{"taxonomy":"product_cat","embeddable":true,"href":"https:\/\/westgem.shop\/fr\/wp-json\/wp\/v2\/product_cat?post=18931"},{"taxonomy":"product_tag","embeddable":true,"href":"https:\/\/westgem.shop\/fr\/wp-json\/wp\/v2\/product_tag?post=18931"}],"curies":[{"name":"wp","href":"https:\/\/api.w.org\/{rel}","templated":true}]}}