{"id":18955,"date":"2021-09-20T08:19:51","date_gmt":"2021-09-20T08:19:51","guid":{"rendered":"https:\/\/westgem.shop\/?post_type=product&#038;p=18955"},"modified":"2024-02-03T07:54:47","modified_gmt":"2024-02-03T07:54:47","slug":"quartz-amethyste","status":"publish","type":"product","link":"https:\/\/westgem.shop\/fr\/produit\/quartz-amethyste\/","title":{"rendered":"Quartz am\u00e9thyste - Jos Plateau\/Nigeria"},"content":{"rendered":"<p><strong>Plaque polie Quartz am\u00e9thyste<\/strong><\/p>\n<p><strong>Le quartz am\u00e9thyste est une fusion de quartz blanc opaque et de la vari\u00e9t\u00e9 de quartz violet am\u00e9thyste.<\/strong><\/p>\n<p>Belle pi\u00e8ce avec des contrastes de couleurs int\u00e9ressants.<\/p>\n<p>localisation de la trouvaille : Plateau de Jos - Nigeria - Afrique<\/p>\n<p>Taill\u00e9 et poli sur les deux faces \u00e0 Idar Oberstein - Allemagne<\/p>\n<p>poids :<strong> 880 g<\/strong><\/p>\n<p>Dim :\u00a0<strong> 20 x 14,5 x 1 cm<\/strong><\/p>\n<p>&nbsp;<\/p>","protected":false},"excerpt":{"rendered":"<p>Plaque polie Quartz am\u00e9thyste Le quartz am\u00e9thyste est une fusion de quartz blanc opaque et de la vari\u00e9t\u00e9 de quartz violet am\u00e9thyste. Belle pi\u00e8ce avec des contrastes de couleurs int\u00e9ressants. Lieu de d\u00e9couverte de la mati\u00e8re premi\u00e8re : Plateau de Jos - Nigeria - Afrique Taill\u00e9 et poli des deux c\u00f4t\u00e9s \u00e0 Idar Oberstein - Allemagne Poids : 880 g Dim. : 20 x 14,5 x 1 cm &nbsp;<\/p>","protected":false},"featured_media":18949,"template":"","meta":{"_acf_changed":false},"region":[62],"product_brand":[],"product_cat":[18],"product_tag":[],"class_list":{"0":"post-18955","1":"product","2":"type-product","3":"status-publish","4":"has-post-thumbnail","6":"region-afrika","7":"product_cat-geschliffene-einzelstucke","9":"first","10":"instock","11":"taxable","12":"shipping-taxable","13":"purchasable","14":"product-type-simple"},"acf":[],"_links":{"self":[{"href":"https:\/\/westgem.shop\/fr\/wp-json\/wp\/v2\/product\/18955","targetHints":{"allow":["GET"]}}],"collection":[{"href":"https:\/\/westgem.shop\/fr\/wp-json\/wp\/v2\/product"}],"about":[{"href":"https:\/\/westgem.shop\/fr\/wp-json\/wp\/v2\/types\/product"}],"wp:featuredmedia":[{"embeddable":true,"href":"https:\/\/westgem.shop\/fr\/wp-json\/wp\/v2\/media\/18949"}],"wp:attachment":[{"href":"https:\/\/westgem.shop\/fr\/wp-json\/wp\/v2\/media?parent=18955"}],"wp:term":[{"taxonomy":"region","embeddable":true,"href":"https:\/\/westgem.shop\/fr\/wp-json\/wp\/v2\/region?post=18955"},{"taxonomy":"product_brand","embeddable":true,"href":"https:\/\/westgem.shop\/fr\/wp-json\/wp\/v2\/product_brand?post=18955"},{"taxonomy":"product_cat","embeddable":true,"href":"https:\/\/westgem.shop\/fr\/wp-json\/wp\/v2\/product_cat?post=18955"},{"taxonomy":"product_tag","embeddable":true,"href":"https:\/\/westgem.shop\/fr\/wp-json\/wp\/v2\/product_tag?post=18955"}],"curies":[{"name":"wp","href":"https:\/\/api.w.org\/{rel}","templated":true}]}}