{"id":18984,"date":"2021-11-26T07:54:59","date_gmt":"2021-11-26T07:54:59","guid":{"rendered":"https:\/\/westgem.shop\/?post_type=product&#038;p=18984"},"modified":"2024-02-03T07:37:48","modified_gmt":"2024-02-03T07:37:48","slug":"heliotrope","status":"publish","type":"product","link":"https:\/\/westgem.shop\/fr\/produit\/heliotrope\/","title":{"rendered":"H\u00e9liotrope - Gujarat\/Inde"},"content":{"rendered":"<p><strong>L'h\u00e9liotrope est une vari\u00e9t\u00e9 opaque de calc\u00e9doine.<\/strong><\/p>\n<p>La couleur vert fonc\u00e9 provient d'incrustations de hornblend.<\/p>\n<p><strong>Les structures rouges typiques sont de l'oxyde de fer.<\/strong><\/p>\n<p>Il est rare de voir de telles pi\u00e8ces de premi\u00e8re qualit\u00e9.<\/p>\n<p>Le lieu de d\u00e9couverte de la mati\u00e8re premi\u00e8re est la <strong>P\u00e9ninsule du Gujarat en Inde.<\/strong><\/p>\n<p>poids : 156 g<\/p>\n<p>Dim : 9 x 7 x 2 cm<\/p>\n<p>&nbsp;<\/p>","protected":false},"excerpt":{"rendered":"<p>L'h\u00e9liotrope est une vari\u00e9t\u00e9 opaque de calc\u00e9doine. Sa couleur vert fonc\u00e9 provient d'inclusions de hornblend. Les structures rouges typiques sont des oxydes de fer. De telles pi\u00e8ces de premi\u00e8re qualit\u00e9 ne sont plus gu\u00e8re visibles. La mati\u00e8re premi\u00e8re se trouve dans la p\u00e9ninsule du Gujarat en Inde. Poids : 156 g Dim. : 9 x 7 x 2 cm &nbsp;<\/p>","protected":false},"featured_media":18959,"template":"","meta":{"_acf_changed":false},"region":[57],"product_brand":[],"product_cat":[18],"product_tag":[],"class_list":{"0":"post-18984","1":"product","2":"type-product","3":"status-publish","4":"has-post-thumbnail","6":"region-asien","7":"product_cat-geschliffene-einzelstucke","9":"first","10":"instock","11":"taxable","12":"shipping-taxable","13":"purchasable","14":"product-type-simple"},"acf":[],"_links":{"self":[{"href":"https:\/\/westgem.shop\/fr\/wp-json\/wp\/v2\/product\/18984","targetHints":{"allow":["GET"]}}],"collection":[{"href":"https:\/\/westgem.shop\/fr\/wp-json\/wp\/v2\/product"}],"about":[{"href":"https:\/\/westgem.shop\/fr\/wp-json\/wp\/v2\/types\/product"}],"wp:featuredmedia":[{"embeddable":true,"href":"https:\/\/westgem.shop\/fr\/wp-json\/wp\/v2\/media\/18959"}],"wp:attachment":[{"href":"https:\/\/westgem.shop\/fr\/wp-json\/wp\/v2\/media?parent=18984"}],"wp:term":[{"taxonomy":"region","embeddable":true,"href":"https:\/\/westgem.shop\/fr\/wp-json\/wp\/v2\/region?post=18984"},{"taxonomy":"product_brand","embeddable":true,"href":"https:\/\/westgem.shop\/fr\/wp-json\/wp\/v2\/product_brand?post=18984"},{"taxonomy":"product_cat","embeddable":true,"href":"https:\/\/westgem.shop\/fr\/wp-json\/wp\/v2\/product_cat?post=18984"},{"taxonomy":"product_tag","embeddable":true,"href":"https:\/\/westgem.shop\/fr\/wp-json\/wp\/v2\/product_tag?post=18984"}],"curies":[{"name":"wp","href":"https:\/\/api.w.org\/{rel}","templated":true}]}}