{"id":18985,"date":"2021-10-07T08:27:48","date_gmt":"2021-10-07T08:27:48","guid":{"rendered":"https:\/\/westgem.shop\/?post_type=product&#038;p=18985"},"modified":"2022-12-01T09:55:25","modified_gmt":"2022-12-01T09:55:25","slug":"fer-micace-koralpe-kaernten","status":"publish","type":"product","link":"https:\/\/westgem.shop\/fr\/produit\/fer-micace-koralpe-kaernten\/","title":{"rendered":"Fer micac\u00e9 - Koralpe\/Carinthie"},"content":{"rendered":"<p><strong>Fer micac\u00e9 noir = h\u00e9matite micac\u00e9e avec cristaux de pyrite dor\u00e9s et brillants.<\/strong><\/p>\n<p>&nbsp;<\/p>\n<p><strong>Lieu de la d\u00e9couverte : Waldenstein - Koralpe - Carinthie - Autriche<\/strong><\/p>\n<p>poids : 900 g<\/p>\n<p>Dim : 10 x 10 x 6 cm<\/p>","protected":false},"excerpt":{"rendered":"<p>Fer micac\u00e9 noir = h\u00e9matite micac\u00e9e avec cristaux de pyrite dor\u00e9s et brillants.   Lieu de la d\u00e9couverte : Waldenstein - Koralpe - Carinthie - Autriche Poids : 900 g Dim. : 10 x 10 x 6 cm<\/p>","protected":false},"featured_media":18965,"template":"","meta":{"_acf_changed":false},"region":[59],"product_brand":[],"product_cat":[22],"product_tag":[],"class_list":{"0":"post-18985","1":"product","2":"type-product","3":"status-publish","4":"has-post-thumbnail","6":"region-oesterreich","7":"product_cat-allgemein","9":"first","10":"outofstock","11":"taxable","12":"shipping-taxable","13":"purchasable","14":"product-type-simple"},"acf":[],"_links":{"self":[{"href":"https:\/\/westgem.shop\/fr\/wp-json\/wp\/v2\/product\/18985","targetHints":{"allow":["GET"]}}],"collection":[{"href":"https:\/\/westgem.shop\/fr\/wp-json\/wp\/v2\/product"}],"about":[{"href":"https:\/\/westgem.shop\/fr\/wp-json\/wp\/v2\/types\/product"}],"wp:featuredmedia":[{"embeddable":true,"href":"https:\/\/westgem.shop\/fr\/wp-json\/wp\/v2\/media\/18965"}],"wp:attachment":[{"href":"https:\/\/westgem.shop\/fr\/wp-json\/wp\/v2\/media?parent=18985"}],"wp:term":[{"taxonomy":"region","embeddable":true,"href":"https:\/\/westgem.shop\/fr\/wp-json\/wp\/v2\/region?post=18985"},{"taxonomy":"product_brand","embeddable":true,"href":"https:\/\/westgem.shop\/fr\/wp-json\/wp\/v2\/product_brand?post=18985"},{"taxonomy":"product_cat","embeddable":true,"href":"https:\/\/westgem.shop\/fr\/wp-json\/wp\/v2\/product_cat?post=18985"},{"taxonomy":"product_tag","embeddable":true,"href":"https:\/\/westgem.shop\/fr\/wp-json\/wp\/v2\/product_tag?post=18985"}],"curies":[{"name":"wp","href":"https:\/\/api.w.org\/{rel}","templated":true}]}}