{"id":19005,"date":"2021-10-02T14:10:50","date_gmt":"2021-10-02T14:10:50","guid":{"rendered":"https:\/\/westgem.shop\/?post_type=product&#038;p=19005"},"modified":"2024-02-03T07:38:42","modified_gmt":"2024-02-03T07:38:42","slug":"fluorite-xx-musquiz-mexico","status":"publish","type":"product","link":"https:\/\/westgem.shop\/fr\/produit\/fluorite-xx-musquiz-mexico\/","title":{"rendered":"Fluorite xx - Musquiz Mexico"},"content":{"rendered":"<p><strong>Pi\u00e8ces anciennes provenant de d\u00e9couvertes faites dans les ann\u00e9es 1980.<\/strong><\/p>\n<p><strong>Rares marches de fluorine violette avec de la c\u00e9lestine blanche xx<\/strong><\/p>\n<p><strong>Des cristaux cubiques, joliment transparents.<\/strong><\/p>\n<p>localisation de la trouvaille : Municipio Musquiz - La Entracada - Coahila - Mexico<\/p>\n<p>poids : 102 g<\/p>\n<p>Dim : 7,5 x 5 x 3 cm<\/p>","protected":false},"excerpt":{"rendered":"<p>Pi\u00e8ces anciennes provenant de d\u00e9couvertes faites dans les ann\u00e9es 1980. Rares marches de fluorine violette avec des cristaux blancs de c\u00e9lestine xx cubiques, bien transparents. Lieu de d\u00e9couverte : Municipio Musquiz - La Entracada - Coahila - Mexico Poids : 102 g Dim. : 7,5 x 5 x 3 cm<\/p>","protected":false},"featured_media":19006,"template":"","meta":{"_acf_changed":false},"region":[61],"product_brand":[],"product_cat":[19],"product_tag":[],"class_list":{"0":"post-19005","1":"product","2":"type-product","3":"status-publish","4":"has-post-thumbnail","6":"region-nordamerika","7":"product_cat-kristallstufen","9":"first","10":"instock","11":"taxable","12":"shipping-taxable","13":"purchasable","14":"product-type-simple"},"acf":[],"_links":{"self":[{"href":"https:\/\/westgem.shop\/fr\/wp-json\/wp\/v2\/product\/19005","targetHints":{"allow":["GET"]}}],"collection":[{"href":"https:\/\/westgem.shop\/fr\/wp-json\/wp\/v2\/product"}],"about":[{"href":"https:\/\/westgem.shop\/fr\/wp-json\/wp\/v2\/types\/product"}],"wp:featuredmedia":[{"embeddable":true,"href":"https:\/\/westgem.shop\/fr\/wp-json\/wp\/v2\/media\/19006"}],"wp:attachment":[{"href":"https:\/\/westgem.shop\/fr\/wp-json\/wp\/v2\/media?parent=19005"}],"wp:term":[{"taxonomy":"region","embeddable":true,"href":"https:\/\/westgem.shop\/fr\/wp-json\/wp\/v2\/region?post=19005"},{"taxonomy":"product_brand","embeddable":true,"href":"https:\/\/westgem.shop\/fr\/wp-json\/wp\/v2\/product_brand?post=19005"},{"taxonomy":"product_cat","embeddable":true,"href":"https:\/\/westgem.shop\/fr\/wp-json\/wp\/v2\/product_cat?post=19005"},{"taxonomy":"product_tag","embeddable":true,"href":"https:\/\/westgem.shop\/fr\/wp-json\/wp\/v2\/product_tag?post=19005"}],"curies":[{"name":"wp","href":"https:\/\/api.w.org\/{rel}","templated":true}]}}