{"id":19031,"date":"2021-08-27T13:30:22","date_gmt":"2021-08-27T13:30:22","guid":{"rendered":"https:\/\/westgem.shop\/?post_type=product&#038;p=19031"},"modified":"2024-02-03T07:50:14","modified_gmt":"2024-02-03T07:50:14","slug":"fluorite-xx-asturies","status":"publish","type":"product","link":"https:\/\/westgem.shop\/fr\/produit\/fluorite-xx-asturies\/","title":{"rendered":"Fluorite xx - Asturies"},"content":{"rendered":"<p>Niveau de fluorite avec des couleurs tr\u00e8s sp\u00e9ciales.<\/p>\n<p><strong>Excellents cristaux de fluorite brun miel\/jaune avec de la dolomite blanche comme la neige xx<\/strong><\/p>\n<p>D'un site tr\u00e8s connu :<\/p>\n<p><strong>\u00a0Mina Moscana - Villabona - Asturies - Espagne<\/strong><\/p>\n<p>poids : 77 g<\/p>\n<p>Dim : 6 x 5 x 3 cm<\/p>","protected":false},"excerpt":{"rendered":"<p>\u00c9tape de la fluorite avec des couleurs tr\u00e8s sp\u00e9ciales. Excellents cristaux de fluorite brun miel\/jaune avec de la dolomite blanche comme la neige xx D'un site tr\u00e8s connu : Mina Moscana - Villabona - Asturies - Espagne Poids : 77 g Dim. : 6 x 5 x 3 cm<\/p>","protected":false},"featured_media":19032,"template":"","meta":{"_acf_changed":false},"region":[],"product_brand":[],"product_cat":[22,19],"product_tag":[],"class_list":{"0":"post-19031","1":"product","2":"type-product","3":"status-publish","4":"has-post-thumbnail","6":"product_cat-allgemein","7":"product_cat-kristallstufen","9":"first","10":"outofstock","11":"taxable","12":"shipping-taxable","13":"purchasable","14":"product-type-simple"},"acf":[],"_links":{"self":[{"href":"https:\/\/westgem.shop\/fr\/wp-json\/wp\/v2\/product\/19031","targetHints":{"allow":["GET"]}}],"collection":[{"href":"https:\/\/westgem.shop\/fr\/wp-json\/wp\/v2\/product"}],"about":[{"href":"https:\/\/westgem.shop\/fr\/wp-json\/wp\/v2\/types\/product"}],"wp:featuredmedia":[{"embeddable":true,"href":"https:\/\/westgem.shop\/fr\/wp-json\/wp\/v2\/media\/19032"}],"wp:attachment":[{"href":"https:\/\/westgem.shop\/fr\/wp-json\/wp\/v2\/media?parent=19031"}],"wp:term":[{"taxonomy":"region","embeddable":true,"href":"https:\/\/westgem.shop\/fr\/wp-json\/wp\/v2\/region?post=19031"},{"taxonomy":"product_brand","embeddable":true,"href":"https:\/\/westgem.shop\/fr\/wp-json\/wp\/v2\/product_brand?post=19031"},{"taxonomy":"product_cat","embeddable":true,"href":"https:\/\/westgem.shop\/fr\/wp-json\/wp\/v2\/product_cat?post=19031"},{"taxonomy":"product_tag","embeddable":true,"href":"https:\/\/westgem.shop\/fr\/wp-json\/wp\/v2\/product_tag?post=19031"}],"curies":[{"name":"wp","href":"https:\/\/api.w.org\/{rel}","templated":true}]}}