{"id":19072,"date":"2022-07-12T13:05:40","date_gmt":"2022-07-12T13:05:40","guid":{"rendered":"https:\/\/westgem.shop\/?post_type=product&#038;p=19072"},"modified":"2024-02-03T07:33:17","modified_gmt":"2024-02-03T07:33:17","slug":"fluorite-xx-coelestin-xx-el-thule","status":"publish","type":"product","link":"https:\/\/westgem.shop\/fr\/produit\/fluorite-xx-coelestin-xx-el-thule\/","title":{"rendered":"Fluorite &amp; C\u00e9lestin xx - El Thule"},"content":{"rendered":"<p><strong>Cristaux de fluorine violet clair avec de la c\u00e9lestine blanche xx<\/strong><\/p>\n<p>Beau sp\u00e9cimen provenant des c\u00e9l\u00e8bres gisements de spath fluor du Mexique.<\/p>\n<p><strong>El Thule - Sierra Tamaulipeca - Coahila - Mexique<\/strong><\/p>\n<p>Poids : 250 g<\/p>\n<p>Dim : 9. x 6 x 4 cm<\/p>","protected":false},"excerpt":{"rendered":"<p>Cristaux de fluorine violet clair avec de la c\u00e9lestine blanche xx Belle pi\u00e8ce justificative des c\u00e9l\u00e8bres gisements de spath fluor au Mexique. El Thule - Sierra Tamaulipeca - Coahila - Mexico Poids : 250 g Dim. : 9. x 6 x 4 cm<\/p>","protected":false},"featured_media":19063,"template":"","meta":{"_acf_changed":false},"region":[61],"product_brand":[],"product_cat":[19],"product_tag":[],"class_list":{"0":"post-19072","1":"product","2":"type-product","3":"status-publish","4":"has-post-thumbnail","6":"region-nordamerika","7":"product_cat-kristallstufen","9":"first","10":"instock","11":"taxable","12":"shipping-taxable","13":"purchasable","14":"product-type-simple"},"acf":[],"_links":{"self":[{"href":"https:\/\/westgem.shop\/fr\/wp-json\/wp\/v2\/product\/19072","targetHints":{"allow":["GET"]}}],"collection":[{"href":"https:\/\/westgem.shop\/fr\/wp-json\/wp\/v2\/product"}],"about":[{"href":"https:\/\/westgem.shop\/fr\/wp-json\/wp\/v2\/types\/product"}],"wp:featuredmedia":[{"embeddable":true,"href":"https:\/\/westgem.shop\/fr\/wp-json\/wp\/v2\/media\/19063"}],"wp:attachment":[{"href":"https:\/\/westgem.shop\/fr\/wp-json\/wp\/v2\/media?parent=19072"}],"wp:term":[{"taxonomy":"region","embeddable":true,"href":"https:\/\/westgem.shop\/fr\/wp-json\/wp\/v2\/region?post=19072"},{"taxonomy":"product_brand","embeddable":true,"href":"https:\/\/westgem.shop\/fr\/wp-json\/wp\/v2\/product_brand?post=19072"},{"taxonomy":"product_cat","embeddable":true,"href":"https:\/\/westgem.shop\/fr\/wp-json\/wp\/v2\/product_cat?post=19072"},{"taxonomy":"product_tag","embeddable":true,"href":"https:\/\/westgem.shop\/fr\/wp-json\/wp\/v2\/product_tag?post=19072"}],"curies":[{"name":"wp","href":"https:\/\/api.w.org\/{rel}","templated":true}]}}