{"id":19073,"date":"2021-12-30T13:29:37","date_gmt":"2021-12-30T13:29:37","guid":{"rendered":"https:\/\/westgem.shop\/?post_type=product&#038;p=19073"},"modified":"2024-02-03T07:36:51","modified_gmt":"2024-02-03T07:36:51","slug":"fluorites-brunes-et-bleues-rares","status":"publish","type":"product","link":"https:\/\/westgem.shop\/fr\/produit\/fluorites-brunes-et-bleues-rares\/","title":{"rendered":"FLUORIT Sp\u00e9cial - Brown &amp; Blue xx"},"content":{"rendered":"<p><strong>Couleurs rares de FLUORITE\u00a0<\/strong><\/p>\n<p>&nbsp;<\/p>\n<p><strong>Cristaux de FLUORITE cubique xx bruns et bleus \u00e0 un niveau particulier.<\/strong><\/p>\n<p>&nbsp;<\/p>\n<p><strong>\u00a0D\u00e9couvertes des ann\u00e9es 1990<\/strong><\/p>\n<p><strong>Bingham - District de Hansonburg - Nouveau Mexique - \u00c9tats-Unis<\/strong><\/p>\n<p>poids : 377g<\/p>\n<p>Dim : <strong>12 x 6 x 6 cm<\/strong><\/p>","protected":false},"excerpt":{"rendered":"<p>Rare couleur de FLUORITE Brun et bleu xx cristaux cubiques de FLUORITE \u00e0 un niveau particulier.    D\u00e9couverte dans les ann\u00e9es 1990 Bingham - Hansonburg District - Nouveau Mexique - USA Poids : 377g Dim. : 12 x 6 x 6 cm<\/p>","protected":false},"featured_media":19051,"template":"","meta":{"_acf_changed":false},"region":[61],"product_brand":[],"product_cat":[19],"product_tag":[],"class_list":{"0":"post-19073","1":"product","2":"type-product","3":"status-publish","4":"has-post-thumbnail","6":"region-nordamerika","7":"product_cat-kristallstufen","9":"first","10":"instock","11":"taxable","12":"shipping-taxable","13":"purchasable","14":"product-type-simple"},"acf":[],"_links":{"self":[{"href":"https:\/\/westgem.shop\/fr\/wp-json\/wp\/v2\/product\/19073","targetHints":{"allow":["GET"]}}],"collection":[{"href":"https:\/\/westgem.shop\/fr\/wp-json\/wp\/v2\/product"}],"about":[{"href":"https:\/\/westgem.shop\/fr\/wp-json\/wp\/v2\/types\/product"}],"wp:featuredmedia":[{"embeddable":true,"href":"https:\/\/westgem.shop\/fr\/wp-json\/wp\/v2\/media\/19051"}],"wp:attachment":[{"href":"https:\/\/westgem.shop\/fr\/wp-json\/wp\/v2\/media?parent=19073"}],"wp:term":[{"taxonomy":"region","embeddable":true,"href":"https:\/\/westgem.shop\/fr\/wp-json\/wp\/v2\/region?post=19073"},{"taxonomy":"product_brand","embeddable":true,"href":"https:\/\/westgem.shop\/fr\/wp-json\/wp\/v2\/product_brand?post=19073"},{"taxonomy":"product_cat","embeddable":true,"href":"https:\/\/westgem.shop\/fr\/wp-json\/wp\/v2\/product_cat?post=19073"},{"taxonomy":"product_tag","embeddable":true,"href":"https:\/\/westgem.shop\/fr\/wp-json\/wp\/v2\/product_tag?post=19073"}],"curies":[{"name":"wp","href":"https:\/\/api.w.org\/{rel}","templated":true}]}}