{"id":19092,"date":"2021-10-10T13:52:12","date_gmt":"2021-10-10T13:52:12","guid":{"rendered":"https:\/\/westgem.shop\/?post_type=product&#038;p=19092"},"modified":"2024-02-03T07:38:15","modified_gmt":"2024-02-03T07:38:15","slug":"fluorite-xx-asturies-espagne","status":"publish","type":"product","link":"https:\/\/westgem.shop\/fr\/produit\/fluorite-xx-asturies-espagne\/","title":{"rendered":"Fluorite xx - Asturies\/Espagne"},"content":{"rendered":"<p><strong>Cristaux de fluorite jaune miel, tr\u00e8s brillants, avec de minuscules pyrites xx<\/strong><\/p>\n<p>Le premier niveau d'un site c\u00e9l\u00e8bre :<\/p>\n<p><strong>Mina Moscana - Villabona - Solis - Asturies - Espagne<\/strong><\/p>\n<p>poids : 90 g<\/p>\n<p>Dim : 7 x 5 x 4 cm<\/p>","protected":false},"excerpt":{"rendered":"<p>Cristaux de fluorite jaune miel, tr\u00e8s brillants, avec de minuscules pyrites xx, provenant d'un site c\u00e9l\u00e8bre : Mina Moscana - Villabona - Solis - Asturies - Espagne Poids : 90 g Dim. : 7 x 5 x 4 cm<\/p>","protected":false},"featured_media":19074,"template":"","meta":{"_acf_changed":false},"region":[58],"product_brand":[],"product_cat":[19],"product_tag":[],"class_list":{"0":"post-19092","1":"product","2":"type-product","3":"status-publish","4":"has-post-thumbnail","6":"region-europa","7":"product_cat-kristallstufen","9":"first","10":"instock","11":"taxable","12":"shipping-taxable","13":"purchasable","14":"product-type-simple"},"acf":[],"_links":{"self":[{"href":"https:\/\/westgem.shop\/fr\/wp-json\/wp\/v2\/product\/19092","targetHints":{"allow":["GET"]}}],"collection":[{"href":"https:\/\/westgem.shop\/fr\/wp-json\/wp\/v2\/product"}],"about":[{"href":"https:\/\/westgem.shop\/fr\/wp-json\/wp\/v2\/types\/product"}],"wp:featuredmedia":[{"embeddable":true,"href":"https:\/\/westgem.shop\/fr\/wp-json\/wp\/v2\/media\/19074"}],"wp:attachment":[{"href":"https:\/\/westgem.shop\/fr\/wp-json\/wp\/v2\/media?parent=19092"}],"wp:term":[{"taxonomy":"region","embeddable":true,"href":"https:\/\/westgem.shop\/fr\/wp-json\/wp\/v2\/region?post=19092"},{"taxonomy":"product_brand","embeddable":true,"href":"https:\/\/westgem.shop\/fr\/wp-json\/wp\/v2\/product_brand?post=19092"},{"taxonomy":"product_cat","embeddable":true,"href":"https:\/\/westgem.shop\/fr\/wp-json\/wp\/v2\/product_cat?post=19092"},{"taxonomy":"product_tag","embeddable":true,"href":"https:\/\/westgem.shop\/fr\/wp-json\/wp\/v2\/product_tag?post=19092"}],"curies":[{"name":"wp","href":"https:\/\/api.w.org\/{rel}","templated":true}]}}