{"id":19247,"date":"2022-06-10T13:50:26","date_gmt":"2022-06-10T13:50:26","guid":{"rendered":"https:\/\/westgem.shop\/?post_type=product&#038;p=19247"},"modified":"2024-02-03T07:35:52","modified_gmt":"2024-02-03T07:35:52","slug":"tourmalines-noires-dans-et-sur-le-mica-muscovite","status":"publish","type":"product","link":"https:\/\/westgem.shop\/fr\/produit\/tourmalines-noires-dans-et-sur-le-mica-muscovite\/","title":{"rendered":"Tourmalines noires - Saualpe\/Carinthie"},"content":{"rendered":"<p>&nbsp;<\/p>\n<p><strong>Cristaux de tourmaline d'un noir profond sur mica muscovite ultra-brillant<\/strong><\/p>\n<p>Cette pi\u00e8ce provient d'un ancien stock d'un collectionneur de Carinthie, malheureusement sans description - nous ne pouvons malheureusement plus demander au collectionneur.<\/p>\n<p>Apr\u00e8s de nombreuses recherches, nous pouvons d\u00e9terminer le lieu de la d\u00e9couverte dans une certaine mesure, car nous n'avons trouv\u00e9 nulle part des pi\u00e8ces comparables.<\/p>\n<p><strong>Sur la Saualpe de Carinthie - une cha\u00eene de montagnes \u00e0 l'est de la Carinthie - d'environ 20 km de long et 2.000 m\u00e8tres d'altitude -<\/strong><\/p>\n<p><strong>\u00e0 partir de 1940, il y avait une exploitation \u00e0 ciel ouvert de mica, puis l'exploitation a \u00e9t\u00e9 arr\u00eat\u00e9e au d\u00e9but de 1960.<\/strong><\/p>\n<p>Leonhard auf der Saualpe - grands paquets de mica d'aluminium et de muscovite tr\u00e8s brillants<\/p>\n<p>Dans cette r\u00e9gion, on trouve aussi de la tourmaline, du grenat, du quartz, etc.<\/p>\n<p><strong>La Saualpe est l'une des r\u00e9gions les plus riches en min\u00e9raux au monde, avec plusieurs localit\u00e9s types -<\/strong><\/p>\n<p><strong>par exemple l'\u00e9cologite, la zo\u00efsite, la l\u0153llingite et des mines c\u00e9l\u00e8bres comme H\u00fcttenberg.<\/strong><\/p>\n<p><strong>Pi\u00e8ce unique<\/strong><\/p>\n<p><strong>Un prix unique<\/strong><\/p>\n<p><strong>Poids : 570 g<\/strong><\/p>\n<p>Dim : 12,5 x 7 x 6 cm<\/p>\n<p><strong>L'\u00e9clat du mica muscovite sur la face sup\u00e9rieure est beaucoup plus intense en r\u00e9alit\u00e9 que ce que l'on voit sur les photos.<\/strong><\/p>\n<p>&nbsp;<\/p>","protected":false},"excerpt":{"rendered":"<p>&nbsp; Cette pi\u00e8ce provient d'un ancien stock d'un collectionneur de Carinthie, malheureusement sans description - nous ne pouvons malheureusement plus demander au collectionneur. Apr\u00e8s de nombreuses recherches, nous pouvons d\u00e9terminer le lieu de la d\u00e9couverte, car nous n'avons trouv\u00e9 nulle part des pi\u00e8ces comparables. Sur la Saualpe de Carinthie - une cha\u00eene de montagnes \u00e0 l'est de [...].<\/p>","protected":false},"featured_media":19266,"template":"","meta":{"_acf_changed":false},"region":[59],"product_brand":[],"product_cat":[19],"product_tag":[],"class_list":{"0":"post-19247","1":"product","2":"type-product","3":"status-publish","4":"has-post-thumbnail","6":"region-oesterreich","7":"product_cat-kristallstufen","9":"first","10":"instock","11":"taxable","12":"shipping-taxable","13":"purchasable","14":"product-type-simple"},"acf":[],"_links":{"self":[{"href":"https:\/\/westgem.shop\/fr\/wp-json\/wp\/v2\/product\/19247","targetHints":{"allow":["GET"]}}],"collection":[{"href":"https:\/\/westgem.shop\/fr\/wp-json\/wp\/v2\/product"}],"about":[{"href":"https:\/\/westgem.shop\/fr\/wp-json\/wp\/v2\/types\/product"}],"wp:featuredmedia":[{"embeddable":true,"href":"https:\/\/westgem.shop\/fr\/wp-json\/wp\/v2\/media\/19266"}],"wp:attachment":[{"href":"https:\/\/westgem.shop\/fr\/wp-json\/wp\/v2\/media?parent=19247"}],"wp:term":[{"taxonomy":"region","embeddable":true,"href":"https:\/\/westgem.shop\/fr\/wp-json\/wp\/v2\/region?post=19247"},{"taxonomy":"product_brand","embeddable":true,"href":"https:\/\/westgem.shop\/fr\/wp-json\/wp\/v2\/product_brand?post=19247"},{"taxonomy":"product_cat","embeddable":true,"href":"https:\/\/westgem.shop\/fr\/wp-json\/wp\/v2\/product_cat?post=19247"},{"taxonomy":"product_tag","embeddable":true,"href":"https:\/\/westgem.shop\/fr\/wp-json\/wp\/v2\/product_tag?post=19247"}],"curies":[{"name":"wp","href":"https:\/\/api.w.org\/{rel}","templated":true}]}}